{"id":5437,"date":"2024-03-11T11:29:35","date_gmt":"2024-03-11T10:29:35","guid":{"rendered":"https:\/\/www.hz-hoeren.ch\/?post_type=product&#038;p=5437"},"modified":"2025-04-15T09:59:34","modified_gmt":"2025-04-15T07:59:34","slug":"reveil-de-voyage-travel-tim","status":"publish","type":"product","link":"https:\/\/www.hz-hoeren.ch\/fr\/produit\/reveil-de-voyage-travel-tim\/","title":{"rendered":"R\u00e9veil de voyage Travel Tim"},"content":{"rendered":"<p>Le jeune r\u00e9veil de voyage compact au design frais vous rappelle qu'il est temps de vous lever gr\u00e2ce \u00e0 de fortes vibrations. L'un de nos produits les plus vendus !<\/p>\n<ul>\n<li>Horloge \u00e9lectronique num\u00e9rique, fonctionnant sur piles - donc ind\u00e9pendante du r\u00e9seau.<\/li>\n<li>De fortes impulsions vibratoires<\/li>\n<li>Alarme par vibration ou buzzer (commutable), avec LED lumineuse suppl\u00e9mentaire<\/li>\n<li>Affichage 24 heures \u00e9clair\u00e9<\/li>\n<li>Le couvercle de protection des commandes sert \u00e9galement de support d'installation.<\/li>\n<li>Possibilit\u00e9 de raccordement de modules de signalisation compl\u00e9mentaires : coussin vibrant et syst\u00e8me de vibration<\/li>\n<\/ul>\n<table>\n<tbody>\n<tr>\n<td>travelTim noir\/vert citron <span class=\"refno\">(A-3020-0)<\/span><\/td>\n<\/tr>\n<tr>\n<td>travelTim noir\/magenta <span class=\"refno\">(A-3020-M)<\/span><\/td>\n<\/tr>\n<\/tbody>\n<\/table>","protected":false},"excerpt":{"rendered":"<p>Ce jeune r\u00e9veil de voyage compact au design frais vous rappelle quand il est l'heure de vous lever gr\u00e2ce \u00e0 de puissantes impulsions vibratoires. L'un de nos produits les plus vendus ! Horloge \u00e9lectronique num\u00e9rique, fonctionnant sur piles - donc ind\u00e9pendante du secteur Fortes impulsions vibrantes Alarme vibrante ou sonore (commutable), avec LED claire suppl\u00e9mentaire Affichage lumineux des 24 heures Le couvercle de protection des \u00e9l\u00e9ments de commande sert \u00e9galement d'\u00e9querre de positionnement Possibilit\u00e9 de raccordement pour modules de signalisation compl\u00e9mentaires : Coussin vibrant et syst\u00e8me de [...]<\/p>","protected":false},"featured_media":5440,"template":"","meta":{"_seopress_robots_primary_cat":"","_seopress_titles_title":"","_seopress_titles_desc":"","_seopress_robots_index":"","site-sidebar-layout":"default","site-content-layout":"","ast-site-content-layout":"default","site-content-style":"default","site-sidebar-style":"default","ast-global-header-display":"","ast-banner-title-visibility":"","ast-main-header-display":"","ast-hfb-above-header-display":"","ast-hfb-below-header-display":"","ast-hfb-mobile-header-display":"","site-post-title":"","ast-breadcrumbs-content":"","ast-featured-img":"","footer-sml-layout":"","theme-transparent-header-meta":"default","adv-header-id-meta":"","stick-header-meta":"default","header-above-stick-meta":"","header-main-stick-meta":"","header-below-stick-meta":"","astra-migrate-meta-layouts":"set","ast-page-background-enabled":"default","ast-page-background-meta":{"desktop":{"background-color":"","background-image":"","background-repeat":"repeat","background-position":"center center","background-size":"auto","background-attachment":"scroll","background-type":"","background-media":"","overlay-type":"","overlay-color":"","overlay-opacity":"","overlay-gradient":""},"tablet":{"background-color":"","background-image":"","background-repeat":"repeat","background-position":"center center","background-size":"auto","background-attachment":"scroll","background-type":"","background-media":"","overlay-type":"","overlay-color":"","overlay-opacity":"","overlay-gradient":""},"mobile":{"background-color":"","background-image":"","background-repeat":"repeat","background-position":"center center","background-size":"auto","background-attachment":"scroll","background-type":"","background-media":"","overlay-type":"","overlay-color":"","overlay-opacity":"","overlay-gradient":""}},"ast-content-background-meta":{"desktop":{"background-color":"var(--ast-global-color-5)","background-image":"","background-repeat":"repeat","background-position":"center center","background-size":"auto","background-attachment":"scroll","background-type":"","background-media":"","overlay-type":"","overlay-color":"","overlay-opacity":"","overlay-gradient":""},"tablet":{"background-color":"var(--ast-global-color-5)","background-image":"","background-repeat":"repeat","background-position":"center center","background-size":"auto","background-attachment":"scroll","background-type":"","background-media":"","overlay-type":"","overlay-color":"","overlay-opacity":"","overlay-gradient":""},"mobile":{"background-color":"var(--ast-global-color-5)","background-image":"","background-repeat":"repeat","background-position":"center center","background-size":"auto","background-attachment":"scroll","background-type":"","background-media":"","overlay-type":"","overlay-color":"","overlay-opacity":"","overlay-gradient":""}},"iawp_total_views":136},"product_brand":[],"product_cat":[15],"product_tag":[],"class_list":{"0":"post-5437","1":"product","2":"type-product","3":"status-publish","4":"has-post-thumbnail","6":"product_cat-unkategorisiert","7":"desktop-align-center","8":"tablet-align-center","9":"mobile-align-center","10":"ast-product-gallery-layout-horizontal","11":"ast-product-gallery-with-no-image","12":"ast-magnify-disabled","13":"ast-product-tabs-layout-horizontal","15":"first","16":"instock","17":"taxable","18":"shipping-taxable","19":"purchasable","20":"product-type-simple"},"_links":{"self":[{"href":"https:\/\/www.hz-hoeren.ch\/fr\/wp-json\/wp\/v2\/product\/5437","targetHints":{"allow":["GET"]}}],"collection":[{"href":"https:\/\/www.hz-hoeren.ch\/fr\/wp-json\/wp\/v2\/product"}],"about":[{"href":"https:\/\/www.hz-hoeren.ch\/fr\/wp-json\/wp\/v2\/types\/product"}],"wp:featuredmedia":[{"embeddable":true,"href":"https:\/\/www.hz-hoeren.ch\/fr\/wp-json\/wp\/v2\/media\/5440"}],"wp:attachment":[{"href":"https:\/\/www.hz-hoeren.ch\/fr\/wp-json\/wp\/v2\/media?parent=5437"}],"wp:term":[{"taxonomy":"product_brand","embeddable":true,"href":"https:\/\/www.hz-hoeren.ch\/fr\/wp-json\/wp\/v2\/product_brand?post=5437"},{"taxonomy":"product_cat","embeddable":true,"href":"https:\/\/www.hz-hoeren.ch\/fr\/wp-json\/wp\/v2\/product_cat?post=5437"},{"taxonomy":"product_tag","embeddable":true,"href":"https:\/\/www.hz-hoeren.ch\/fr\/wp-json\/wp\/v2\/product_tag?post=5437"}],"curies":[{"name":"wp","href":"https:\/\/api.w.org\/{rel}","templated":true}]}}