{"id":5428,"date":"2025-02-12T07:00:32","date_gmt":"2025-02-12T06:00:32","guid":{"rendered":"https:\/\/www.hz-hoeren.ch\/?post_type=product&#038;p=5428"},"modified":"2025-02-12T08:48:54","modified_gmt":"2025-02-12T07:48:54","slug":"widex-nanocare-filtre-a-cerumen","status":"publish","type":"product","link":"https:\/\/www.hz-hoeren.ch\/fr\/produit\/widex-nanocare-filtre-a-cerumen\/","title":{"rendered":"WIDEX Nanocare filtre \u00e0 c\u00e9rumen"},"content":{"rendered":"<div class=\"product--description\">\n<p>Le filtre pour aides auditives Widex Wax guard Nanocare offre la meilleure protection pour vos aides auditives et maximise leur dur\u00e9e de vie.<\/p>\n<p><strong>Widex CeruStop Nanocare - Anti-c\u00e9rumen avec nano-rev\u00eatement<\/strong><\/p>\n<ul>\n<li>Contenu : 8 pi\u00e8ces (avec outil de retrait)<\/li>\n<li>Couleur du filtre : blanc<\/li>\n<li>Couleur du blister : blanc<\/li>\n<li>Couleur du stick de pr\u00e9l\u00e8vement : noir<\/li>\n<li>diam\u00e8tre : 1,3 mm<\/li>\n<li>Compatible avec de nombreuses aides auditives de diff\u00e9rents fabricants<\/li>\n<li>Tamis grillag\u00e9 : m\u00e9tal (avec nano-rev\u00eatement sp\u00e9cial)<\/li>\n<\/ul>\n<p>Le filtre anti-c\u00e9rumen avec \"nanotechnologie\" prot\u00e8ge selon le principe de l'effet lotus et repousse m\u00eame les plus petites gouttelettes d'eau.<\/p>\n<p><strong>Widex Nanocare - Protection contre le c\u00e9rumen, la salet\u00e9, la poussi\u00e8re, l'humidit\u00e9 et le c\u00e9rumen<\/strong><br \/>\nLes filtres anti-c\u00e9rumen Widex Nano-care prot\u00e8gent vos haut-parleurs (r\u00e9cepteurs) de la salet\u00e9, de la poussi\u00e8re, de l'humidit\u00e9 et du c\u00e9rumen (cire) - selon le domaine d'utilisation. L'outil correspondant permet d'ins\u00e9rer et de retirer le pare-c\u00e9rumen rapidement et facilement<\/p>\n<\/div>","protected":false},"excerpt":{"rendered":"<p>Le filtre Widex Wax guard Nanocare pour appareils auditifs offre la meilleure protection pour vos appareils auditifs et maximise leur dur\u00e9e de vie. Widex CeruStop Nanocare - filtre anti-c\u00e9rumen avec nano-rev\u00eatement Contenu : 8 pi\u00e8ces (avec outil de retrait) Couleur du filtre : blanc Couleur du blister : blanc Couleur du stick de retrait : noir Diam\u00e8tre : 1,3 mm Adapt\u00e9 \u00e0 de nombreux appareils auditifs de divers fabricants Tamis en grille : m\u00e9tal (avec nano-rev\u00eatement sp\u00e9cial) Le filtre anti-c\u00e9rumen avec \"nanotechnologie\" prot\u00e8ge, selon [...] &gt; D\u00e9tail<\/p>","protected":false},"featured_media":5431,"template":"","meta":{"_seopress_robots_primary_cat":"none","_seopress_titles_title":"","_seopress_titles_desc":"","_seopress_robots_index":"","site-sidebar-layout":"default","site-content-layout":"","ast-site-content-layout":"default","site-content-style":"default","site-sidebar-style":"default","ast-global-header-display":"","ast-banner-title-visibility":"","ast-main-header-display":"","ast-hfb-above-header-display":"","ast-hfb-below-header-display":"","ast-hfb-mobile-header-display":"","site-post-title":"","ast-breadcrumbs-content":"","ast-featured-img":"","footer-sml-layout":"","theme-transparent-header-meta":"default","adv-header-id-meta":"","stick-header-meta":"default","header-above-stick-meta":"","header-main-stick-meta":"","header-below-stick-meta":"","astra-migrate-meta-layouts":"set","ast-page-background-enabled":"default","ast-page-background-meta":{"desktop":{"background-color":"","background-image":"","background-repeat":"repeat","background-position":"center center","background-size":"auto","background-attachment":"scroll","background-type":"","background-media":"","overlay-type":"","overlay-color":"","overlay-opacity":"","overlay-gradient":""},"tablet":{"background-color":"","background-image":"","background-repeat":"repeat","background-position":"center center","background-size":"auto","background-attachment":"scroll","background-type":"","background-media":"","overlay-type":"","overlay-color":"","overlay-opacity":"","overlay-gradient":""},"mobile":{"background-color":"","background-image":"","background-repeat":"repeat","background-position":"center center","background-size":"auto","background-attachment":"scroll","background-type":"","background-media":"","overlay-type":"","overlay-color":"","overlay-opacity":"","overlay-gradient":""}},"ast-content-background-meta":{"desktop":{"background-color":"var(--ast-global-color-5)","background-image":"","background-repeat":"repeat","background-position":"center center","background-size":"auto","background-attachment":"scroll","background-type":"","background-media":"","overlay-type":"","overlay-color":"","overlay-opacity":"","overlay-gradient":""},"tablet":{"background-color":"var(--ast-global-color-5)","background-image":"","background-repeat":"repeat","background-position":"center center","background-size":"auto","background-attachment":"scroll","background-type":"","background-media":"","overlay-type":"","overlay-color":"","overlay-opacity":"","overlay-gradient":""},"mobile":{"background-color":"var(--ast-global-color-5)","background-image":"","background-repeat":"repeat","background-position":"center center","background-size":"auto","background-attachment":"scroll","background-type":"","background-media":"","overlay-type":"","overlay-color":"","overlay-opacity":"","overlay-gradient":""}},"iawp_total_views":207},"product_brand":[],"product_cat":[15],"product_tag":[],"class_list":{"0":"post-5428","1":"product","2":"type-product","3":"status-publish","4":"has-post-thumbnail","6":"product_cat-unkategorisiert","7":"desktop-align-center","8":"tablet-align-center","9":"mobile-align-center","10":"ast-product-gallery-layout-horizontal","11":"ast-product-gallery-with-no-image","12":"ast-magnify-disabled","13":"ast-product-tabs-layout-horizontal","15":"first","16":"instock","17":"taxable","18":"shipping-taxable","19":"purchasable","20":"product-type-simple"},"_links":{"self":[{"href":"https:\/\/www.hz-hoeren.ch\/fr\/wp-json\/wp\/v2\/product\/5428","targetHints":{"allow":["GET"]}}],"collection":[{"href":"https:\/\/www.hz-hoeren.ch\/fr\/wp-json\/wp\/v2\/product"}],"about":[{"href":"https:\/\/www.hz-hoeren.ch\/fr\/wp-json\/wp\/v2\/types\/product"}],"wp:featuredmedia":[{"embeddable":true,"href":"https:\/\/www.hz-hoeren.ch\/fr\/wp-json\/wp\/v2\/media\/5431"}],"wp:attachment":[{"href":"https:\/\/www.hz-hoeren.ch\/fr\/wp-json\/wp\/v2\/media?parent=5428"}],"wp:term":[{"taxonomy":"product_brand","embeddable":true,"href":"https:\/\/www.hz-hoeren.ch\/fr\/wp-json\/wp\/v2\/product_brand?post=5428"},{"taxonomy":"product_cat","embeddable":true,"href":"https:\/\/www.hz-hoeren.ch\/fr\/wp-json\/wp\/v2\/product_cat?post=5428"},{"taxonomy":"product_tag","embeddable":true,"href":"https:\/\/www.hz-hoeren.ch\/fr\/wp-json\/wp\/v2\/product_tag?post=5428"}],"curies":[{"name":"wp","href":"https:\/\/api.w.org\/{rel}","templated":true}]}}