{"id":4272,"date":"2022-08-23T23:34:58","date_gmt":"2022-08-23T21:34:58","guid":{"rendered":"https:\/\/www.hz-hoeren.ch\/?post_type=product&#038;p=4272"},"modified":"2025-02-12T08:53:21","modified_gmt":"2025-02-12T07:53:21","slug":"tv-connector-phonak","status":"publish","type":"product","link":"https:\/\/www.hz-hoeren.ch\/fr\/produit\/tv-connector-phonak\/","title":{"rendered":"CONNECTEUR TV PHONAK"},"content":{"rendered":"<p><strong>Le Phonak TV Connector transmet le son de la t\u00e9l\u00e9vision directement dans vos aides auditives. Vous n'avez pas besoin d'un r\u00e9cepteur suppl\u00e9mentaire. Le transmetteur \"alimente\" directement vos appareils auditifs.<\/strong><\/p>\n<p>Il est compatible avec les aides auditives directement connectables Phonak Paradise, Marvel et Phonak Aud\u00e9o Direct. Il transforme vos aides auditives en \u00e9couteurs sans fil. De plus, le streaming du signal TV via la technologie AirStream\u2122 vous offre la meilleure qualit\u00e9 sonore \u00e9valu\u00e9e.\u00b9 Le TV Connector transmet les signaux audio simultan\u00e9ment aux deux aides auditives et peut transmettre des signaux audio sur une distance allant jusqu'\u00e0 15 m\u00e8tres \u00e0 un nombre illimit\u00e9 d'auditeurs connect\u00e9s.<\/p>","protected":false},"excerpt":{"rendered":"<p>Transmet le son directement dans l'appareil auditif : le Streamer facile \u00e0 utiliser pour regarder la t\u00e9l\u00e9vision et \u00e9couter de la musique<\/p>","protected":false},"featured_media":5427,"template":"","meta":{"_seopress_robots_primary_cat":"none","_seopress_titles_title":"TV-CONNECTOR PHONAK","_seopress_titles_desc":"Der TV Connector\u00a0\u00fcbertr\u00e4gt TV-Ton\u00a0unmittelbar in Ihre H\u00f6rger\u00e4te. Sie ben\u00f6tigen daf\u00fcr keinen zus\u00e4tzlichen Empf\u00e4nger.","_seopress_robots_index":"","site-sidebar-layout":"default","site-content-layout":"default","ast-site-content-layout":"default","site-content-style":"default","site-sidebar-style":"default","ast-global-header-display":"","ast-banner-title-visibility":"","ast-main-header-display":"","ast-hfb-above-header-display":"","ast-hfb-below-header-display":"","ast-hfb-mobile-header-display":"","site-post-title":"","ast-breadcrumbs-content":"","ast-featured-img":"","footer-sml-layout":"","theme-transparent-header-meta":"default","adv-header-id-meta":"","stick-header-meta":"default","header-above-stick-meta":"","header-main-stick-meta":"","header-below-stick-meta":"","astra-migrate-meta-layouts":"set","ast-page-background-enabled":"default","ast-page-background-meta":{"desktop":{"background-color":"","background-image":"","background-repeat":"repeat","background-position":"center center","background-size":"auto","background-attachment":"scroll","background-type":"","background-media":"","overlay-type":"","overlay-color":"","overlay-opacity":"","overlay-gradient":""},"tablet":{"background-color":"","background-image":"","background-repeat":"repeat","background-position":"center center","background-size":"auto","background-attachment":"scroll","background-type":"","background-media":"","overlay-type":"","overlay-color":"","overlay-opacity":"","overlay-gradient":""},"mobile":{"background-color":"","background-image":"","background-repeat":"repeat","background-position":"center center","background-size":"auto","background-attachment":"scroll","background-type":"","background-media":"","overlay-type":"","overlay-color":"","overlay-opacity":"","overlay-gradient":""}},"ast-content-background-meta":{"desktop":{"background-color":"var(--ast-global-color-5)","background-image":"","background-repeat":"repeat","background-position":"center center","background-size":"auto","background-attachment":"scroll","background-type":"","background-media":"","overlay-type":"","overlay-color":"","overlay-opacity":"","overlay-gradient":""},"tablet":{"background-color":"var(--ast-global-color-5)","background-image":"","background-repeat":"repeat","background-position":"center center","background-size":"auto","background-attachment":"scroll","background-type":"","background-media":"","overlay-type":"","overlay-color":"","overlay-opacity":"","overlay-gradient":""},"mobile":{"background-color":"var(--ast-global-color-5)","background-image":"","background-repeat":"repeat","background-position":"center center","background-size":"auto","background-attachment":"scroll","background-type":"","background-media":"","overlay-type":"","overlay-color":"","overlay-opacity":"","overlay-gradient":""}},"iawp_total_views":1796},"product_brand":[],"product_cat":[15],"product_tag":[],"class_list":{"0":"post-4272","1":"product","2":"type-product","3":"status-publish","4":"has-post-thumbnail","6":"product_cat-unkategorisiert","7":"desktop-align-center","8":"tablet-align-center","9":"mobile-align-center","10":"ast-product-gallery-layout-horizontal","11":"ast-magnify-disabled","12":"ast-product-tabs-layout-horizontal","14":"first","15":"instock","16":"taxable","17":"shipping-taxable","18":"purchasable","19":"product-type-simple"},"_links":{"self":[{"href":"https:\/\/www.hz-hoeren.ch\/fr\/wp-json\/wp\/v2\/product\/4272","targetHints":{"allow":["GET"]}}],"collection":[{"href":"https:\/\/www.hz-hoeren.ch\/fr\/wp-json\/wp\/v2\/product"}],"about":[{"href":"https:\/\/www.hz-hoeren.ch\/fr\/wp-json\/wp\/v2\/types\/product"}],"wp:featuredmedia":[{"embeddable":true,"href":"https:\/\/www.hz-hoeren.ch\/fr\/wp-json\/wp\/v2\/media\/5427"}],"wp:attachment":[{"href":"https:\/\/www.hz-hoeren.ch\/fr\/wp-json\/wp\/v2\/media?parent=4272"}],"wp:term":[{"taxonomy":"product_brand","embeddable":true,"href":"https:\/\/www.hz-hoeren.ch\/fr\/wp-json\/wp\/v2\/product_brand?post=4272"},{"taxonomy":"product_cat","embeddable":true,"href":"https:\/\/www.hz-hoeren.ch\/fr\/wp-json\/wp\/v2\/product_cat?post=4272"},{"taxonomy":"product_tag","embeddable":true,"href":"https:\/\/www.hz-hoeren.ch\/fr\/wp-json\/wp\/v2\/product_tag?post=4272"}],"curies":[{"name":"wp","href":"https:\/\/api.w.org\/{rel}","templated":true}]}}