{"id":4183,"date":"2025-02-12T06:00:53","date_gmt":"2025-02-12T05:00:53","guid":{"rendered":"https:\/\/www.hz-hoeren.ch\/?post_type=product&#038;p=4183"},"modified":"2025-02-12T13:50:32","modified_gmt":"2025-02-12T12:50:32","slug":"tv-amplificateur-de-voix-oskar-sv-100","status":"publish","type":"product","link":"https:\/\/www.hz-hoeren.ch\/fr\/produit\/tv-amplificateur-de-voix-oskar-sv-100\/","title":{"rendered":"Amplificateur de parole TV \/ Oskar SV-100"},"content":{"rendered":"","protected":false},"excerpt":{"rendered":"<div class=\"page\" title=\"Page 5\">\n<div class=\"layoutArea\">\n<div class=\"column\">\n<p>L'amplificateur de voix pour TV OSKAR fait ressortir les voix de votre t\u00e9l\u00e9viseur afin d'am\u00e9liorer l'audibilit\u00e9 des dialogues et transmet sans fil le son de la t\u00e9l\u00e9vision de la partie \u00e9mettrice reli\u00e9e au t\u00e9l\u00e9viseur \u00e0 l'amplificateur de voix pour TV portable.<\/p>\n<p>Profitez du son de la t\u00e9l\u00e9vision directement \u00e0 votre place ou dans d'autres pi\u00e8ces et rendez le son plus audible.<\/p>\n<p>OSKAR est facile \u00e0 utiliser et peut \u00e9galement \u00eatre utilis\u00e9 comme haut-parleur sans fil si n\u00e9cessaire.<\/p>\n<\/div>\n<\/div>\n<\/div>","protected":false},"featured_media":4211,"template":"","meta":{"_seopress_robots_primary_cat":"none","_seopress_titles_title":"Oskar - Tragbarer TV-Sprachverst\u00e4rker","_seopress_titles_desc":"Mit innovativer Technologie zur Stimmoptimierung, hebt\r\nOSKAR TV-Sprachverst\u00e4rker die Stimmen aus Ihrem Fernseher hervor","_seopress_robots_index":"","site-sidebar-layout":"default","site-content-layout":"default","ast-site-content-layout":"default","site-content-style":"default","site-sidebar-style":"default","ast-global-header-display":"","ast-banner-title-visibility":"","ast-main-header-display":"","ast-hfb-above-header-display":"","ast-hfb-below-header-display":"","ast-hfb-mobile-header-display":"","site-post-title":"","ast-breadcrumbs-content":"","ast-featured-img":"","footer-sml-layout":"","theme-transparent-header-meta":"default","adv-header-id-meta":"","stick-header-meta":"default","header-above-stick-meta":"","header-main-stick-meta":"","header-below-stick-meta":"","astra-migrate-meta-layouts":"set","ast-page-background-enabled":"default","ast-page-background-meta":{"desktop":{"background-color":"","background-image":"","background-repeat":"repeat","background-position":"center center","background-size":"auto","background-attachment":"scroll","background-type":"","background-media":"","overlay-type":"","overlay-color":"","overlay-opacity":"","overlay-gradient":""},"tablet":{"background-color":"","background-image":"","background-repeat":"repeat","background-position":"center center","background-size":"auto","background-attachment":"scroll","background-type":"","background-media":"","overlay-type":"","overlay-color":"","overlay-opacity":"","overlay-gradient":""},"mobile":{"background-color":"","background-image":"","background-repeat":"repeat","background-position":"center center","background-size":"auto","background-attachment":"scroll","background-type":"","background-media":"","overlay-type":"","overlay-color":"","overlay-opacity":"","overlay-gradient":""}},"ast-content-background-meta":{"desktop":{"background-color":"var(--ast-global-color-5)","background-image":"","background-repeat":"repeat","background-position":"center center","background-size":"auto","background-attachment":"scroll","background-type":"","background-media":"","overlay-type":"","overlay-color":"","overlay-opacity":"","overlay-gradient":""},"tablet":{"background-color":"var(--ast-global-color-5)","background-image":"","background-repeat":"repeat","background-position":"center center","background-size":"auto","background-attachment":"scroll","background-type":"","background-media":"","overlay-type":"","overlay-color":"","overlay-opacity":"","overlay-gradient":""},"mobile":{"background-color":"var(--ast-global-color-5)","background-image":"","background-repeat":"repeat","background-position":"center center","background-size":"auto","background-attachment":"scroll","background-type":"","background-media":"","overlay-type":"","overlay-color":"","overlay-opacity":"","overlay-gradient":""}},"iawp_total_views":795},"product_brand":[],"product_cat":[15],"product_tag":[],"class_list":{"0":"post-4183","1":"product","2":"type-product","3":"status-publish","4":"has-post-thumbnail","6":"product_cat-unkategorisiert","7":"desktop-align-center","8":"tablet-align-center","9":"mobile-align-center","10":"ast-product-gallery-layout-horizontal","11":"ast-magnify-disabled","12":"ast-product-tabs-layout-horizontal","14":"first","15":"instock","16":"taxable","17":"shipping-taxable","18":"purchasable","19":"product-type-simple"},"_links":{"self":[{"href":"https:\/\/www.hz-hoeren.ch\/fr\/wp-json\/wp\/v2\/product\/4183","targetHints":{"allow":["GET"]}}],"collection":[{"href":"https:\/\/www.hz-hoeren.ch\/fr\/wp-json\/wp\/v2\/product"}],"about":[{"href":"https:\/\/www.hz-hoeren.ch\/fr\/wp-json\/wp\/v2\/types\/product"}],"wp:featuredmedia":[{"embeddable":true,"href":"https:\/\/www.hz-hoeren.ch\/fr\/wp-json\/wp\/v2\/media\/4211"}],"wp:attachment":[{"href":"https:\/\/www.hz-hoeren.ch\/fr\/wp-json\/wp\/v2\/media?parent=4183"}],"wp:term":[{"taxonomy":"product_brand","embeddable":true,"href":"https:\/\/www.hz-hoeren.ch\/fr\/wp-json\/wp\/v2\/product_brand?post=4183"},{"taxonomy":"product_cat","embeddable":true,"href":"https:\/\/www.hz-hoeren.ch\/fr\/wp-json\/wp\/v2\/product_cat?post=4183"},{"taxonomy":"product_tag","embeddable":true,"href":"https:\/\/www.hz-hoeren.ch\/fr\/wp-json\/wp\/v2\/product_tag?post=4183"}],"curies":[{"name":"wp","href":"https:\/\/api.w.org\/{rel}","templated":true}]}}