{"id":1113,"date":"2020-06-27T13:00:56","date_gmt":"2020-06-27T11:00:56","guid":{"rendered":"https:\/\/www.hz-hoeren.ch\/?post_type=product&#038;p=1113"},"modified":"2025-02-12T08:56:01","modified_gmt":"2025-02-12T07:56:01","slug":"tv-play","status":"publish","type":"product","link":"https:\/\/www.hz-hoeren.ch\/fr\/produit\/tv-play\/","title":{"rendered":"TV PLAY"},"content":{"rendered":"<p>TV PLAY vous permet de profiter du son de la t\u00e9l\u00e9vision gr\u00e2ce \u00e0 votre appareil auditif. TV PLAY est facile \u00e0 mettre en place et offre une transmission st\u00e9r\u00e9o directe avec une qualit\u00e9 sonore exceptionnelle dans un design discret. La technologie \u00e0 double antenne assure une grande stabilit\u00e9 de transmission. Gr\u00e2ce \u00e0 l'application facile \u00e0 utiliser, vous avez la possibilit\u00e9 d'ajuster le volume du son de la t\u00e9l\u00e9vision au bruit ambiant et aux conversations, ou d'\u00e9couter uniquement le son de la t\u00e9l\u00e9vision.<\/p>\n<p>Garantie 24 Mte<\/p>","protected":false},"excerpt":{"rendered":"<p>Transmission directe du son de la t\u00e9l\u00e9vision vers les aides auditives (uniquement pour les aides auditives avec fonction Bluetooth).<\/p>","protected":false},"featured_media":1115,"template":"","meta":{"_seopress_robots_primary_cat":"none","_seopress_titles_title":"Widex TV PLAY | Direkte \u00dcbertragung an die H\u00f6rsysteme","_seopress_titles_desc":"Widex TV PLAY \u00fcbertr\u00e4gt den TV-Ton direkt an H\u00f6rsysteme mit einer Bluetooth-Funktion.","_seopress_robots_index":"","site-sidebar-layout":"default","site-content-layout":"default","ast-site-content-layout":"default","site-content-style":"default","site-sidebar-style":"default","ast-global-header-display":"","ast-banner-title-visibility":"","ast-main-header-display":"","ast-hfb-above-header-display":"","ast-hfb-below-header-display":"","ast-hfb-mobile-header-display":"","site-post-title":"","ast-breadcrumbs-content":"","ast-featured-img":"","footer-sml-layout":"","theme-transparent-header-meta":"default","adv-header-id-meta":"","stick-header-meta":"default","header-above-stick-meta":"","header-main-stick-meta":"","header-below-stick-meta":"","astra-migrate-meta-layouts":"set","ast-page-background-enabled":"default","ast-page-background-meta":{"desktop":{"background-color":"","background-image":"","background-repeat":"repeat","background-position":"center center","background-size":"auto","background-attachment":"scroll","background-type":"","background-media":"","overlay-type":"","overlay-color":"","overlay-opacity":"","overlay-gradient":""},"tablet":{"background-color":"","background-image":"","background-repeat":"repeat","background-position":"center center","background-size":"auto","background-attachment":"scroll","background-type":"","background-media":"","overlay-type":"","overlay-color":"","overlay-opacity":"","overlay-gradient":""},"mobile":{"background-color":"","background-image":"","background-repeat":"repeat","background-position":"center center","background-size":"auto","background-attachment":"scroll","background-type":"","background-media":"","overlay-type":"","overlay-color":"","overlay-opacity":"","overlay-gradient":""}},"ast-content-background-meta":{"desktop":{"background-color":"var(--ast-global-color-5)","background-image":"","background-repeat":"repeat","background-position":"center center","background-size":"auto","background-attachment":"scroll","background-type":"","background-media":"","overlay-type":"","overlay-color":"","overlay-opacity":"","overlay-gradient":""},"tablet":{"background-color":"var(--ast-global-color-5)","background-image":"","background-repeat":"repeat","background-position":"center center","background-size":"auto","background-attachment":"scroll","background-type":"","background-media":"","overlay-type":"","overlay-color":"","overlay-opacity":"","overlay-gradient":""},"mobile":{"background-color":"var(--ast-global-color-5)","background-image":"","background-repeat":"repeat","background-position":"center center","background-size":"auto","background-attachment":"scroll","background-type":"","background-media":"","overlay-type":"","overlay-color":"","overlay-opacity":"","overlay-gradient":""}},"iawp_total_views":113},"product_brand":[],"product_cat":[15],"product_tag":[],"class_list":{"0":"post-1113","1":"product","2":"type-product","3":"status-publish","4":"has-post-thumbnail","6":"product_cat-unkategorisiert","7":"desktop-align-center","8":"tablet-align-center","9":"mobile-align-center","10":"ast-product-gallery-layout-horizontal","11":"ast-product-gallery-with-no-image","12":"ast-magnify-disabled","13":"ast-product-tabs-layout-horizontal","15":"first","16":"instock","17":"taxable","18":"shipping-taxable","19":"purchasable","20":"product-type-simple"},"_links":{"self":[{"href":"https:\/\/www.hz-hoeren.ch\/fr\/wp-json\/wp\/v2\/product\/1113","targetHints":{"allow":["GET"]}}],"collection":[{"href":"https:\/\/www.hz-hoeren.ch\/fr\/wp-json\/wp\/v2\/product"}],"about":[{"href":"https:\/\/www.hz-hoeren.ch\/fr\/wp-json\/wp\/v2\/types\/product"}],"wp:featuredmedia":[{"embeddable":true,"href":"https:\/\/www.hz-hoeren.ch\/fr\/wp-json\/wp\/v2\/media\/1115"}],"wp:attachment":[{"href":"https:\/\/www.hz-hoeren.ch\/fr\/wp-json\/wp\/v2\/media?parent=1113"}],"wp:term":[{"taxonomy":"product_brand","embeddable":true,"href":"https:\/\/www.hz-hoeren.ch\/fr\/wp-json\/wp\/v2\/product_brand?post=1113"},{"taxonomy":"product_cat","embeddable":true,"href":"https:\/\/www.hz-hoeren.ch\/fr\/wp-json\/wp\/v2\/product_cat?post=1113"},{"taxonomy":"product_tag","embeddable":true,"href":"https:\/\/www.hz-hoeren.ch\/fr\/wp-json\/wp\/v2\/product_tag?post=1113"}],"curies":[{"name":"wp","href":"https:\/\/api.w.org\/{rel}","templated":true}]}}