{"id":1072,"date":"2024-01-01T16:01:48","date_gmt":"2024-01-01T15:01:48","guid":{"rendered":"https:\/\/www.hz-hoeren.ch\/?post_type=product&#038;p=1072"},"modified":"2025-02-12T08:51:43","modified_gmt":"2025-02-12T07:51:43","slug":"bellman-max-pro-be2024","status":"publish","type":"product","link":"https:\/\/www.hz-hoeren.ch\/fr\/produit\/bellman-max-pro-be2024\/","title":{"rendered":"Bellman Audio Max Pro"},"content":{"rendered":"<p>Le processeur de son num\u00e9rique Bellman Maxi est sp\u00e9cialement con\u00e7u pour les personnes qui recherchent un appareil auditif convivial offrant une excellente qualit\u00e9 sonore. L'appareil auditif a la possibilit\u00e9 de connecter divers accessoires tels que des \u00e9couteurs et des boucles d'induction. En outre, vous pouvez connecter l'appareil \u00e0 des sources audio (TV, syst\u00e8me de musique). Cela vous permet de profiter de la qualit\u00e9 sonore agr\u00e9able de l'aide auditive Maxi tout en regardant la t\u00e9l\u00e9vision, par exemple.<\/p>\n<p><strong>Caract\u00e9ristiques<\/strong><\/p>\n<ul>\n<li>Processeur de son num\u00e9rique<\/li>\n<li>Utilisation possible avec et sans aide auditive<\/li>\n<li>Volume tr\u00e8s \u00e9lev\u00e9 r\u00e9glable jusqu'\u00e0 140 dB max.<\/li>\n<li>Peut \u00e9galement \u00eatre connect\u00e9 \u00e0 un \u00e9quipement audio avec des accessoires disponibles en option.<\/li>\n<li>La technologie moderne emp\u00eache le retour d'information<\/li>\n<li>La bobine d'induction int\u00e9gr\u00e9e permet la r\u00e9ception de signaux de boucle d'anneau.<\/li>\n<li>Contr\u00f4le des hautes et basses fr\u00e9quences<\/li>\n<li>Surface caoutchout\u00e9e pour un port confortable et une prise en main s\u00fbre.<\/li>\n<li style=\"list-style-type: none\"><\/li>\n<\/ul>\n<p>Garantie 24 Mte<\/p>","protected":false},"excerpt":{"rendered":"<p>Amplificateur auditif Maxi BE2020<\/p>","protected":false},"featured_media":1929,"template":"","meta":{"_seopress_robots_primary_cat":"none","_seopress_titles_title":"Bellman Maxi I H\u00f6rverst\u00e4rker","_seopress_titles_desc":"Bellman Maxi H\u00f6rverst\u00e4rker verf\u00fcgt \u00fcber die M\u00f6glichkeit, verschiedenes Zubeh\u00f6r wie z.B. Kopfh\u00f6rer und Induktionsschleifen anzuschlie\u00dfen.","_seopress_robots_index":"","site-sidebar-layout":"default","site-content-layout":"default","ast-site-content-layout":"default","site-content-style":"default","site-sidebar-style":"default","ast-global-header-display":"","ast-banner-title-visibility":"","ast-main-header-display":"","ast-hfb-above-header-display":"","ast-hfb-below-header-display":"","ast-hfb-mobile-header-display":"","site-post-title":"","ast-breadcrumbs-content":"","ast-featured-img":"","footer-sml-layout":"","theme-transparent-header-meta":"default","adv-header-id-meta":"","stick-header-meta":"default","header-above-stick-meta":"","header-main-stick-meta":"","header-below-stick-meta":"","astra-migrate-meta-layouts":"set","ast-page-background-enabled":"default","ast-page-background-meta":{"desktop":{"background-color":"","background-image":"","background-repeat":"repeat","background-position":"center center","background-size":"auto","background-attachment":"scroll","background-type":"","background-media":"","overlay-type":"","overlay-color":"","overlay-opacity":"","overlay-gradient":""},"tablet":{"background-color":"","background-image":"","background-repeat":"repeat","background-position":"center center","background-size":"auto","background-attachment":"scroll","background-type":"","background-media":"","overlay-type":"","overlay-color":"","overlay-opacity":"","overlay-gradient":""},"mobile":{"background-color":"","background-image":"","background-repeat":"repeat","background-position":"center center","background-size":"auto","background-attachment":"scroll","background-type":"","background-media":"","overlay-type":"","overlay-color":"","overlay-opacity":"","overlay-gradient":""}},"ast-content-background-meta":{"desktop":{"background-color":"var(--ast-global-color-5)","background-image":"","background-repeat":"repeat","background-position":"center center","background-size":"auto","background-attachment":"scroll","background-type":"","background-media":"","overlay-type":"","overlay-color":"","overlay-opacity":"","overlay-gradient":""},"tablet":{"background-color":"var(--ast-global-color-5)","background-image":"","background-repeat":"repeat","background-position":"center center","background-size":"auto","background-attachment":"scroll","background-type":"","background-media":"","overlay-type":"","overlay-color":"","overlay-opacity":"","overlay-gradient":""},"mobile":{"background-color":"var(--ast-global-color-5)","background-image":"","background-repeat":"repeat","background-position":"center center","background-size":"auto","background-attachment":"scroll","background-type":"","background-media":"","overlay-type":"","overlay-color":"","overlay-opacity":"","overlay-gradient":""}},"iawp_total_views":217},"product_brand":[],"product_cat":[15],"product_tag":[],"class_list":{"0":"post-1072","1":"product","2":"type-product","3":"status-publish","4":"has-post-thumbnail","6":"product_cat-unkategorisiert","7":"desktop-align-center","8":"tablet-align-center","9":"mobile-align-center","10":"ast-product-gallery-layout-horizontal","11":"ast-product-gallery-with-no-image","12":"ast-magnify-disabled","13":"ast-product-tabs-layout-horizontal","15":"first","16":"instock","17":"taxable","18":"shipping-taxable","19":"purchasable","20":"product-type-simple"},"_links":{"self":[{"href":"https:\/\/www.hz-hoeren.ch\/fr\/wp-json\/wp\/v2\/product\/1072","targetHints":{"allow":["GET"]}}],"collection":[{"href":"https:\/\/www.hz-hoeren.ch\/fr\/wp-json\/wp\/v2\/product"}],"about":[{"href":"https:\/\/www.hz-hoeren.ch\/fr\/wp-json\/wp\/v2\/types\/product"}],"wp:featuredmedia":[{"embeddable":true,"href":"https:\/\/www.hz-hoeren.ch\/fr\/wp-json\/wp\/v2\/media\/1929"}],"wp:attachment":[{"href":"https:\/\/www.hz-hoeren.ch\/fr\/wp-json\/wp\/v2\/media?parent=1072"}],"wp:term":[{"taxonomy":"product_brand","embeddable":true,"href":"https:\/\/www.hz-hoeren.ch\/fr\/wp-json\/wp\/v2\/product_brand?post=1072"},{"taxonomy":"product_cat","embeddable":true,"href":"https:\/\/www.hz-hoeren.ch\/fr\/wp-json\/wp\/v2\/product_cat?post=1072"},{"taxonomy":"product_tag","embeddable":true,"href":"https:\/\/www.hz-hoeren.ch\/fr\/wp-json\/wp\/v2\/product_tag?post=1072"}],"curies":[{"name":"wp","href":"https:\/\/api.w.org\/{rel}","templated":true}]}}