{"id":866,"date":"2024-06-18T16:17:34","date_gmt":"2024-06-18T14:17:34","guid":{"rendered":"https:\/\/www.hz-hoeren.ch\/?page_id=866"},"modified":"2025-04-11T16:57:51","modified_gmt":"2025-04-11T14:57:51","slug":"service-de-visites-a-domicile","status":"publish","type":"page","link":"https:\/\/www.hz-hoeren.ch\/fr\/apercu-des-services\/service-de-visites-a-domicile\/","title":{"rendered":"Service de visites \u00e0 domicile"},"content":{"rendered":"<h1>\n\t\tEnfants et jeunes\n\t<\/h1>\n\t<h2>\n\t\t\t\tNous venons \u00e0 vous\n\t\t\t<\/h2>\n\t<a href=\"https:\/\/www.hz-hoeren.ch\/fr\/trouver-branche\/\" target=\"_self\" aria-label=\"Go to https:\/\/www.hz-hoeren.ch\/kontakt\/\"><\/a>\n\t\t<h3>Rendez-vous<\/h3>\t\t\t\n\t<a href=\"https:\/\/www.hz-hoeren.ch\/fr\/solutions-decoute\/\" target=\"_self\" aria-label=\"Go to https:\/\/www.hz-hoeren.ch\/hoerloesungen\/\"><\/a>\n\t\t<h3>Appareils auditifs<\/h3>\t\t\t\n\t<a href=\"https:\/\/www.hz-hoeren.ch\/fr\/trouver-une-filiale\/\" target=\"_self\" aria-label=\"Go to https:\/\/www.hz-hoeren.ch\/filiale-finden\/\"><\/a>\n\t\t<h3>Branches<\/h3>\t\t\t\n\t\t\t<h2>Caract\u00e9ristiques des aides auditives<\/h2>\n<p>Pour les clients \u00e0 mobilit\u00e9 r\u00e9duite, nous proposons un service de visite \u00e0 domicile. Nos audioproth\u00e9sistes exp\u00e9riment\u00e9s vous rendent visite \u00e0 domicile et effectuent tous les conseils et ajustements confortablement sur place.<\/p>\n<p>Nous vous prions de noter ici que notre service de visite \u00e0 domicile ne fait pas partie d'un paquet de prestations existant. Notre tarif de visite \u00e0 domicile est de CHF 183.75, frais de d\u00e9placement inclus, par consultation.<\/p>\n<p>Pour convenir d'une visite \u00e0 domicile, veuillez contacter notre hotline auditive au +41 61 903 17 17 ou utiliser notre <a href=\"https:\/\/www.hz-hoeren.ch\/fr\/trouver-branche\/\">Formulaire de contact<\/a>. Notre \u00e9quipe se fera un plaisir de vous aider \u00e0 prendre rendez-vous.<\/p>\n\t\t\t\t<img decoding=\"async\" src=\"https:\/\/ertdddteoia.exactdn.com\/wp-content\/uploads\/2021\/08\/web__DSC6256-scaled.jpg?strip=all&lossy=1&resize=1920%2C1281&ssl=1\" alt=\"L&#039;audioproth\u00e9siste fait signe aux clients depuis sa voiture apr\u00e8s la visite \u00e0 domicile\" height=\"1601\" width=\"2400\" title=\"Service de visites \u00e0 domicile\" \/>","protected":false},"excerpt":{"rendered":"<p>Enfants et adolescents Nous venons chez vous Rendez-vous Aides auditives Filiales Propri\u00e9t\u00e9s des aides auditives Pour les personnes \u00e0 mobilit\u00e9 r\u00e9duite, nous proposons un service de visite \u00e0 domicile. Nos audioproth\u00e9sistes exp\u00e9riment\u00e9s vous rendent visite \u00e0 domicile et effectuent tous les conseils et ajustements confortablement sur place. Nous vous prions de bien vouloir noter ici que notre service de visite \u00e0 domicile ne fait pas partie d'un [...] existant.<\/p>","protected":false},"author":1,"featured_media":0,"parent":1493,"menu_order":0,"comment_status":"closed","ping_status":"closed","template":"","meta":{"_seopress_robots_primary_cat":"","_seopress_titles_title":"Hausbesuchsdienst | Wir kommen auch zu Ihnen nach Hause","_seopress_titles_desc":"Kundinnen und Kunden mit eingeschr\u00e4nkter Mobilit\u00e4t profitieren vom Hausbesuchsdienst der HZ. Unsere Fachleute k\u00f6nnen alle Beratungen direkt vor Ort erledigen.","_seopress_robots_index":"","site-sidebar-layout":"default","site-content-layout":"default","ast-site-content-layout":"default","site-content-style":"default","site-sidebar-style":"default","ast-global-header-display":"","ast-banner-title-visibility":"","ast-main-header-display":"","ast-hfb-above-header-display":"","ast-hfb-below-header-display":"","ast-hfb-mobile-header-display":"","site-post-title":"disabled","ast-breadcrumbs-content":"","ast-featured-img":"","footer-sml-layout":"","theme-transparent-header-meta":"default","adv-header-id-meta":"","stick-header-meta":"default","header-above-stick-meta":"","header-main-stick-meta":"","header-below-stick-meta":"","astra-migrate-meta-layouts":"set","ast-page-background-enabled":"default","ast-page-background-meta":{"desktop":{"background-color":"","background-image":"","background-repeat":"repeat","background-position":"center center","background-size":"auto","background-attachment":"scroll","background-type":"","background-media":"","overlay-type":"","overlay-color":"","overlay-opacity":"","overlay-gradient":""},"tablet":{"background-color":"","background-image":"","background-repeat":"repeat","background-position":"center center","background-size":"auto","background-attachment":"scroll","background-type":"","background-media":"","overlay-type":"","overlay-color":"","overlay-opacity":"","overlay-gradient":""},"mobile":{"background-color":"","background-image":"","background-repeat":"repeat","background-position":"center center","background-size":"auto","background-attachment":"scroll","background-type":"","background-media":"","overlay-type":"","overlay-color":"","overlay-opacity":"","overlay-gradient":""}},"ast-content-background-meta":{"desktop":{"background-color":"var(--ast-global-color-5)","background-image":"","background-repeat":"repeat","background-position":"center center","background-size":"auto","background-attachment":"scroll","background-type":"","background-media":"","overlay-type":"","overlay-color":"","overlay-opacity":"","overlay-gradient":""},"tablet":{"background-color":"var(--ast-global-color-5)","background-image":"","background-repeat":"repeat","background-position":"center center","background-size":"auto","background-attachment":"scroll","background-type":"","background-media":"","overlay-type":"","overlay-color":"","overlay-opacity":"","overlay-gradient":""},"mobile":{"background-color":"var(--ast-global-color-5)","background-image":"","background-repeat":"repeat","background-position":"center center","background-size":"auto","background-attachment":"scroll","background-type":"","background-media":"","overlay-type":"","overlay-color":"","overlay-opacity":"","overlay-gradient":""}},"iawp_total_views":266,"footnotes":""},"class_list":["post-866","page","type-page","status-publish","hentry"],"_links":{"self":[{"href":"https:\/\/www.hz-hoeren.ch\/fr\/wp-json\/wp\/v2\/pages\/866","targetHints":{"allow":["GET"]}}],"collection":[{"href":"https:\/\/www.hz-hoeren.ch\/fr\/wp-json\/wp\/v2\/pages"}],"about":[{"href":"https:\/\/www.hz-hoeren.ch\/fr\/wp-json\/wp\/v2\/types\/page"}],"author":[{"embeddable":true,"href":"https:\/\/www.hz-hoeren.ch\/fr\/wp-json\/wp\/v2\/users\/1"}],"replies":[{"embeddable":true,"href":"https:\/\/www.hz-hoeren.ch\/fr\/wp-json\/wp\/v2\/comments?post=866"}],"version-history":[{"count":28,"href":"https:\/\/www.hz-hoeren.ch\/fr\/wp-json\/wp\/v2\/pages\/866\/revisions"}],"predecessor-version":[{"id":5969,"href":"https:\/\/www.hz-hoeren.ch\/fr\/wp-json\/wp\/v2\/pages\/866\/revisions\/5969"}],"up":[{"embeddable":true,"href":"https:\/\/www.hz-hoeren.ch\/fr\/wp-json\/wp\/v2\/pages\/1493"}],"wp:attachment":[{"href":"https:\/\/www.hz-hoeren.ch\/fr\/wp-json\/wp\/v2\/media?parent=866"}],"curies":[{"name":"wp","href":"https:\/\/api.w.org\/{rel}","templated":true}]}}