{"id":823,"date":"2025-03-23T00:00:07","date_gmt":"2025-03-22T23:00:07","guid":{"rendered":"https:\/\/www.hz-hoeren.ch\/?page_id=823"},"modified":"2025-10-22T06:48:08","modified_gmt":"2025-10-22T04:48:08","slug":"modeles-dappareils-auditifs","status":"publish","type":"page","link":"https:\/\/www.hz-hoeren.ch\/fr\/appareils-auditifs-2\/modeles-dappareils-auditifs\/","title":{"rendered":"Formes d'appareils auditifs"},"content":{"rendered":"<h1>\n\t\t\tEnfants et jeunes\t<\/h1>\n\t<h2>\n\t\t\t\tLa solution auditive optimale ?\n\t\t\t<\/h2>\n\t<a href=\"https:\/\/www.hz-hoeren.ch\/fr\/trouver-branche\/\" target=\"_self\" aria-label=\"Go to https:\/\/www.hz-hoeren.ch\/kontakt\/\"><\/a>\n\t\t<h3>Rendez-vous<\/h3>\t\t\t\n\t<a href=\"https:\/\/www.hz-hoeren.ch\/fr\/solutions-decoute\/\" target=\"_self\" aria-label=\"Go to https:\/\/www.hz-hoeren.ch\/hoerloesungen\/\"><\/a>\n\t\t<h3>Appareils auditifs<\/h3>\t\t\t\n\t<a href=\"https:\/\/www.hz-hoeren.ch\/fr\/trouver-une-filiale\/\" target=\"_self\" aria-label=\"Go to https:\/\/www.hz-hoeren.ch\/filiale-finden\/\"><\/a>\n\t\t<h3>Branches<\/h3>\t\t\t\n\t\t\t<h2>Formes d'appareils auditifs<\/h2>\n\t\t\t\t<p>Les aides auditives ont diff\u00e9rentes formes de construction. Elles se distinguent par leur positionnement sur la t\u00eate et par la mani\u00e8re dont le son est transmis \u00e0 l'oreille. Le choix de l'aide auditive appropri\u00e9e d\u00e9pend essentiellement des facteurs suivants :<\/p>\n<ul>\n<li>Type et degr\u00e9 de perte auditive<\/li>\n<li>Nature de l'oreille<\/li>\n<li>Exigences esth\u00e9tiques du porteur<\/li>\n<li>Habtique et vision<\/li>\n<li>Mode de vie et domaines d'application<\/li>\n<\/ul>\n<p>Il en r\u00e9sulte les formes d'aides auditives suivantes, qui peuvent \u00eatre envisag\u00e9es en fonction de la situation initiale. Alors que dans certains cas, plusieurs options sont possibles, certaines constellations (degr\u00e9 de perte auditive \/ type) peuvent limiter le choix. Vous trouverez ci-dessous un bref aper\u00e7u des diff\u00e9rents types d'aides auditives :<\/p>\n\t\t\t\t\t<a href=\"#\" id=\"fl-accordion--label-0\" aria-controls=\"fl-accordion--panel-0\">RIC<\/a>\n\t\t\t\t\t\t\t\t\t\t\t<a href=\"#\" id=\"fl-accordion--icon-0\"><i title=\"D\u00e9velopper\">D\u00e9velopper<\/i><\/a>\n\t\t\t\t\t<p><strong>RIC (Receiver in the Channel) ou appareils d'\u00e9coute externes<\/strong><\/p>\n<p>Les syst\u00e8mes RIC sont les appareils les plus r\u00e9pandus aujourd'hui. Ils se portent derri\u00e8re l'oreille et sont de petite taille et g\u00e9n\u00e9ralement discrets. Au moyen d'un c\u00e2ble fin, le signal est transmis \u00e0 un haut-parleur actif externe qui est introduit dans le conduit auditif. Ils sont disponibles en diff\u00e9rentes puissances d'\u00e9couteurs et couvrent ainsi, en combinaison avec un embout sur mesure, un large \u00e9ventail de pertes auditives.<\/p>\n<p>Utilisation en cas de surdit\u00e9 neurosensorielle l\u00e9g\u00e8re \u00e0 s\u00e9v\u00e8re ou de troubles auditifs combin\u00e9s.<\/p>\n<p>Avantages :<\/p>\n<ul>\n<li>Une solution esth\u00e9tiquement attrayante<\/li>\n<li>Un bon son gr\u00e2ce au positionnement du transducteur dans le conduit auditif<\/li>\n<li>Offrent toute la gamme actuelle des r\u00e9alisations techniques<\/li>\n<li>Bluetooth et batterie en standard<\/li>\n<li>Acc\u00e8s \u00e0 la t\u00e9l\u00e9phonie mains libres et au streaming audio<\/li>\n<li>Disponible \u00e9galement avec induction (en fonction de la marque\/du mod\u00e8le)<\/li>\n<\/ul>\n<p>Inconv\u00e9nients :<\/p>\n<ul>\n<li>Peut \u00eatre g\u00eanant avec des lunettes, des masques d'hygi\u00e8ne ou des cheveux longs<\/li>\n<li>demande beaucoup d'entretien (changement de filtre)<\/li>\n<li>Peut \u00eatre difficile \u00e0 utiliser en cas de d\u00e9ficience visuelle ou haptique<\/li>\n<\/ul>\n<p>Exemples de produits : Phonak Aud\u00e9o Infinio, Signia Pure Charge and Go, Oticon Intent miniRITE<\/p>\n\t\t\t\t\t<a href=\"#\" id=\"fl-accordion--label-1\" aria-controls=\"fl-accordion--panel-1\">BTE<\/a>\n\t\t\t\t\t\t\t\t\t\t\t<a href=\"#\" id=\"fl-accordion--icon-1\"><i title=\"D\u00e9velopper\">D\u00e9velopper<\/i><\/a>\n\t\t\t\t\t<p><strong>Appareils BTE (Behind the Ear) ou derri\u00e8re l'oreille (HDO)<\/strong><\/p>\n<p>Les appareils plac\u00e9s derri\u00e8re l'oreille \u00e9taient la r\u00e9f\u00e9rence avant l'invention du RIC. Comme leur nom l'indique, ils sont \u00e9galement port\u00e9s derri\u00e8re l'oreille. Contrairement au syst\u00e8me RIC, le haut-parleur est int\u00e9gr\u00e9 \u00e0 l'appareil auditif. Le son est dirig\u00e9 dans le conduit auditif par un tube sonore de diff\u00e9rents diam\u00e8tres via un embout. Ce dernier peut \u00eatre fabriqu\u00e9 sur mesure ou, dans le cas d'un d\u00f4me fixe, \u00eatre disponible sur le march\u00e9.<\/p>\n<p>Utilisation pour les surdit\u00e9s neurosensorielles moyennes \u00e0 s\u00e9v\u00e8res, les surdit\u00e9s combin\u00e9es, les surdit\u00e9s de transmission, ainsi que les surdit\u00e9s r\u00e9siduelles.<\/p>\n<p>Avantages :<\/p>\n<ul>\n<li>Meilleure utilisabilit\u00e9 en cas de restrictions haptiques ou visuelles<\/li>\n<li>Prise en charge des pertes auditives s\u00e9v\u00e8res \u00e0 tr\u00e8s s\u00e9v\u00e8res plut\u00f4t r\u00e9alisable<\/li>\n<li>Moins de risques d'interf\u00e9rences<\/li>\n<li>Possibilit\u00e9 de couplage Bluetooth avec des appareils suppl\u00e9mentaires<\/li>\n<li>Ainsi, acc\u00e8s \u00e0 la t\u00e9l\u00e9phonie mains libres et au streaming audio<\/li>\n<li>disponible avec bobine d'induction<\/li>\n<\/ul>\n<p>Inconv\u00e9nients :<\/p>\n<ul>\n<li>Plus frappant d'un point de vue esth\u00e9tique<\/li>\n<li>Selon la constellation, des concessions au niveau du son<\/li>\n<li>En fonction de la perte auditive et de la marque choisie, sans batterie, ou bobine T<\/li>\n<\/ul>\n<p>exemples : Phonak Naida, Signia Intuis 4, Oticon Xceed, etc.<\/p>\n\t\t\t\t\t<a href=\"#\" id=\"fl-accordion--label-2\" aria-controls=\"fl-accordion--panel-2\">IDO<\/a>\n\t\t\t\t\t\t\t\t\t\t\t<a href=\"#\" id=\"fl-accordion--icon-2\"><i title=\"D\u00e9velopper\">D\u00e9velopper<\/i><\/a>\n\t\t\t\t\t<p><strong>IDO (Dans l'oreille)<\/strong><\/p>\n<p>Les appareils intra-auriculaires ont constitu\u00e9 un grand pas en avant en mati\u00e8re d'esth\u00e9tique \u00e0 l'\u00e9poque o\u00f9 les RIC n'existaient pas encore. Les appareils intra-auriculaires sont plac\u00e9s dans des coques fabriqu\u00e9es sur mesure qui, dans le cas id\u00e9al, se trouvent au fond du conduit auditif. Le transducteur se trouve ainsi dans le conduit auditif, comme pour les appareils RIC, et est directement orient\u00e9 vers le tympan. Il existe diff\u00e9rentes formes de construction (IIC, CIC, ITC). Celles-ci d\u00e9pendent de la place disponible dans le conduit auditif, du besoin d'amplification (puissance\/taille de l'\u00e9couteur) et de la conception technique.<\/p>\n<p>Application : Pour les pertes auditives diverses \u00e0 moyennes \u00e0 s\u00e9v\u00e8res<\/p>\n<p>Avantages :<\/p>\n<ul>\n<li>solution g\u00e9n\u00e9ralement esth\u00e9tique<\/li>\n<li>la fonction naturelle de regroupement des pavillons d'oreille est pr\u00e9serv\u00e9e<\/li>\n<li>pas d'interf\u00e9rences avec des lunettes, des cheveux ou des masques d'hygi\u00e8ne<\/li>\n<li>Capacit\u00e9 de t\u00e9l\u00e9phoner \"normalement\".<\/li>\n<li>Appareil auditif contr\u00f4lable \u00e0 distance avec Smart App<\/li>\n<\/ul>\n<p>Inconv\u00e9nients :<\/p>\n<ul>\n<li>Si invisible, pas de batterie ou de Bluetooth<\/li>\n<li>Pas de streaming audio<\/li>\n<li>Selon la constellation du conduit auditif, impossible ou plus visible que RIC<\/li>\n<li>Ne convient pas \u00e0 toutes les pertes auditives<\/li>\n<li>Peut, selon la constellation, provoquer une occlusion (effet de fermeture)<\/li>\n<li>Appareil de remplacement impossible en cas de r\u00e9paration<\/li>\n<li>demande beaucoup d'entretien<\/li>\n<li>D\u00e9conseill\u00e9 en cas de haptique \/ vision limit\u00e9e<\/li>\n<\/ul>\n<p>exemples : Phonak Virto I, Signia Insio IX, Oticon OWN IS<\/p>\n\t\t\t\t\t<a href=\"#\" id=\"fl-accordion--label-3\" aria-controls=\"fl-accordion--panel-3\">CROS<\/a>\n\t\t\t\t\t\t\t\t\t\t\t<a href=\"#\" id=\"fl-accordion--icon-3\"><i title=\"D\u00e9velopper\">D\u00e9velopper<\/i><\/a>\n\t\t\t\t\t<p><strong>Cros ou Bi-Cros<\/strong> <strong>Syst\u00e8mes (routage contralat\u00e9ral du signal)<\/strong><\/p>\n<p>Dans les syst\u00e8mes Cros, le signal est transmis du c\u00f4t\u00e9 sourd \u00e0 la meilleure oreille par une connexion Bluetooth ou NFMI. Ces appareils sont g\u00e9n\u00e9ralement utilis\u00e9s en cas de pertes auditives fortement asym\u00e9triques. Bi-Cros est utilis\u00e9 lorsque la meilleure oreille est \u00e9galement touch\u00e9e et soutenue par un appareillage auditif. Le porteur est ainsi en mesure d'entendre \/ de comprendre les sons et la parole du c\u00f4t\u00e9 sourd de la meilleure oreille. De nos jours, ces microphones Cros ressemblent \u00e0 un syst\u00e8me RIC classique et sont coupl\u00e9s \u00e0 un tel syst\u00e8me.<\/p>\n<p>Application : surdit\u00e9 unilat\u00e9rale due \u00e0 une chute de l'audition, neurinome de l'acoustique, perte auditive asym\u00e9trique<\/p>\n<p>Avantages :<\/p>\n<ul>\n<li>R\u00e9activit\u00e9 du c\u00f4t\u00e9 sourd<\/li>\n<li>S\u00e9curit\u00e9 dans les transports et sur le lieu de travail<\/li>\n<li>Retrouver une audition spatiale r\u00e9duite<\/li>\n<\/ul>\n<p>Inconv\u00e9nients :<\/p>\n<ul>\n<li>La compr\u00e9hension de la parole dans le bruit reste souvent difficile<\/li>\n<li>Perte de l'audition spatiale en raison du renoncement \u00e0 l'appareillage de l'oreille la moins performante<\/li>\n<li>Selon la marque, pas de streaming audio simultan\u00e9<\/li>\n<\/ul>\n<p>Exemples de produits : Oticon Real Cros, Phonak Cros R, Signia Pure Cros<\/p>\n\t\t\t\t\t<a href=\"#\" id=\"fl-accordion--label-4\" aria-controls=\"fl-accordion--panel-4\">BAHA<\/a>\n\t\t\t\t\t\t\t\t\t\t\t<a href=\"#\" id=\"fl-accordion--icon-4\"><i title=\"D\u00e9velopper\">D\u00e9velopper<\/i><\/a>\n\t\t\t\t\t<p><strong>BAHA (Bone anchored Hearing Aid) ou aides auditives \u00e0 conduction osseuse<\/strong><\/p>\n<p>Les syst\u00e8mes de conduction osseuse peuvent \u00eatre utilis\u00e9s en cas de perte auditive de transmission. On distingue les syst\u00e8mes transcutan\u00e9s et percutan\u00e9s. Dans les deux cas, il s'agit d'un implant plac\u00e9 sur l'os du rocher derri\u00e8re l'oreille, par lequel les impulsions sonores sont transmises \u00e0 l'oreille interne par conduction osseuse. Alors que dans les syst\u00e8mes percutan\u00e9s, le signal est transmis de l'appareil auditif \u00e0 l'os cr\u00e2nien via une \"vis\", dans les syst\u00e8mes transcutan\u00e9s, le signal est transmis \u00e0 travers la couche de peau via une transmission \u00e0 haute fr\u00e9quence. Celui-ci entra\u00eene, \u00e0 partir du r\u00e9cepteur implant\u00e9, un transducteur fix\u00e9 sur le masto\u00efde. Dans ce cas, l'appareil est ancr\u00e9 magn\u00e9tiquement sur la t\u00eate.<\/p>\n<p>Application : En cas de pertes auditives de transmission ou de troubles auditifs combin\u00e9s, suite \u00e0 des d\u00e9fauts de l'oreille moyenne dus \u00e0 l'otoscl\u00e9rose, \u00e0 des cholest\u00e9atomes, \u00e0 une dysplasie du conduit auditif<\/p>\n<p>Avantage :<\/p>\n<ul>\n<li>Selon la constellation, compr\u00e9hension de la parole massivement am\u00e9lior\u00e9e par rapport aux aides auditives classiques<\/li>\n<\/ul>\n<p>Inconv\u00e9nient :<\/p>\n<ul>\n<li>Bruit du vent<\/li>\n<li>audition directionnelle plut\u00f4t difficile<\/li>\n<li>Esth\u00e9tique<\/li>\n<li>Porte d'entr\u00e9e possible des agents pathog\u00e8nes dans les syst\u00e8mes percutan\u00e9s<\/li>\n<li>Moins bonne transmission des aigus avec les syst\u00e8mes transcutan\u00e9s<\/li>\n<\/ul>\n<p>Exemples : Cochlear BAHA 7, Osia 3, lunettes auditives \u00e0 conduction osseuse<\/p>\n\t\t\t\t\t<a href=\"#\" id=\"fl-accordion--label-5\" aria-controls=\"fl-accordion--panel-5\">CI<\/a>\n\t\t\t\t\t\t\t\t\t\t\t<a href=\"#\" id=\"fl-accordion--icon-5\"><i title=\"D\u00e9velopper\">D\u00e9velopper<\/i><\/a>\n\t\t\t\t\t<p><strong>CI (implant cochl\u00e9aire)<\/strong><\/p>\n<p>Les implants cochl\u00e9aires permettent de transmettre des signaux sonores directement au nerf auditif. Un processeur auditif est port\u00e9 derri\u00e8re l'oreille et est reli\u00e9 magn\u00e9tiquement \u00e0 l'implant. Ils ont un impact important sur le d\u00e9veloppement du langage, en particulier chez les enfants appareill\u00e9s pr\u00e9cocement. Utilis\u00e9s en cas de surdit\u00e9 neurosensorielle s\u00e9v\u00e8re, ils sont \u00e9galement de plus en plus utilis\u00e9s chez les adultes de tous \u00e2ges. C'est-\u00e0-dire chaque fois qu'une compr\u00e9hension suffisante de la parole ne peut plus \u00eatre garantie avec des syst\u00e8mes classiques, g\u00e9n\u00e9ralement des OHD. Les implants cochl\u00e9aires rel\u00e8vent plut\u00f4t de la comp\u00e9tence des cliniques ORL.<\/p>\n<p>Application : En cas de perte auditive neurosensorielle s\u00e9v\u00e8re<\/p>\n<p>Exemples : Noyau cochl\u00e9aire, synchronie Med-EL<\/p>\n\t<p>Cette liste a pour but de vous donner un aper\u00e7u des diff\u00e9rentes formes de construction et ne pr\u00e9tend pas \u00eatre exhaustive.<\/p>\n<p>Vous avez d'autres questions concernant votre probl\u00e8me d'audition ? Nos sp\u00e9cialistes exp\u00e9riment\u00e9s en mati\u00e8re d'aides auditives* \u00e9laborent avec vous l'appareillage auditif adapt\u00e9 \u00e0 votre situation de d\u00e9part.<\/p>\n\t\t\t\t<img decoding=\"async\" src=\"https:\/\/ertdddteoia.exactdn.com\/wp-content\/uploads\/2025\/03\/pure-charge-go-bct-ix_black_receiver-m_1000x1000-300x300.jpg?strip=all&lossy=1&ssl=1\" alt=\"pure charge go bct ix black receiver m 1000x1000\" title=\"Pure-Charge-Go-BCT-IX_Black_receiver-M_1000x1000\" loading='lazy' width=\"300\" height=\"300\" \/>\n\t<h3>Testez d\u00e8s maintenant le nouveau <strong>Signia<\/strong> <strong>Pure Charge&amp;Go BCT IX<\/strong>.<\/h3>\n<h3>Disponible d\u00e8s maintenant chez nous !<\/h3>\n\t\t\t<a href=\"https:\/\/www.hz-hoeren.ch\/fr\/prendre-rendez-vous\/\" target=\"_self\">\n\t\t\t\t\t\t\tTestez d\u00e8s maintenant\n\t\t\t\t\t<\/a>","protected":false},"excerpt":{"rendered":"<p>Enfants et adolescents La solution auditive optimale ? Terminer Aides auditives Filiales Formes d'aides auditives Les aides auditives pr\u00e9sentent diff\u00e9rentes formes. Elles se distinguent par leur positionnement sur la t\u00eate et par la mani\u00e8re dont le son est transmis \u00e0 l'oreille. Le choix de l'aide auditive appropri\u00e9e d\u00e9pend en fait des facteurs suivants : Type et degr\u00e9 de la perte auditive Nature de l'oreille Exigences esth\u00e9tiques de l'utilisateur Habitudes et [...] [En savoir plus<\/p>","protected":false},"author":9,"featured_media":0,"parent":778,"menu_order":0,"comment_status":"closed","ping_status":"closed","template":"","meta":{"_seopress_robots_primary_cat":"","_seopress_titles_title":"H\u00f6rger\u00e4te-Bauformen | Ein \u00dcberblick","_seopress_titles_desc":"H\u00f6rsysteme \/ H\u00f6rger\u00e4te sind in unterschiedlichen Bauformen erh\u00e4ltlich. Welche passen zu Ihren Bed\u00fcrftnissen und dem H\u00f6rvelust? Wir beraten Sie gerne!","_seopress_robots_index":"","site-sidebar-layout":"default","site-content-layout":"default","ast-site-content-layout":"default","site-content-style":"default","site-sidebar-style":"default","ast-global-header-display":"","ast-banner-title-visibility":"","ast-main-header-display":"","ast-hfb-above-header-display":"","ast-hfb-below-header-display":"","ast-hfb-mobile-header-display":"","site-post-title":"disabled","ast-breadcrumbs-content":"","ast-featured-img":"","footer-sml-layout":"","theme-transparent-header-meta":"default","adv-header-id-meta":"","stick-header-meta":"default","header-above-stick-meta":"","header-main-stick-meta":"","header-below-stick-meta":"","astra-migrate-meta-layouts":"set","ast-page-background-enabled":"default","ast-page-background-meta":{"desktop":{"background-color":"","background-image":"","background-repeat":"repeat","background-position":"center center","background-size":"auto","background-attachment":"scroll","background-type":"","background-media":"","overlay-type":"","overlay-color":"","overlay-opacity":"","overlay-gradient":""},"tablet":{"background-color":"","background-image":"","background-repeat":"repeat","background-position":"center center","background-size":"auto","background-attachment":"scroll","background-type":"","background-media":"","overlay-type":"","overlay-color":"","overlay-opacity":"","overlay-gradient":""},"mobile":{"background-color":"","background-image":"","background-repeat":"repeat","background-position":"center center","background-size":"auto","background-attachment":"scroll","background-type":"","background-media":"","overlay-type":"","overlay-color":"","overlay-opacity":"","overlay-gradient":""}},"ast-content-background-meta":{"desktop":{"background-color":"var(--ast-global-color-5)","background-image":"","background-repeat":"repeat","background-position":"center center","background-size":"auto","background-attachment":"scroll","background-type":"","background-media":"","overlay-type":"","overlay-color":"","overlay-opacity":"","overlay-gradient":""},"tablet":{"background-color":"var(--ast-global-color-5)","background-image":"","background-repeat":"repeat","background-position":"center center","background-size":"auto","background-attachment":"scroll","background-type":"","background-media":"","overlay-type":"","overlay-color":"","overlay-opacity":"","overlay-gradient":""},"mobile":{"background-color":"var(--ast-global-color-5)","background-image":"","background-repeat":"repeat","background-position":"center center","background-size":"auto","background-attachment":"scroll","background-type":"","background-media":"","overlay-type":"","overlay-color":"","overlay-opacity":"","overlay-gradient":""}},"iawp_total_views":366,"footnotes":""},"class_list":["post-823","page","type-page","status-publish","hentry"],"_links":{"self":[{"href":"https:\/\/www.hz-hoeren.ch\/fr\/wp-json\/wp\/v2\/pages\/823","targetHints":{"allow":["GET"]}}],"collection":[{"href":"https:\/\/www.hz-hoeren.ch\/fr\/wp-json\/wp\/v2\/pages"}],"about":[{"href":"https:\/\/www.hz-hoeren.ch\/fr\/wp-json\/wp\/v2\/types\/page"}],"author":[{"embeddable":true,"href":"https:\/\/www.hz-hoeren.ch\/fr\/wp-json\/wp\/v2\/users\/9"}],"replies":[{"embeddable":true,"href":"https:\/\/www.hz-hoeren.ch\/fr\/wp-json\/wp\/v2\/comments?post=823"}],"version-history":[{"count":61,"href":"https:\/\/www.hz-hoeren.ch\/fr\/wp-json\/wp\/v2\/pages\/823\/revisions"}],"predecessor-version":[{"id":6181,"href":"https:\/\/www.hz-hoeren.ch\/fr\/wp-json\/wp\/v2\/pages\/823\/revisions\/6181"}],"up":[{"embeddable":true,"href":"https:\/\/www.hz-hoeren.ch\/fr\/wp-json\/wp\/v2\/pages\/778"}],"wp:attachment":[{"href":"https:\/\/www.hz-hoeren.ch\/fr\/wp-json\/wp\/v2\/media?parent=823"}],"curies":[{"name":"wp","href":"https:\/\/api.w.org\/{rel}","templated":true}]}}