{"id":778,"date":"2025-03-22T15:50:13","date_gmt":"2025-03-22T14:50:13","guid":{"rendered":"https:\/\/www.hz-hoeren.ch\/?page_id=778"},"modified":"2025-03-23T21:06:22","modified_gmt":"2025-03-23T20:06:22","slug":"appareils-auditifs-2","status":"publish","type":"page","link":"https:\/\/www.hz-hoeren.ch\/fr\/appareils-auditifs-2\/","title":{"rendered":"Appareils auditifs"},"content":{"rendered":"<h1>\n\t\tEnfants et jeunes\n\t<\/h1>\n\t<h2>\n\t\t\t\tSYST\u00c8MES D'\u00c9COUTE ? - Que peuvent-ils faire ?\n\t\t\t<\/h2>\n\t<a href=\"https:\/\/www.hz-hoeren.ch\/fr\/prendre-rendez-vous\/\" target=\"_self\" aria-label=\"Go to https:\/\/www.hz-hoeren.ch\/termin-vereinbaren\/\"><\/a>\n\t\t<h3>Test auditif gratuit<\/h3>\t\t\t\n\t<a href=\"https:\/\/www.hz-hoeren.ch\/fr\/solutions-decoute\/\" target=\"_self\" aria-label=\"Go to https:\/\/www.hz-hoeren.ch\/hoerloesungen\/\"><\/a>\n\t\t<h3>Solutions auditives<\/h3>\t\t\t\n\t<a href=\"https:\/\/www.hz-hoeren.ch\/fr\/trouver-une-filiale\/\" target=\"_self\" aria-label=\"Go to https:\/\/www.hz-hoeren.ch\/filiale-finden\/\"><\/a>\n\t\t<h3>Branches<\/h3>\t\t\t\n<h2>\n\t\tAppareils auditifs \n\t<\/h2>\n\t<p>Le terme \"appareil auditif\" est largement utilis\u00e9. Cependant, il est de plus en plus remplac\u00e9 par le terme \"appareil auditif\".<\/p>\n<p>Les syst\u00e8mes auditifs actuels font bien plus qu'amplifier les sons. Cela rend ces syst\u00e8mes auditifs attrayants pour les personnes souffrant d'une l\u00e9g\u00e8re perte d'audition et peut m\u00eame \u00eatre utilis\u00e9 par des personnes non malentendantes.<\/p>\n<ul>\n<li>Filtrage du bruit<\/li>\n<li>Amplification de la voix<\/li>\n<li>Enregistreur de donn\u00e9es concernant les donn\u00e9es de sant\u00e9<\/li>\n<li>Couplage avec les smartphones, les t\u00e9l\u00e9viseurs et de nombreux autres appareils technologiques<\/li>\n<\/ul>\n<p>Le d\u00e9veloppement des aides auditives a fait des progr\u00e8s \u00e9tonnants au cours des derni\u00e8res ann\u00e9es. Les aides auditives modernes sont bien plus que de simples appareils destin\u00e9s \u00e0 amplifier les sons. Elles offrent un large \u00e9ventail de fonctions qui am\u00e9liorent consid\u00e9rablement l'exp\u00e9rience auditive et enrichissent la vie quotidienne des personnes malentendantes ou m\u00eame de celles qui n'ont pas de d\u00e9ficience auditive. Voici quelques-unes des fonctions et avantages remarquables des aides auditives modernes :<\/p>\n<ol>\n<li><strong>Filtrage pr\u00e9cis des bruits parasites :<\/strong> Les aides auditives modernes sont \u00e9quip\u00e9es de technologies sophistiqu\u00e9es qui permettent de filtrer les bruits de fond g\u00eanants. Cela signifie que vous pouvez mieux entendre les conversations et les sons importants, m\u00eame dans des environnements bruyants comme les restaurants ou les rues anim\u00e9es.<\/li>\n<li><strong>Am\u00e9lioration de l'amplification de la parole :<\/strong> L'un des principaux objectifs des aides auditives est d'am\u00e9liorer l'intelligibilit\u00e9 de la parole. Elles peuvent non seulement amplifier les sons, mais aussi utiliser la technologie sp\u00e9ciale pour am\u00e9liorer la clart\u00e9 de la parole. Cela est particuli\u00e8rement utile dans les situations de conversation o\u00f9 la clart\u00e9 est essentielle.<\/li>\n<li><strong>Int\u00e9gration des donn\u00e9es de sant\u00e9 :<\/strong> Certaines aides auditives modernes sont \u00e9quip\u00e9es d'enregistreurs de donn\u00e9es qui collectent des informations sur la sant\u00e9. Cela peut aider \u00e0 mieux comprendre et \u00e0 mieux g\u00e9rer la perte auditive et ses effets.<\/li>\n<li><strong>Connectivit\u00e9 sans fil :<\/strong> Les aides auditives modernes sont capables de se connecter sans fil \u00e0 d'autres appareils, tels que les smartphones, les t\u00e9l\u00e9viseurs et les tablettes. Cette connectivit\u00e9 permet de diffuser des signaux audio directement dans les aides auditives, ce qui am\u00e9liore l'exp\u00e9rience d'\u00e9coute lorsque l'on regarde des vid\u00e9os ou que l'on t\u00e9l\u00e9phone.<\/li>\n<li><strong>Un potentiel d'avenir :<\/strong> Le d\u00e9veloppement des aides auditives ne cesse de progresser. Les innovations futures pourraient offrir encore plus d'avantages, comme l'int\u00e9gration de l'intelligence artificielle (IA) pour des adaptations encore plus pr\u00e9cises.<\/li>\n<\/ol>\n<p>Le \"bouton dans l'oreille\" est devenu omnipr\u00e9sent et n'est aujourd'hui plus un indice concernant l'\u00e9tat de sant\u00e9 de celui ou celle qui le porte. Les aides auditives modernes sont discr\u00e8tes, polyvalentes et s'int\u00e8grent parfaitement dans la vie quotidienne. Elles ne sont pas seulement une aide pour les personnes souffrant d'une perte auditive, mais aussi une merveille technologique qui am\u00e9liore l'exp\u00e9rience auditive pour tous. En tant que sp\u00e9cialistes des solutions auditives, nous sommes \u00e0 votre disposition pour discuter des derniers d\u00e9veloppements et des aides auditives les mieux adapt\u00e9es \u00e0 vos besoins.<\/p>","protected":false},"excerpt":{"rendered":"<p>Enfants et adolescents SYST\u00c8MES AUDITIFS ? - Que peuvent-ils faire ? Test auditif gratuit Solutions auditives Filiales Aides auditives Le terme \"aide auditive\" est tr\u00e8s r\u00e9pandu. Il est toutefois de plus en plus remplac\u00e9 par le terme \"syst\u00e8me auditif\". De nos jours, les aides auditives font bien plus que simplement amplifier les sons. De ce fait, ces aides auditives sont \u00e9galement attrayantes pour les personnes ne souffrant que d'une l\u00e9g\u00e8re perte auditive et peuvent m\u00eame \u00eatre utilis\u00e9es par [...].<\/p>","protected":false},"author":9,"featured_media":0,"parent":0,"menu_order":0,"comment_status":"closed","ping_status":"closed","template":"","meta":{"_seopress_robots_primary_cat":"","_seopress_titles_title":"H\u00f6rger\u00e4te | H\u00f6rsysteme? Brauche ich ein H\u00f6rger\u00e4t?","_seopress_titles_desc":"H\u00f6rsysteme leisten heutzutage wesentlich mehr, als nur Ger\u00e4usche zu verst\u00e4rken. Dadurch sind sie auch f\u00fcr Menschen mit nur leichten H\u00f6rverlusten attraktiv.","_seopress_robots_index":"","site-sidebar-layout":"default","site-content-layout":"default","ast-site-content-layout":"default","site-content-style":"default","site-sidebar-style":"default","ast-global-header-display":"","ast-banner-title-visibility":"","ast-main-header-display":"","ast-hfb-above-header-display":"","ast-hfb-below-header-display":"","ast-hfb-mobile-header-display":"","site-post-title":"disabled","ast-breadcrumbs-content":"","ast-featured-img":"","footer-sml-layout":"","theme-transparent-header-meta":"default","adv-header-id-meta":"","stick-header-meta":"default","header-above-stick-meta":"","header-main-stick-meta":"","header-below-stick-meta":"","astra-migrate-meta-layouts":"set","ast-page-background-enabled":"default","ast-page-background-meta":{"desktop":{"background-color":"","background-image":"","background-repeat":"repeat","background-position":"center center","background-size":"auto","background-attachment":"scroll","background-type":"","background-media":"","overlay-type":"","overlay-color":"","overlay-opacity":"","overlay-gradient":""},"tablet":{"background-color":"","background-image":"","background-repeat":"repeat","background-position":"center center","background-size":"auto","background-attachment":"scroll","background-type":"","background-media":"","overlay-type":"","overlay-color":"","overlay-opacity":"","overlay-gradient":""},"mobile":{"background-color":"","background-image":"","background-repeat":"repeat","background-position":"center center","background-size":"auto","background-attachment":"scroll","background-type":"","background-media":"","overlay-type":"","overlay-color":"","overlay-opacity":"","overlay-gradient":""}},"ast-content-background-meta":{"desktop":{"background-color":"var(--ast-global-color-5)","background-image":"","background-repeat":"repeat","background-position":"center center","background-size":"auto","background-attachment":"scroll","background-type":"","background-media":"","overlay-type":"","overlay-color":"","overlay-opacity":"","overlay-gradient":""},"tablet":{"background-color":"var(--ast-global-color-5)","background-image":"","background-repeat":"repeat","background-position":"center center","background-size":"auto","background-attachment":"scroll","background-type":"","background-media":"","overlay-type":"","overlay-color":"","overlay-opacity":"","overlay-gradient":""},"mobile":{"background-color":"var(--ast-global-color-5)","background-image":"","background-repeat":"repeat","background-position":"center center","background-size":"auto","background-attachment":"scroll","background-type":"","background-media":"","overlay-type":"","overlay-color":"","overlay-opacity":"","overlay-gradient":""}},"iawp_total_views":1211,"footnotes":""},"class_list":["post-778","page","type-page","status-publish","hentry"],"_links":{"self":[{"href":"https:\/\/www.hz-hoeren.ch\/fr\/wp-json\/wp\/v2\/pages\/778","targetHints":{"allow":["GET"]}}],"collection":[{"href":"https:\/\/www.hz-hoeren.ch\/fr\/wp-json\/wp\/v2\/pages"}],"about":[{"href":"https:\/\/www.hz-hoeren.ch\/fr\/wp-json\/wp\/v2\/types\/page"}],"author":[{"embeddable":true,"href":"https:\/\/www.hz-hoeren.ch\/fr\/wp-json\/wp\/v2\/users\/9"}],"replies":[{"embeddable":true,"href":"https:\/\/www.hz-hoeren.ch\/fr\/wp-json\/wp\/v2\/comments?post=778"}],"version-history":[{"count":50,"href":"https:\/\/www.hz-hoeren.ch\/fr\/wp-json\/wp\/v2\/pages\/778\/revisions"}],"predecessor-version":[{"id":5875,"href":"https:\/\/www.hz-hoeren.ch\/fr\/wp-json\/wp\/v2\/pages\/778\/revisions\/5875"}],"wp:attachment":[{"href":"https:\/\/www.hz-hoeren.ch\/fr\/wp-json\/wp\/v2\/media?parent=778"}],"curies":[{"name":"wp","href":"https:\/\/api.w.org\/{rel}","templated":true}]}}