{"id":756,"date":"2020-06-18T14:27:04","date_gmt":"2020-06-18T12:27:04","guid":{"rendered":"https:\/\/www.hz-hoeren.ch\/?page_id=756"},"modified":"2025-04-14T16:56:46","modified_gmt":"2025-04-14T14:56:46","slug":"trouver-une-filiale","status":"publish","type":"page","link":"https:\/\/www.hz-hoeren.ch\/fr\/trouver-une-filiale\/","title":{"rendered":"Trouver une succursale"},"content":{"rendered":"<h1>\n\t\tEnfants et jeunes\n\t<\/h1>\n\t<h2>\n\t\t\t\tConseils auditifs R\u00e9gion de B\u00e2le\n\t\t\t<\/h2>\n\t<a href=\"https:\/\/www.hz-hoeren.ch\/fr\/trouver-une-filiale\/hoermittelzentrale-basel\/\" target=\"_self\" aria-label=\"Go to https:\/\/www.hz-hoeren.ch\/filiale-finden\/hoermittelzentrale-basel\/\"><\/a>\n\t\t\t<h3>B\u00e2le<\/h3>\t\t\t\n\t<a href=\"https:\/\/www.hz-hoeren.ch\/fr\/trouver-une-filiale\/hoermittelzentrale-liestal\/\" target=\"_self\" aria-label=\"Go to https:\/\/www.hz-hoeren.ch\/filiale-finden\/hoermittelzentrale-liestal\/\"><\/a>\n\t\t\t<h3>Liestal<\/h3>\t\t\t\n\t<a href=\"https:\/\/www.hz-hoeren.ch\/fr\/trouver-une-filiale\/hoermittelzentrale-rheinfelden\/\" target=\"_self\" aria-label=\"Go to https:\/\/www.hz-hoeren.ch\/filiale-finden\/hoermittelzentrale-rheinfelden\/\"><\/a>\n\t\t\t<h3>Rheinfelden<\/h3>\t\t\t\n\t\t\t<h2>Succursales de la H\u00f6rmittelzentrale Nordwestschweiz AG<\/h2>\n\t\t\t\t<p>Vous trouverez l'H\u00f6rmittelzentrale Nordwestschweiz AG sur trois sites dans la r\u00e9gion de B\u00e2le-Ville-B\u00e2le-Fricktal. Nos trois succursales vous proposent toutes la m\u00eame gamme de prestations dans le domaine de l'audioproth\u00e8se. Elles sont facilement accessibles par les transports publics ou priv\u00e9s et sont en grande partie accessibles aux personnes \u00e0 mobilit\u00e9 r\u00e9duite.<\/p>\n<p>D\u00e9couvrez ci-dessous qui sont vos interlocuteurs, quand les diff\u00e9rents sites sont ouverts et o\u00f9 vous pouvez nous trouver. Nous r\u00e9pondons \u00e9galement volontiers \u00e0 vos questions par e-mail ou par t\u00e9l\u00e9phone. Vous pr\u00e9f\u00e9rez que nous prenions contact avec vous ? Pas de probl\u00e8me ; utilisez simplement notre formulaire de contact et indiquez votre motivation et la filiale souhait\u00e9e.<\/p>\n<p>Nos collaborateurs* se r\u00e9jouissent de vous accueillir.<\/p>\n\t\t\t<h3>HZ B\u00e2le<\/h3>\t\t\t\n\t\t\t\t<p>Stadthausgasse 15<br \/>CH - 4051 B\u00e2le<\/p>\n<a href=\"https:\/\/www.hz-hoeren.ch\/fr\/trouver-une-filiale\/hoermittelzentrale-basel\/\" target=\"_self\">Plus d'informations<\/a>\t\t\t\n\t\t\t\t<a href=\"https:\/\/www.google.com\/maps\/place\/H%C3%B6rmittelzentrale+Basel\/@47.558794,7.586567,16z\/data=!4m5!3m4!1s0x0:0x853c06965598082e!8m2!3d47.5587936!4d7.5866964?hl=de\" target=\"_blank\" rel=\"noopener\">\n\t\t\t\t<img decoding=\"async\" src=\"https:\/\/ertdddteoia.exactdn.com\/wp-content\/uploads\/2021\/09\/hoermittelzentrale_Plan_Basel.svg\" alt=\"Itin\u00e9raire vers la filiale HZ Basel\" height=\"100\" width=\"100\" title=\"Description de l&#039;itin\u00e9raire HZ Basel\" \/>\n\t\t\t\t<\/a>\n\t\t\t<h3>HZ Liestal<\/h3>\t\t\t\n\t\t\t\t<p>Rathausstrasse 11<br \/>CH - 4410 Liestal<\/p>\n<a href=\"https:\/\/www.hz-hoeren.ch\/fr\/trouver-une-filiale\/hoermittelzentrale-liestal\/\" target=\"_self\">Plus d'informations<\/a>\t\t\t\n\t\t\t\t<a href=\"https:\/\/www.google.com\/maps\/place\/H%C3%B6rmittelzentrale+Liestal\/@47.484754,7.734381,16z\/data=!4m5!3m4!1s0x0:0x627108dd1e16cad4!8m2!3d47.4847537!4d7.7343809?hl=de\" target=\"_blank\" rel=\"noopener\">\n\t\t\t\t<img decoding=\"async\" src=\"https:\/\/ertdddteoia.exactdn.com\/wp-content\/uploads\/2021\/09\/hoermittelzentrale_Plan_Liestal.svg\" alt=\"Itin\u00e9raire vers la filiale HZ Liestal\" height=\"100\" width=\"100\" title=\"Itin\u00e9raire HZ Liestal\" \/>\n\t\t\t\t<\/a>\n\t\t\t<h3>HZ Rheinfelden<\/h3>\t\t\t\n\t\t\t\t<p>Kaiserstrasse 7A<br \/>CH - 4310 Rheinfelden<\/p>\n<a href=\"https:\/\/www.hz-hoeren.ch\/fr\/trouver-une-filiale\/hoermittelzentrale-rheinfelden\/\" target=\"_self\">Plus d'informations<\/a>\t\t\t\n\t\t\t\t<a href=\"https:\/\/www.google.com\/maps\/place\/H%C3%B6rmittelzentrale+Rheinfelden\/@47.55253,7.794912,16z\/data=!4m5!3m4!1s0x0:0x27af3294acc9295d!8m2!3d47.5524807!4d7.7947153?hl=de\" target=\"_blank\" rel=\"noopener\">\n\t\t\t\t<img decoding=\"async\" src=\"https:\/\/ertdddteoia.exactdn.com\/wp-content\/uploads\/2021\/09\/hoermittelzentrale_Plan_Rheinfelden.svg\" alt=\"Itin\u00e9raire vers la filiale HZ Rheinfelden\" height=\"100\" width=\"100\" title=\"Description de l&#039;itin\u00e9raire HZ Rheinfelden\" \/>\n\t\t\t\t<\/a>","protected":false},"excerpt":{"rendered":"<p>Enfants et adolescents Conseil auditif R\u00e9gion B\u00e2le Liestal Rheinfelden Succursales de l'H\u00f6rmittelzentrale Nordwestschweiz AG Vous trouverez l'H\u00f6rmittelzentrale Nordwestschweiz AG sur trois sites dans la r\u00e9gion B\u00e2le-Ville-B\u00e2le-Fricktal. Nos trois succursales vous proposent toutes la m\u00eame gamme de prestations dans le domaine de l'audioproth\u00e8se. Elles sont facilement accessibles par les transports publics ou priv\u00e9s et sont en grande partie accessibles aux personnes \u00e0 mobilit\u00e9 r\u00e9duite. Apprenez-en plus ci-dessous, [...].<\/p>","protected":false},"author":1,"featured_media":0,"parent":0,"menu_order":0,"comment_status":"closed","ping_status":"closed","template":"","meta":{"_seopress_robots_primary_cat":"","_seopress_titles_title":"Filiale finden | Unsere HZ-Filialen sind bequem zu erreichen","_seopress_titles_desc":"Die drei Filialen der HZ bieten Ihnen alle dasselbe Leistungsspektrum an. Sie sind mit \u00f6ffentlichen oder privaten Verkehrsmitteln bequem erreichbar.","_seopress_robots_index":"","site-sidebar-layout":"default","site-content-layout":"page-builder","ast-site-content-layout":"full-width-container","site-content-style":"unboxed","site-sidebar-style":"unboxed","ast-global-header-display":"","ast-banner-title-visibility":"","ast-main-header-display":"","ast-hfb-above-header-display":"","ast-hfb-below-header-display":"","ast-hfb-mobile-header-display":"","site-post-title":"disabled","ast-breadcrumbs-content":"","ast-featured-img":"","footer-sml-layout":"","theme-transparent-header-meta":"default","adv-header-id-meta":"","stick-header-meta":"default","header-above-stick-meta":"","header-main-stick-meta":"","header-below-stick-meta":"","astra-migrate-meta-layouts":"set","ast-page-background-enabled":"default","ast-page-background-meta":{"desktop":{"background-color":"","background-image":"","background-repeat":"repeat","background-position":"center center","background-size":"auto","background-attachment":"scroll","background-type":"","background-media":"","overlay-type":"","overlay-color":"","overlay-opacity":"","overlay-gradient":""},"tablet":{"background-color":"","background-image":"","background-repeat":"repeat","background-position":"center center","background-size":"auto","background-attachment":"scroll","background-type":"","background-media":"","overlay-type":"","overlay-color":"","overlay-opacity":"","overlay-gradient":""},"mobile":{"background-color":"","background-image":"","background-repeat":"repeat","background-position":"center center","background-size":"auto","background-attachment":"scroll","background-type":"","background-media":"","overlay-type":"","overlay-color":"","overlay-opacity":"","overlay-gradient":""}},"ast-content-background-meta":{"desktop":{"background-color":"var(--ast-global-color-5)","background-image":"","background-repeat":"repeat","background-position":"center center","background-size":"auto","background-attachment":"scroll","background-type":"","background-media":"","overlay-type":"","overlay-color":"","overlay-opacity":"","overlay-gradient":""},"tablet":{"background-color":"var(--ast-global-color-5)","background-image":"","background-repeat":"repeat","background-position":"center center","background-size":"auto","background-attachment":"scroll","background-type":"","background-media":"","overlay-type":"","overlay-color":"","overlay-opacity":"","overlay-gradient":""},"mobile":{"background-color":"var(--ast-global-color-5)","background-image":"","background-repeat":"repeat","background-position":"center center","background-size":"auto","background-attachment":"scroll","background-type":"","background-media":"","overlay-type":"","overlay-color":"","overlay-opacity":"","overlay-gradient":""}},"iawp_total_views":1553,"footnotes":""},"class_list":["post-756","page","type-page","status-publish","hentry"],"_links":{"self":[{"href":"https:\/\/www.hz-hoeren.ch\/fr\/wp-json\/wp\/v2\/pages\/756","targetHints":{"allow":["GET"]}}],"collection":[{"href":"https:\/\/www.hz-hoeren.ch\/fr\/wp-json\/wp\/v2\/pages"}],"about":[{"href":"https:\/\/www.hz-hoeren.ch\/fr\/wp-json\/wp\/v2\/types\/page"}],"author":[{"embeddable":true,"href":"https:\/\/www.hz-hoeren.ch\/fr\/wp-json\/wp\/v2\/users\/1"}],"replies":[{"embeddable":true,"href":"https:\/\/www.hz-hoeren.ch\/fr\/wp-json\/wp\/v2\/comments?post=756"}],"version-history":[{"count":51,"href":"https:\/\/www.hz-hoeren.ch\/fr\/wp-json\/wp\/v2\/pages\/756\/revisions"}],"predecessor-version":[{"id":5981,"href":"https:\/\/www.hz-hoeren.ch\/fr\/wp-json\/wp\/v2\/pages\/756\/revisions\/5981"}],"wp:attachment":[{"href":"https:\/\/www.hz-hoeren.ch\/fr\/wp-json\/wp\/v2\/media?parent=756"}],"curies":[{"name":"wp","href":"https:\/\/api.w.org\/{rel}","templated":true}]}}