{"id":6046,"date":"2025-09-03T16:39:58","date_gmt":"2025-09-03T14:39:58","guid":{"rendered":"https:\/\/www.hz-hoeren.ch\/?page_id=6046"},"modified":"2025-09-03T16:40:42","modified_gmt":"2025-09-03T14:40:42","slug":"hoermittelzentrale-rheinfelden-landing25","status":"publish","type":"page","link":"https:\/\/www.hz-hoeren.ch\/fr\/hoermittelzentrale-rheinfelden-landing25\/","title":{"rendered":"H\u00f6rmittelzentrale Rheinfelden Page de renvoi"},"content":{"rendered":"<h1>\n\t\tEnfants et jeunes\n\t<\/h1>\n\t<h2>\n\t\t\t\tConseil auditif r\u00e9gion Fricktal\n\t\t\t<\/h2>\n\t<a href=\"https:\/\/www.hz-hoeren.ch\/fr\/trouver-une-filiale\/hoermittelzentrale-basel\/\" target=\"_self\" aria-label=\"Go to https:\/\/www.hz-hoeren.ch\/filiale-finden\/hoermittelzentrale-basel\/\"><\/a>\n\t\t\t<h3>B\u00e2le<\/h3>\t\t\t\n\t<a href=\"https:\/\/www.hz-hoeren.ch\/fr\/trouver-une-filiale\/hoermittelzentrale-liestal\/\" target=\"_self\" aria-label=\"Go to https:\/\/www.hz-hoeren.ch\/filiale-finden\/hoermittelzentrale-liestal\/\"><\/a>\n\t\t\t<h3>Liestal<\/h3>\t\t\t\n\t<a href=\"https:\/\/www.hz-hoeren.ch\/fr\/trouver-une-filiale\/hoermittelzentrale-rheinfelden\/\" target=\"_self\" aria-label=\"Go to https:\/\/www.hz-hoeren.ch\/filiale-finden\/hoermittelzentrale-rheinfelden\/\"><\/a>\n\t\t\t<h3>Rheinfelden<\/h3>\t\t\t\n\t\t\t<h3>Centre d'aide auditive de Rheinfelden<\/h3>\t\t\t\n\t\t\t\t<p>Centre d'aide auditive du nord-ouest de la Suisse AG<br \/>Kaiserstrasse 7A<br \/>CH - 4310 Rheinfelden<br \/>T\u00e9l\u00e9phone +41 61 831 38 37<br \/><a href=\"mailto:rheinfelden@hz-hoeren.ch\">rheinfelden@hz-hoeren.ch<\/a><\/p>\n<p><strong>Heures d'ouverture<\/strong><br \/>lundi - vendredi<br \/>8 h 00 - 12 h 00 et de 13 h 30 - 17 h 30<\/p>\n<p>Le magasin sp\u00e9cialis\u00e9 est ouvert le <strong>Lundi 09.06.2025 <\/strong>ferm\u00e9.<\/p>\n<p><a href=\"https:\/\/www.hz-hoeren.ch\/fr\/trouver-branche\/\">Dates<\/a> et <a href=\"https:\/\/www.hz-hoeren.ch\/fr\/nos-services\/service-de-visites-a-domicile\/\">Visites \u00e0 domicile<\/a> sont \u00e9galement possibles sur rendez-vous en dehors des heures d'ouverture normales.<\/p>\n<p><strong>Locaux accessibles en fauteuil roulant<\/strong><\/p>\n<p><strong>Parking<\/strong><br \/>Un parking public pour les clients est disponible \u00e0 c\u00f4t\u00e9 du Centre Rosenau.<\/p>\n\t\t\t\t<img decoding=\"async\" src=\"https:\/\/ertdddteoia.exactdn.com\/wp-content\/uploads\/2021\/08\/web__DSC1533-scaled.jpg?strip=all&lossy=1&resize=1920%2C1281&ssl=1\" alt=\"Vue ext\u00e9rieure de la filiale HZ Rheinfelden\" height=\"1601\" width=\"2400\" title=\"HZ Rheinfelden vue ext\u00e9rieure\" \/>\n\t\t\t\t<img decoding=\"async\" src=\"https:\/\/ertdddteoia.exactdn.com\/wp-content\/uploads\/bb-plugin\/cache\/webbilder__DSC1344-square.jpg?strip=all&lossy=1&w=1920&ssl=1\" alt=\"Daniel Abersold Directeur de la filiale et audioproth\u00e9siste de la filiale de Rheinfelden\" title=\"HZ Team Rheinfelden\" \/>\n\t\t<h3>Daniel Aebersold<\/h3>\t\t\t\n\t\t\t\t<p>Directeur de succursale<br \/>Acousticien en proth\u00e8ses auditives avec FA f\u00e9d\u00e9ral<\/p>\n\t\t\t\t<img decoding=\"async\" src=\"https:\/\/ertdddteoia.exactdn.com\/wp-content\/uploads\/bb-plugin\/cache\/webbilder__DSC1487-square.jpg?strip=all&lossy=1&w=1920&ssl=1\" alt=\"Conseill\u00e8re en acoustique de la HZ Rheinfelden\" title=\"HZ Team Rheinfelden\" \/>\n\t\t<h3>Orsi Magyar<\/h3>\t\t\t\n\t\t\t\t<p>Consultant en acoustique<\/p>\n\t\t\t<a href=\"https:\/\/www.google.com\/maps\/@47.5525839,7.7949059,3a,75y,51.24h,89.89t\/data=!3m7!1e1!3m5!1sCIABIhAc5ylOxQiTxY3aVYjswZSu!2e10!6shttps:%2F%2Flh3.googleusercontent.com%2Fgpms-cs-s%2FAB8u6HbefBQUYqoSd_zXo6pTEtyk1ypzgmhGtrrldigtihi_4qA4mA1ojfBImQCLALVzuKYbe7YqBXzyKd3rNhvonBVIGo38uYfM1C53cJyeGruUTF6Dgz8lmGXbATlezNP2chSZj2f1zoV3Tk3Q%3Dw900-h600-k-no-pi0.11434395414859466-ya358.24110901570697-ro0-fo100!7i10000!8i5000?entry=ttu&amp;g_ep=EgoyMDI1MDYyMy4wIKXMDSoASAFQAw%3D%3D\" title=\"Cliquez ici\" target=\"_blank\" rel=\"noopener\" role=\"button\" aria-label=\"Vue 3D de la branche\">\n\t\t\t\t\t\t\t\t\t\t\tVue 3D de la branche\n\t\t<\/a>\n\t<strong>Mon chemin vers HZ<\/strong><br \/>\nLa HZ Rheinfelden se trouve directement \u00e0 l'arr\u00eat de bus \"Post\", de l'autre c\u00f4t\u00e9 de la rue, dans le b\u00e2timent Rosenau. La gare est \u00e0 200 m\u00e8tres.\n\t\t\t\t<a href=\"https:\/\/www.google.com\/maps\/place\/H%C3%B6rmittelzentrale+Rheinfelden\/@47.55253,7.794912,16z\/data=!4m5!3m4!1s0x0:0x27af3294acc9295d!8m2!3d47.5524807!4d7.7947153?hl=de\" target=\"_blank\" rel=\"noopener\">\n\t\t\t\t<img decoding=\"async\" src=\"https:\/\/ertdddteoia.exactdn.com\/wp-content\/uploads\/2021\/09\/hoermittelzentrale_Plan_Rheinfelden.svg\" alt=\"Itin\u00e9raire vers la filiale HZ Rheinfelden\" height=\"100\" width=\"100\" title=\"Description de l&#039;itin\u00e9raire HZ Rheinfelden\" \/>\n\t\t\t\t<\/a>","protected":false},"excerpt":{"rendered":"<p>Enfants et adolescents Consultation auditive R\u00e9gion Fricktal B\u00e2le Liestal Rheinfelden H\u00f6rmittelzentrale Rheinfelden H\u00f6rmittelzentrale Nordwestschweiz AGKaiserstrasse 7ACH - 4310 RheinfeldenT\u00e9l\u00e9phone +41 61 831 38 37rheinfelden@hz-hoeren.ch Heures d'ouvertureLundi - vendredi8.00 - 12.00 et de 13.30 - 17.30 Le magasin sp\u00e9cialis\u00e9 est ferm\u00e9 le lundi 09.06.2025. Les rendez-vous ainsi que les visites \u00e0 domicile sont possibles sur rendez-vous en dehors des heures d'ouverture normales. [...]<\/p>","protected":false},"author":9,"featured_media":0,"parent":0,"menu_order":0,"comment_status":"closed","ping_status":"closed","template":"","meta":{"_seopress_robots_primary_cat":"","_seopress_titles_title":"HZ Rheinfelden | Ihre kostenlose H\u00f6rberatung in der N\u00e4he","_seopress_titles_desc":"Die HZ ist unabh\u00e4ngig von Herstellern und Beh\u00f6rden. Sie garantiert ihren Kundinnen und Kunden eine individuelle Beratung und L\u00f6sungen zu fairen Bedingungen.","_seopress_robots_index":"","site-sidebar-layout":"default","site-content-layout":"page-builder","ast-site-content-layout":"full-width-container","site-content-style":"unboxed","site-sidebar-style":"unboxed","ast-global-header-display":"","ast-banner-title-visibility":"","ast-main-header-display":"","ast-hfb-above-header-display":"","ast-hfb-below-header-display":"","ast-hfb-mobile-header-display":"","site-post-title":"disabled","ast-breadcrumbs-content":"","ast-featured-img":"","footer-sml-layout":"","theme-transparent-header-meta":"default","adv-header-id-meta":"","stick-header-meta":"default","header-above-stick-meta":"","header-main-stick-meta":"","header-below-stick-meta":"","astra-migrate-meta-layouts":"set","ast-page-background-enabled":"default","ast-page-background-meta":{"desktop":{"background-color":"","background-image":"","background-repeat":"repeat","background-position":"center center","background-size":"auto","background-attachment":"scroll","background-type":"","background-media":"","overlay-type":"","overlay-color":"","overlay-opacity":"","overlay-gradient":""},"tablet":{"background-color":"","background-image":"","background-repeat":"repeat","background-position":"center center","background-size":"auto","background-attachment":"scroll","background-type":"","background-media":"","overlay-type":"","overlay-color":"","overlay-opacity":"","overlay-gradient":""},"mobile":{"background-color":"","background-image":"","background-repeat":"repeat","background-position":"center center","background-size":"auto","background-attachment":"scroll","background-type":"","background-media":"","overlay-type":"","overlay-color":"","overlay-opacity":"","overlay-gradient":""}},"ast-content-background-meta":{"desktop":{"background-color":"var(--ast-global-color-5)","background-image":"","background-repeat":"repeat","background-position":"center center","background-size":"auto","background-attachment":"scroll","background-type":"","background-media":"","overlay-type":"","overlay-color":"","overlay-opacity":"","overlay-gradient":""},"tablet":{"background-color":"var(--ast-global-color-5)","background-image":"","background-repeat":"repeat","background-position":"center center","background-size":"auto","background-attachment":"scroll","background-type":"","background-media":"","overlay-type":"","overlay-color":"","overlay-opacity":"","overlay-gradient":""},"mobile":{"background-color":"var(--ast-global-color-5)","background-image":"","background-repeat":"repeat","background-position":"center center","background-size":"auto","background-attachment":"scroll","background-type":"","background-media":"","overlay-type":"","overlay-color":"","overlay-opacity":"","overlay-gradient":""}},"iawp_total_views":11,"footnotes":""},"class_list":["post-6046","page","type-page","status-publish","hentry"],"_links":{"self":[{"href":"https:\/\/www.hz-hoeren.ch\/fr\/wp-json\/wp\/v2\/pages\/6046","targetHints":{"allow":["GET"]}}],"collection":[{"href":"https:\/\/www.hz-hoeren.ch\/fr\/wp-json\/wp\/v2\/pages"}],"about":[{"href":"https:\/\/www.hz-hoeren.ch\/fr\/wp-json\/wp\/v2\/types\/page"}],"author":[{"embeddable":true,"href":"https:\/\/www.hz-hoeren.ch\/fr\/wp-json\/wp\/v2\/users\/9"}],"replies":[{"embeddable":true,"href":"https:\/\/www.hz-hoeren.ch\/fr\/wp-json\/wp\/v2\/comments?post=6046"}],"version-history":[{"count":2,"href":"https:\/\/www.hz-hoeren.ch\/fr\/wp-json\/wp\/v2\/pages\/6046\/revisions"}],"predecessor-version":[{"id":6048,"href":"https:\/\/www.hz-hoeren.ch\/fr\/wp-json\/wp\/v2\/pages\/6046\/revisions\/6048"}],"wp:attachment":[{"href":"https:\/\/www.hz-hoeren.ch\/fr\/wp-json\/wp\/v2\/media?parent=6046"}],"curies":[{"name":"wp","href":"https:\/\/api.w.org\/{rel}","templated":true}]}}