{"id":5901,"date":"2025-04-08T08:32:45","date_gmt":"2025-04-08T06:32:45","guid":{"rendered":"https:\/\/www.hz-hoeren.ch\/?page_id=5901"},"modified":"2025-04-11T16:57:12","modified_gmt":"2025-04-11T14:57:12","slug":"test-decoute-gratuit","status":"publish","type":"page","link":"https:\/\/www.hz-hoeren.ch\/fr\/apercu-des-services\/test-decoute-gratuit\/","title":{"rendered":"Test auditif gratuit"},"content":{"rendered":"<h1>\n\t\tTest auditif gratuit\n\t<\/h1>\n\t<h2>\n\t\t\t\tExaminez votre audition\n\t\t\t<\/h2>\n\t<a href=\"https:\/\/www.hz-hoeren.ch\/fr\/trouver-branche\/\" target=\"_self\" aria-label=\"Go to https:\/\/www.hz-hoeren.ch\/kontakt\/\"><\/a>\n\t\t<h3>Rendez-vous<\/h3>\t\t\t\n\t<a href=\"https:\/\/www.hz-hoeren.ch\/fr\/solutions-decoute\/\" target=\"_self\" aria-label=\"Go to https:\/\/www.hz-hoeren.ch\/hoerloesungen\/\"><\/a>\n\t\t<h3>Appareils auditifs<\/h3>\t\t\t\n\t<a href=\"https:\/\/www.hz-hoeren.ch\/fr\/trouver-une-filiale\/\" target=\"_self\" aria-label=\"Go to https:\/\/www.hz-hoeren.ch\/filiale-finden\/\"><\/a>\n\t\t<h3>Branches<\/h3>\t\t\t\n\t\t\t<h2>Test auditif gratuit<\/h2>\n\t\t\t\t<p>Un jour ou l'autre, nous arrivons tous \u00e0 un point o\u00f9 nous nous demandons si notre audition est encore en bon \u00e9tat. Que ce soit parce que nous avons l'impression de ne pas entendre apr\u00e8s un rhume, que nos proches nous reprochent de devoir tout r\u00e9p\u00e9ter plusieurs fois ou que nous constatons de plus en plus souvent que nous avons d\u00e9j\u00e0 mieux compris le film \u00e0 la t\u00e9l\u00e9vision.<\/p>\n<p>Un test auditif vous permet de savoir imm\u00e9diatement quel est l'\u00e9tat actuel de votre audition. Le fait de conna\u00eetre cet \u00e9tat et, le cas \u00e9ch\u00e9ant, de le faire contr\u00f4ler r\u00e9guli\u00e8rement, pr\u00e9sente l'avantage de pouvoir r\u00e9agir imm\u00e9diatement \u00e0 d'\u00e9ventuels changements. Les oreilles sont votre principale ressource pour communiquer avec votre entourage. Il est donc tout aussi fondamental d'en prendre soin que de savoir exactement dans quelle mesure vous entendez r\u00e9ellement.<\/p>\n<p>Nos audioproth\u00e9sistes* sont des sp\u00e9cialistes reconnus dans ce domaine et peuvent vous dire en quelques minutes, gr\u00e2ce \u00e0 un test auditif gratuit, ce qu'il en est r\u00e9ellement de votre audition. Si votre impression que quelque chose ne va pas se confirme, nous vous indiquerons les prochaines \u00e9tapes \u00e0 suivre. Selon les r\u00e9sultats, nous vous orienterons volontiers vers un cabinet ORL ou vous conseillerons sur les appareils auditifs, les accessoires, les acouph\u00e8nes ou les protections auditives personnelles.<\/p>\n\t\t\t<h3>D\u00e9roulement d'un test auditif<\/h3>\t\t\t\n\t\t\t\t<p>Au d\u00e9but de la premi\u00e8re consultation, nos audioproth\u00e9sistes* tentent de cerner votre situation de d\u00e9part au moyen d'une br\u00e8ve anamn\u00e8se. Vous d\u00e9crivez votre \u00e9valuation de l'\u00e9tat de votre audition, les incidents de sant\u00e9 ou les maladies diagnostiqu\u00e9es. Au moyen d'une otoscopie, nous examinons visuellement votre conduit auditif et votre tympan afin d'\u00e9valuer s'il y a des indices visibles de ce qui pourrait ne pas aller dans vos oreilles ou, plus largement, s'il est judicieux ou possible de proc\u00e9der \u00e0 une mesure de l'audition.<\/p>\n<p>Apr\u00e8s vous avoir expliqu\u00e9 le d\u00e9roulement du test, l'audioproth\u00e9siste* mesure votre seuil d'audition au moyen d'une audiom\u00e9trie \u00e0 son pur. Cela signifie que des sons sinuso\u00efdaux de diff\u00e9rentes fr\u00e9quences et de diff\u00e9rents volumes vous sont pr\u00e9sent\u00e9s au moyen d'un casque. Le seuil d'audition se situe \u00e0 l'endroit o\u00f9 vous entendez le stimulus le plus faible. Sur un audiogramme tonal, l'\u00e9cart par rapport \u00e0 l'audition normale est indiqu\u00e9 en dB HL (d\u00e9cibels de perte auditive) par fr\u00e9quence. La cl\u00e9 de calcul CPT AMA permet d'en d\u00e9duire le pourcentage de perte auditive pour chaque oreille.<\/p>\n<p>Nos audioproth\u00e9sistes* discutent ensuite avec vous des r\u00e9sultats de l'examen et \u00e9tablissent avec vous un plan d'action pour les prochaines \u00e9tapes. Si un appareillage auditif est indiqu\u00e9, des mesures audiologiques suppl\u00e9mentaires sont n\u00e9cessaires, qui servent de base \u00e0 l'\u00e9valuation du cas et, par la suite, au r\u00e9glage des aides auditives potentielles. Nous entendons par l\u00e0 des examens audiom\u00e9triques vocaux qui analysent l'intelligibilit\u00e9 de la parole dans un environnement calme ou dans le bruit. Ces examens ont lieu dans le cadre de l'adaptation des appareils auditifs et sont donc payants.<\/p>\n\t\t\t<h3>Preuve d'audition \/ Attestation<\/h3>\t\t\t\n\t\t\t\t<p>Pour certaines professions, une preuve d'audition doit \u00eatre apport\u00e9e (conducteur de train*, ing\u00e9nieur audio, conducteur de bateau*). Cela comprend, outre un audiogramme tonal, ce que l'on appelle le test d'audition. Sur demande, nos sp\u00e9cialistes vous fournissent l'attestation correspondante sous forme \u00e9crite avec signature et cachet de l'entreprise. Nous proposons cet examen payant avec justificatif, comme le test de la vue pour l'aptitude \u00e0 la conduite chez l'opticien.<\/p>\n\t\t\t<a href=\"https:\/\/www.hz-hoeren.ch\/fr\/trouver-branche\/\" target=\"_self\">\n\t\t\t\t\t\tPrendre rendez-vous maintenant\n\t\t\t\t\t<\/a>","protected":false},"excerpt":{"rendered":"<p>Test auditif gratuit Examinez votre audition Rendez-vous Aides auditives Filiales Test auditif gratuit Nous arrivons tous \u00e0 un moment o\u00f9 nous nous demandons si notre audition est toujours en bon \u00e9tat. Que ce soit parce que nous avons l'impression de ne pas entendre apr\u00e8s un rhume, que nos proches nous reprochent de devoir tout r\u00e9p\u00e9ter plusieurs fois, ou [...].<\/p>","protected":false},"author":9,"featured_media":0,"parent":1493,"menu_order":0,"comment_status":"closed","ping_status":"closed","template":"","meta":{"_seopress_robots_primary_cat":"","_seopress_titles_title":"Kostenloser H\u00f6rtest","_seopress_titles_desc":"Unsere H\u00f6rger\u00e4teakustiker \u00fcberpr\u00fcfen bei einem kostenlosen H\u00f6rtest ob bei Ihnen ein H\u00f6rproblem vorliegt und Sie H\u00f6rsysteme ben\u00f6tigen oder nicht.","_seopress_robots_index":"","site-sidebar-layout":"default","site-content-layout":"default","ast-site-content-layout":"default","site-content-style":"default","site-sidebar-style":"default","ast-global-header-display":"","ast-banner-title-visibility":"","ast-main-header-display":"","ast-hfb-above-header-display":"","ast-hfb-below-header-display":"","ast-hfb-mobile-header-display":"","site-post-title":"disabled","ast-breadcrumbs-content":"","ast-featured-img":"","footer-sml-layout":"","theme-transparent-header-meta":"default","adv-header-id-meta":"","stick-header-meta":"default","header-above-stick-meta":"","header-main-stick-meta":"","header-below-stick-meta":"","astra-migrate-meta-layouts":"set","ast-page-background-enabled":"default","ast-page-background-meta":{"desktop":{"background-color":"","background-image":"","background-repeat":"repeat","background-position":"center center","background-size":"auto","background-attachment":"scroll","background-type":"","background-media":"","overlay-type":"","overlay-color":"","overlay-opacity":"","overlay-gradient":""},"tablet":{"background-color":"","background-image":"","background-repeat":"repeat","background-position":"center center","background-size":"auto","background-attachment":"scroll","background-type":"","background-media":"","overlay-type":"","overlay-color":"","overlay-opacity":"","overlay-gradient":""},"mobile":{"background-color":"","background-image":"","background-repeat":"repeat","background-position":"center center","background-size":"auto","background-attachment":"scroll","background-type":"","background-media":"","overlay-type":"","overlay-color":"","overlay-opacity":"","overlay-gradient":""}},"ast-content-background-meta":{"desktop":{"background-color":"var(--ast-global-color-5)","background-image":"","background-repeat":"repeat","background-position":"center center","background-size":"auto","background-attachment":"scroll","background-type":"","background-media":"","overlay-type":"","overlay-color":"","overlay-opacity":"","overlay-gradient":""},"tablet":{"background-color":"var(--ast-global-color-5)","background-image":"","background-repeat":"repeat","background-position":"center center","background-size":"auto","background-attachment":"scroll","background-type":"","background-media":"","overlay-type":"","overlay-color":"","overlay-opacity":"","overlay-gradient":""},"mobile":{"background-color":"var(--ast-global-color-5)","background-image":"","background-repeat":"repeat","background-position":"center center","background-size":"auto","background-attachment":"scroll","background-type":"","background-media":"","overlay-type":"","overlay-color":"","overlay-opacity":"","overlay-gradient":""}},"iawp_total_views":246,"footnotes":""},"class_list":["post-5901","page","type-page","status-publish","hentry"],"_links":{"self":[{"href":"https:\/\/www.hz-hoeren.ch\/fr\/wp-json\/wp\/v2\/pages\/5901","targetHints":{"allow":["GET"]}}],"collection":[{"href":"https:\/\/www.hz-hoeren.ch\/fr\/wp-json\/wp\/v2\/pages"}],"about":[{"href":"https:\/\/www.hz-hoeren.ch\/fr\/wp-json\/wp\/v2\/types\/page"}],"author":[{"embeddable":true,"href":"https:\/\/www.hz-hoeren.ch\/fr\/wp-json\/wp\/v2\/users\/9"}],"replies":[{"embeddable":true,"href":"https:\/\/www.hz-hoeren.ch\/fr\/wp-json\/wp\/v2\/comments?post=5901"}],"version-history":[{"count":12,"href":"https:\/\/www.hz-hoeren.ch\/fr\/wp-json\/wp\/v2\/pages\/5901\/revisions"}],"predecessor-version":[{"id":5968,"href":"https:\/\/www.hz-hoeren.ch\/fr\/wp-json\/wp\/v2\/pages\/5901\/revisions\/5968"}],"up":[{"embeddable":true,"href":"https:\/\/www.hz-hoeren.ch\/fr\/wp-json\/wp\/v2\/pages\/1493"}],"wp:attachment":[{"href":"https:\/\/www.hz-hoeren.ch\/fr\/wp-json\/wp\/v2\/media?parent=5901"}],"curies":[{"name":"wp","href":"https:\/\/api.w.org\/{rel}","templated":true}]}}