{"id":5878,"date":"2025-03-23T23:58:28","date_gmt":"2025-03-23T22:58:28","guid":{"rendered":"https:\/\/www.hz-hoeren.ch\/?page_id=5878"},"modified":"2025-04-11T17:14:37","modified_gmt":"2025-04-11T15:14:37","slug":"nouveautes-appareils-auditifs","status":"publish","type":"page","link":"https:\/\/www.hz-hoeren.ch\/fr\/appareils-auditifs-2\/nouveautes-appareils-auditifs\/","title":{"rendered":"Nouveaut\u00e9s des aides auditives"},"content":{"rendered":"<h1>\n\t\tEnfants et jeunes\n\t<\/h1>\n\t<h2>\n\t\t\t\tLes derni\u00e8res aides auditives chez HZ\n\t\t\t<\/h2>\n\t<a href=\"https:\/\/www.hz-hoeren.ch\/fr\/trouver-branche\/\" target=\"_self\" aria-label=\"Go to https:\/\/www.hz-hoeren.ch\/kontakt\/\"><\/a>\n\t\t<h3>Rendez-vous<\/h3>\t\t\t\n\t<a href=\"https:\/\/www.hz-hoeren.ch\/fr\/solutions-decoute\/\" target=\"_self\" aria-label=\"Go to https:\/\/www.hz-hoeren.ch\/hoerloesungen\/\"><\/a>\n\t\t<h3>Appareils auditifs<\/h3>\t\t\t\n\t<a href=\"https:\/\/www.hz-hoeren.ch\/fr\/trouver-une-filiale\/\" target=\"_self\" aria-label=\"Go to https:\/\/www.hz-hoeren.ch\/filiale-finden\/\"><\/a>\n\t\t<h3>Branches<\/h3>\t\t\t\n<h2>\n\t\tNouveaut\u00e9s des aides auditives\n\t<\/h2>\n\t<p>En tant qu'entreprise ind\u00e9pendante, toutes les aides auditives autoris\u00e9es sur le march\u00e9 suisse sont disponibles aupr\u00e8s de l'H\u00f6rmittelzentrale Nordwestschweiz AG. La liste suivante contient une s\u00e9lection de nouveaut\u00e9s actuelles. Elle n'est pas exhaustive et ne refl\u00e8te pas non plus les produits commercialis\u00e9s par la HZ. Nous nous concentrons sur vos besoins et vos pr\u00e9f\u00e9rences en fonction de votre situation auditive. Il en r\u00e9sulte un appareillage auditif adapt\u00e9 \u00e0 vos besoins et orient\u00e9 vers les solutions et les avantages.<\/p>\n\t\t\t\t<img decoding=\"async\" src=\"https:\/\/ertdddteoia.exactdn.com\/wp-content\/uploads\/2025\/03\/pure-charge-go-bct-ix_black_receiver-m_1000x1000-300x300.jpg?strip=all&lossy=1&ssl=1\" alt=\"pure charge go bct ix black receiver m 1000x1000\" title=\"Pure-Charge-Go-BCT-IX_Black_receiver-M_1000x1000\" width=\"300\" height=\"300\" \/>\n\t\t\t<h3>Signia Pure Charge &amp; Go BCT IX<\/h3>\t\t\t\n\t\t\t\t<p>Le tout nouveau <a href=\"https:\/\/www.hz-hoeren.ch\/fr\/appareils-auditifs-2\/modeles-dappareils-auditifs\/\">Appareil RIC<\/a> de la maison Signia est une extension de l'ancien Pure IX. Les caract\u00e9ristiques suivantes ont \u00e9t\u00e9 am\u00e9lior\u00e9es dans la nouvelle version :<\/p>\n<ul>\n<li>Autonomie de la batterie fortement am\u00e9lior\u00e9e (jusqu'\u00e0 54h d'autonomie)<\/li>\n<li>Bluetooth Classic mis en \u0153uvre<\/li>\n<li>nouveau voyant d'\u00e9tat LED<\/li>\n<li>nouveau streamer TV num\u00e9rique<\/li>\n<li>une meilleure communication entre les aides auditives<\/li>\n<li>Technologie du microphone multi-faisceaux<\/li>\n<li>Am\u00e9lioration dynamique de la conversation<\/li>\n<\/ul>\n\t\t\t\t<img decoding=\"async\" src=\"https:\/\/ertdddteoia.exactdn.com\/wp-content\/uploads\/2025\/03\/phonak_lumity_chestnut-1-e1685731733923.png?strip=all&lossy=1&w=1920&ssl=1\" alt=\"phonak lumity chestnut 1 e1685731733923\" title=\"phonak_lumity_chestnut-1-e1685731733923\" \/>\n\t\t\t<h3>Phonak Aud\u00e9o Infinio Sphere<\/h3>\t\t\t\n\t\t\t\t<p>La derni\u00e8re r\u00e9alisation RIC de Phonak, qui pose de nouveaux jalons en mati\u00e8re de surlignage de la parole contr\u00f4l\u00e9 par l'IA :<\/p>\n<ul>\n<li>Nouvelle puce IA\/DNN (DEEPSONIC) pour la suppression des bruits parasites et la mise en valeur de la parole<\/li>\n<li>Pilotable dans un programme Spheric Speech s\u00e9par\u00e9<\/li>\n<li>am\u00e9lioration du SNR dans un environnement bruyant (jusqu'\u00e0 10dB)<\/li>\n<li>Microphones Roger directement connectables sans adaptateur Roger X<\/li>\n<li>Nouveau chargeur mobile plus petit offrant jusqu'\u00e0 trois charges<\/li>\n<\/ul>\n\t\t\t\t<img decoding=\"async\" src=\"https:\/\/ertdddteoia.exactdn.com\/wp-content\/uploads\/2025\/03\/oticon_intent_minirite_h1-2024_left_c091silvergrey_ledgreen_speaker60_openbassdome_1200x1200px-3799719840-300x300.png?strip=all&lossy=1&ssl=1\" alt=\"oticon intent minirite h1 2024 left c091silvergrey ledgreen speaker60 openbassdome 1200x1200px 3799719840\" title=\"Oticon_Intent_miniRITE_H1-2024_Left_C091SilverGrey_LEDgreen_Speaker60_OpenBassDome_1200x1200px-3799719840\" width=\"300\" height=\"300\" \/>\n\t\t\t<h3>Oticon Intent miniRITE<\/h3>\t\t\t\n\t\t\t\t<p>Un syst\u00e8me RIC de la forge d'Oticon, qui peut tout \u00e0 fait renouer avec les succ\u00e8s pass\u00e9s de l'OPN, le champion de l'exportation :<\/p>\n<ul>\n<li>Technologie de capteur de mouvement 4D pour analyser les directions du regard et les mouvements<\/li>\n<li>Technologie d'IA am\u00e9lior\u00e9e pour la mise en valeur de la parole<\/li>\n<li>Nouvel adaptateur Easy LE qui rend les smartphones compatibles via USB C\u00a0<\/li>\n<li>256 canaux pour une r\u00e9solution de fr\u00e9quence sans pr\u00e9c\u00e9dent<\/li>\n<li>20 heures d'autonomie de la batterie<\/li>\n<li>T\u00e9l\u00e9phonie mains libres et streaming audio<\/li>\n<\/ul>\n\t<p>Vous ne trouvez pas l'appareil de votre choix ? Vous avez besoin de plus d'informations sur l'un ou l'autre syst\u00e8me ? Vous vous demandez quel produit correspond \u00e0 votre situation auditive ? Prenez contact avec <a href=\"http:\/\/www.hz.hoeren.ch\/kontakt\">Contact<\/a> de nous contacter ! Nos audioproth\u00e9sistes* se feront un plaisir de vous aider.<\/p>","protected":false},"excerpt":{"rendered":"<p>Enfants et adolescents Les derni\u00e8res aides auditives de la HZ Rendez-vous Aides auditives Filiales Aides auditives Nouveaut\u00e9s En tant qu'entreprise ind\u00e9pendante, toutes les aides auditives autoris\u00e9es sur le march\u00e9 suisse sont disponibles aupr\u00e8s de la H\u00f6rmittelzentrale Nordwestschweiz AG. La liste suivante contient une s\u00e9lection de nouveaut\u00e9s actuelles. Elle n'est pas exhaustive et ne refl\u00e8te pas non plus les produits qui sont particuli\u00e8rement commercialis\u00e9s par la HZ. [...]<\/p>","protected":false},"author":9,"featured_media":0,"parent":778,"menu_order":0,"comment_status":"closed","ping_status":"closed","template":"","meta":{"_seopress_robots_primary_cat":"","_seopress_titles_title":"H\u00f6rger\u00e4te | H\u00f6rsysteme mit KI? I Die HZ Neuheiten 2025","_seopress_titles_desc":"H\u00f6rger\u00e4te werden laufend weiter entwickelt. Die HZ bietet H\u00f6rger\u00e4te an, die aktuellstem Stand der Technik entsprechen. KI H\u00f6rsystem gibts bei der HZ.","_seopress_robots_index":"","site-sidebar-layout":"default","site-content-layout":"default","ast-site-content-layout":"default","site-content-style":"default","site-sidebar-style":"default","ast-global-header-display":"","ast-banner-title-visibility":"","ast-main-header-display":"","ast-hfb-above-header-display":"","ast-hfb-below-header-display":"","ast-hfb-mobile-header-display":"","site-post-title":"disabled","ast-breadcrumbs-content":"","ast-featured-img":"","footer-sml-layout":"","theme-transparent-header-meta":"default","adv-header-id-meta":"","stick-header-meta":"default","header-above-stick-meta":"","header-main-stick-meta":"","header-below-stick-meta":"","astra-migrate-meta-layouts":"set","ast-page-background-enabled":"default","ast-page-background-meta":{"desktop":{"background-color":"","background-image":"","background-repeat":"repeat","background-position":"center center","background-size":"auto","background-attachment":"scroll","background-type":"","background-media":"","overlay-type":"","overlay-color":"","overlay-opacity":"","overlay-gradient":""},"tablet":{"background-color":"","background-image":"","background-repeat":"repeat","background-position":"center center","background-size":"auto","background-attachment":"scroll","background-type":"","background-media":"","overlay-type":"","overlay-color":"","overlay-opacity":"","overlay-gradient":""},"mobile":{"background-color":"","background-image":"","background-repeat":"repeat","background-position":"center center","background-size":"auto","background-attachment":"scroll","background-type":"","background-media":"","overlay-type":"","overlay-color":"","overlay-opacity":"","overlay-gradient":""}},"ast-content-background-meta":{"desktop":{"background-color":"var(--ast-global-color-5)","background-image":"","background-repeat":"repeat","background-position":"center center","background-size":"auto","background-attachment":"scroll","background-type":"","background-media":"","overlay-type":"","overlay-color":"","overlay-opacity":"","overlay-gradient":""},"tablet":{"background-color":"var(--ast-global-color-5)","background-image":"","background-repeat":"repeat","background-position":"center center","background-size":"auto","background-attachment":"scroll","background-type":"","background-media":"","overlay-type":"","overlay-color":"","overlay-opacity":"","overlay-gradient":""},"mobile":{"background-color":"var(--ast-global-color-5)","background-image":"","background-repeat":"repeat","background-position":"center center","background-size":"auto","background-attachment":"scroll","background-type":"","background-media":"","overlay-type":"","overlay-color":"","overlay-opacity":"","overlay-gradient":""}},"iawp_total_views":453,"footnotes":""},"class_list":["post-5878","page","type-page","status-publish","hentry"],"_links":{"self":[{"href":"https:\/\/www.hz-hoeren.ch\/fr\/wp-json\/wp\/v2\/pages\/5878","targetHints":{"allow":["GET"]}}],"collection":[{"href":"https:\/\/www.hz-hoeren.ch\/fr\/wp-json\/wp\/v2\/pages"}],"about":[{"href":"https:\/\/www.hz-hoeren.ch\/fr\/wp-json\/wp\/v2\/types\/page"}],"author":[{"embeddable":true,"href":"https:\/\/www.hz-hoeren.ch\/fr\/wp-json\/wp\/v2\/users\/9"}],"replies":[{"embeddable":true,"href":"https:\/\/www.hz-hoeren.ch\/fr\/wp-json\/wp\/v2\/comments?post=5878"}],"version-history":[{"count":16,"href":"https:\/\/www.hz-hoeren.ch\/fr\/wp-json\/wp\/v2\/pages\/5878\/revisions"}],"predecessor-version":[{"id":5980,"href":"https:\/\/www.hz-hoeren.ch\/fr\/wp-json\/wp\/v2\/pages\/5878\/revisions\/5980"}],"up":[{"embeddable":true,"href":"https:\/\/www.hz-hoeren.ch\/fr\/wp-json\/wp\/v2\/pages\/778"}],"wp:attachment":[{"href":"https:\/\/www.hz-hoeren.ch\/fr\/wp-json\/wp\/v2\/media?parent=5878"}],"curies":[{"name":"wp","href":"https:\/\/api.w.org\/{rel}","templated":true}]}}