{"id":5670,"date":"2025-04-08T06:36:18","date_gmt":"2025-04-08T04:36:18","guid":{"rendered":"https:\/\/www.hz-hoeren.ch\/?page_id=5670"},"modified":"2025-04-11T17:06:02","modified_gmt":"2025-04-11T15:06:02","slug":"service-prix","status":"publish","type":"page","link":"https:\/\/www.hz-hoeren.ch\/fr\/apercu-des-services\/service-prix\/","title":{"rendered":"Service - Prix"},"content":{"rendered":"<h1>\n\t\tPrix - Services\n\t<\/h1>\n\t<h2>\n\t\t\t\tUne solution adapt\u00e9e \u00e0 chaque budget\n\t\t\t<\/h2>\n\t<a href=\"https:\/\/www.hz-hoeren.ch\/fr\/trouver-branche\/\" target=\"_self\" aria-label=\"Go to https:\/\/www.hz-hoeren.ch\/kontakt\/\"><\/a>\n\t\t<h3>Rendez-vous<\/h3>\t\t\t\n\t<a href=\"https:\/\/www.hz-hoeren.ch\/fr\/solutions-decoute\/\" target=\"_self\" aria-label=\"Go to https:\/\/www.hz-hoeren.ch\/hoerloesungen\/\"><\/a>\n\t\t<h3>Appareils auditifs<\/h3>\t\t\t\n\t<a href=\"https:\/\/www.hz-hoeren.ch\/fr\/trouver-une-filiale\/\" target=\"_self\" aria-label=\"Go to https:\/\/www.hz-hoeren.ch\/filiale-finden\/\"><\/a>\n\t\t<h3>Branches<\/h3>\t\t\t\n\t\t\t<h2>Prix - Services<\/h2>\n\t\t\t\t<p>Les aides auditives sont adapt\u00e9es \u00e0 votre situation auditive, \u00e0 vos besoins et aux conditions anatomiques existantes. Ces travaux sont factur\u00e9s de mani\u00e8re forfaitaire, conform\u00e9ment aux usages de la branche, au moyen d'un paquet de prestations et comprennent les travaux suivants :<\/p>\n<ul>\n<li>Mesure de l'audition dans une cabine de mesure insonoris\u00e9e et calibr\u00e9e<\/li>\n<li>conseils auditifs individuels, par exemple types d'appareils, niveaux de performance, cat\u00e9gories de prix, adapt\u00e9s \u00e0 votre perte auditive personnelle<\/li>\n<li>Essai d'aides auditives dans l'environnement sonore habituel<\/li>\n<li>Contr\u00f4le de l'efficacit\u00e9 du syst\u00e8me adapt\u00e9<\/li>\n<li>Tous les travaux de nettoyage pendant 5 ans<\/li>\n<li>Contr\u00f4le annuel global pendant 5 ans (y compris test auditif et reprogrammation)<\/li>\n<\/ul>\n<p>Le prix de notre paquet de services s'\u00e9l\u00e8ve \u00e0 CHF 1 895*. pour un appareillage binaural. Le prix du paquet pour un appareillage monaural est de CHF 1326*.<\/p>\n<p>Les accessoires et les otoplastiques sont factur\u00e9s en sus. Otoplastiques : CHF 151.35* I Ecouteurs externes : CHF 90*<\/p>\n<p>Il est possible d'acheter notre service \u00e0 l'acte. Le tarif d'un ajustement au temps pass\u00e9 est de CHF 183.75* par consultation. Il va de soi que les r\u00e9ajustements et les services apr\u00e8s la fin des travaux d'adaptation sont effectu\u00e9s sur demande et factur\u00e9s en fonction du temps pass\u00e9.<\/p>\n<p>Nous facturons notre service de visites \u00e0 domicile en fonction du nombre de consultations au tarif de CHF 183.75*, d\u00e9placement compris.<\/p>\n<p>Les r\u00e9parations d'aides auditives et d'accessoires sont factur\u00e9es selon le tarif de r\u00e9paration de l'OFAS. Le prix de la r\u00e9paration se compose donc des frais de r\u00e9paration du fabricant, de nos frais de traitement de CHF 76.45* (parts du conseil \u00e0 la client\u00e8le\/de l'audioproth\u00e9siste) ainsi que, en sus, des frais de port occasionn\u00e9s.<\/p>\n<p>* Tous les prix indiqu\u00e9s s'entendent TVA comprise. I Situation en janvier 2025 I Sous r\u00e9serve de modifications<\/p>","protected":false},"excerpt":{"rendered":"<p>Prix - services La bonne solution pour chaque budget Rendez-vous Aides auditives Filiales Prix - services Les aides auditives sont adapt\u00e9es \u00e0 votre situation auditive, \u00e0 vos besoins et aux conditions anatomiques existantes. Ces travaux sont factur\u00e9s de mani\u00e8re forfaitaire, conform\u00e9ment aux usages de la branche, au moyen d'un paquet de prestations et comprennent les travaux suivants : mesure de l'audition dans une cabine de mesure insonoris\u00e9e et \u00e9talonn\u00e9e conseils auditifs individuels, par exemple [...].<\/p>","protected":false},"author":9,"featured_media":0,"parent":1493,"menu_order":0,"comment_status":"closed","ping_status":"closed","template":"","meta":{"_seopress_robots_primary_cat":"","_seopress_titles_title":"Dienstleistungen - Preise","_seopress_titles_desc":"Erfahren Sie, nach welchen Tarifen Sie unsere Dienstleistung erwerben k\u00f6nnen.","_seopress_robots_index":"","site-sidebar-layout":"default","site-content-layout":"default","ast-site-content-layout":"default","site-content-style":"default","site-sidebar-style":"default","ast-global-header-display":"","ast-banner-title-visibility":"","ast-main-header-display":"","ast-hfb-above-header-display":"","ast-hfb-below-header-display":"","ast-hfb-mobile-header-display":"","site-post-title":"disabled","ast-breadcrumbs-content":"","ast-featured-img":"","footer-sml-layout":"","theme-transparent-header-meta":"default","adv-header-id-meta":"","stick-header-meta":"default","header-above-stick-meta":"","header-main-stick-meta":"","header-below-stick-meta":"","astra-migrate-meta-layouts":"set","ast-page-background-enabled":"default","ast-page-background-meta":{"desktop":{"background-color":"","background-image":"","background-repeat":"repeat","background-position":"center center","background-size":"auto","background-attachment":"scroll","background-type":"","background-media":"","overlay-type":"","overlay-color":"","overlay-opacity":"","overlay-gradient":""},"tablet":{"background-color":"","background-image":"","background-repeat":"repeat","background-position":"center center","background-size":"auto","background-attachment":"scroll","background-type":"","background-media":"","overlay-type":"","overlay-color":"","overlay-opacity":"","overlay-gradient":""},"mobile":{"background-color":"","background-image":"","background-repeat":"repeat","background-position":"center center","background-size":"auto","background-attachment":"scroll","background-type":"","background-media":"","overlay-type":"","overlay-color":"","overlay-opacity":"","overlay-gradient":""}},"ast-content-background-meta":{"desktop":{"background-color":"var(--ast-global-color-5)","background-image":"","background-repeat":"repeat","background-position":"center center","background-size":"auto","background-attachment":"scroll","background-type":"","background-media":"","overlay-type":"","overlay-color":"","overlay-opacity":"","overlay-gradient":""},"tablet":{"background-color":"var(--ast-global-color-5)","background-image":"","background-repeat":"repeat","background-position":"center center","background-size":"auto","background-attachment":"scroll","background-type":"","background-media":"","overlay-type":"","overlay-color":"","overlay-opacity":"","overlay-gradient":""},"mobile":{"background-color":"var(--ast-global-color-5)","background-image":"","background-repeat":"repeat","background-position":"center center","background-size":"auto","background-attachment":"scroll","background-type":"","background-media":"","overlay-type":"","overlay-color":"","overlay-opacity":"","overlay-gradient":""}},"iawp_total_views":379,"footnotes":""},"class_list":["post-5670","page","type-page","status-publish","hentry"],"_links":{"self":[{"href":"https:\/\/www.hz-hoeren.ch\/fr\/wp-json\/wp\/v2\/pages\/5670","targetHints":{"allow":["GET"]}}],"collection":[{"href":"https:\/\/www.hz-hoeren.ch\/fr\/wp-json\/wp\/v2\/pages"}],"about":[{"href":"https:\/\/www.hz-hoeren.ch\/fr\/wp-json\/wp\/v2\/types\/page"}],"author":[{"embeddable":true,"href":"https:\/\/www.hz-hoeren.ch\/fr\/wp-json\/wp\/v2\/users\/9"}],"replies":[{"embeddable":true,"href":"https:\/\/www.hz-hoeren.ch\/fr\/wp-json\/wp\/v2\/comments?post=5670"}],"version-history":[{"count":11,"href":"https:\/\/www.hz-hoeren.ch\/fr\/wp-json\/wp\/v2\/pages\/5670\/revisions"}],"predecessor-version":[{"id":5972,"href":"https:\/\/www.hz-hoeren.ch\/fr\/wp-json\/wp\/v2\/pages\/5670\/revisions\/5972"}],"up":[{"embeddable":true,"href":"https:\/\/www.hz-hoeren.ch\/fr\/wp-json\/wp\/v2\/pages\/1493"}],"wp:attachment":[{"href":"https:\/\/www.hz-hoeren.ch\/fr\/wp-json\/wp\/v2\/media?parent=5670"}],"curies":[{"name":"wp","href":"https:\/\/api.w.org\/{rel}","templated":true}]}}