{"id":5637,"date":"2024-12-15T04:53:23","date_gmt":"2024-12-15T03:53:23","guid":{"rendered":"https:\/\/www.hz-hoeren.ch\/?page_id=5637"},"modified":"2025-04-11T17:02:41","modified_gmt":"2025-04-11T15:02:41","slug":"deroulement-de-lalimentation-du-systeme-hote","status":"publish","type":"page","link":"https:\/\/www.hz-hoeren.ch\/fr\/apercu-des-services\/deroulement-de-lalimentation-du-systeme-hote\/","title":{"rendered":"D\u00e9roulement de l'appareillage"},"content":{"rendered":"<h1>\n\t\tD\u00e9roulement de l'adaptation des aides auditives\n\t<\/h1>\n\t<h2>\n\t\t\t\tVotre appareillage auditif, \u00e9tape par \u00e9tape\n\t\t\t<\/h2>\n\t<a href=\"https:\/\/www.hz-hoeren.ch\/fr\/trouver-branche\/\" target=\"_self\" aria-label=\"Go to https:\/\/www.hz-hoeren.ch\/kontakt\/\"><\/a>\n\t\t<h3>Rendez-vous<\/h3>\t\t\t\n\t<a href=\"https:\/\/www.hz-hoeren.ch\/fr\/solutions-decoute\/\" target=\"_self\" aria-label=\"Go to https:\/\/www.hz-hoeren.ch\/hoerloesungen\/\"><\/a>\n\t\t<h3>Appareils auditifs<\/h3>\t\t\t\n\t<a href=\"https:\/\/www.hz-hoeren.ch\/fr\/trouver-une-filiale\/\" target=\"_self\" aria-label=\"Go to https:\/\/www.hz-hoeren.ch\/filiale-finden\/\"><\/a>\n\t\t<h3>Branches<\/h3>\t\t\t\n<h2>\n\t\tD\u00e9roulement de l'adaptation de vos aides auditives\n\t<\/h2>\n\t\t\t\t<img decoding=\"async\" src=\"https:\/\/ertdddteoia.exactdn.com\/wp-content\/uploads\/2024\/12\/icon_hoeranlalyse1-300x300.png?strip=all&lossy=1&ssl=1\" alt=\"Analyse de l&#039;audition,Adaptation d&#039;appareils auditifs_Centrale d&#039;aide auditive B\u00c2LE SYST\u00c8ME D&#039;ECOUTE\" title=\"ICON_Analyse de l&#039;audition(1)\" width=\"300\" height=\"300\" \/>\n\t\t<h3>Analyse de l'audition<\/h3><p>Tout commence par une analyse compl\u00e8te de votre audition. L'\u00e9tat et la capacit\u00e9 de votre audition sont contr\u00f4l\u00e9s \u00e0 l'aide de m\u00e9thodes de mesure audiologiques. Cela permet \u00e0 nos audioproth\u00e9sistes de tirer des conclusions sur vos besoins en mati\u00e8re d'amplification. Ils peuvent ainsi d\u00e9terminer le type d'aides auditives qui vous conviendrait le mieux d'un point de vue audiologique.<\/p>\n\t\t\t\t<img decoding=\"async\" src=\"https:\/\/ertdddteoia.exactdn.com\/wp-content\/uploads\/2024\/12\/2-300x300.png?strip=all&lossy=1&ssl=1\" alt=\"Icon_Analyse_des_besoins_du_centre_nord_ouest_de_la_Suisse\" title=\"Icon_Analyse_des_besoins_du_centre_nord_ouest_de_la_Suisse\" width=\"300\" height=\"300\" \/>\n\t\t<h3>Analyse des besoins<\/h3><p>Lors d'une analyse des besoins, nos sp\u00e9cialistes de l'audition d\u00e9terminent votre probl\u00e9matique. Dans quelles situations quotidiennes rencontrez-vous principalement des difficult\u00e9s ? Quels produits, caract\u00e9ristiques et solutions peuvent vous aider ? Comment sont vos oreilles ? Y a-t-il d'autres difficult\u00e9s physiques ? Vos pr\u00e9f\u00e9rences, vos besoins et vos souhaits sont pris en compte dans le choix d'une aide auditive.<\/p>\n\t\t\t\t<img decoding=\"async\" src=\"https:\/\/ertdddteoia.exactdn.com\/wp-content\/uploads\/2024\/12\/2-1-300x300.png?strip=all&lossy=1&ssl=1\" alt=\"ICON_Adaptation du syst\u00e8me h\u00f4te\" title=\"ICON_Adaptation du syst\u00e8me h\u00f4te\" width=\"300\" height=\"300\" \/>\n\t\t<h3>Adaptation des aides auditives<\/h3><p>Une fois que les aides auditives et le couplage acoustique avec votre oreille sont d\u00e9finis, l'adaptation a lieu. Lors de l'adaptation, vos donn\u00e9es audiom\u00e9triques sont prises en compte dans les calculs pr\u00e9liminaires du r\u00e9glage des aides auditives. Des mesures permettent de v\u00e9rifier si l'aide auditive pr\u00e9sente une amplification optimale. En fonction de vos souhaits et de vos r\u00e9actions, ainsi que de notre expertise, les syst\u00e8mes sont ajust\u00e9s avec pr\u00e9cision.<\/p>\n\t\t\t\t<img decoding=\"async\" src=\"https:\/\/ertdddteoia.exactdn.com\/wp-content\/uploads\/2024\/12\/5-300x300.png?strip=all&lossy=1&ssl=1\" alt=\"ICON_analyse de la r\u00e9ussite\" title=\"ICON_analyse de la r\u00e9ussite\" width=\"300\" height=\"300\" \/>\n\t\t<h3>Analyse de la r\u00e9ussite<\/h3><p>Apr\u00e8s une p\u00e9riode d'adaptation, les r\u00e9sultats du travail sont v\u00e9rifiables. Diff\u00e9rentes m\u00e9thodes de validation permettent de prouver votre r\u00e9ussite auditive. Il peut s'agir de tests audiologiques ou de questionnaires. En fin de compte, ce sont vos exp\u00e9riences dans la vie de tous les jours qui permettent de mesurer votre r\u00e9ussite auditive.<\/p>\n\t\t\t\t<img decoding=\"async\" src=\"https:\/\/ertdddteoia.exactdn.com\/wp-content\/uploads\/2024\/12\/3-300x300.png?strip=all&lossy=1&ssl=1\" alt=\"ICON_Nachsorge\" title=\"ICON_Nachsorge\" width=\"300\" height=\"300\" \/>\n\t\t<h3>Soins postop\u00e9ratoires<\/h3><p>La fourniture d'une aide auditive ne s'arr\u00eate pas lorsque le produit vous est remis. Nos entretiens r\u00e9guliers garantissent le bon fonctionnement de votre solution auditive individuelle. Lors des rendez-vous annuels de suivi, votre audition est contr\u00f4l\u00e9e afin de d\u00e9celer tout changement dans vos performances auditives. Celles-ci sont prises en compte dans le r\u00e9ajustement de votre aide auditive, en m\u00eame temps que vos souhaits d'optimisation.<\/p>\n\t\t\t\t<img decoding=\"async\" src=\"https:\/\/ertdddteoia.exactdn.com\/wp-content\/uploads\/2025\/04\/icon_anmeldung_kostentraeger-300x300.png?strip=all&lossy=1&ssl=1\" alt=\"icon inscription payeurs\" title=\"ICON_Inscription_support_de_co\u00fbts\" width=\"300\" height=\"300\" \/>\n\t\t<h3>Inscription de l'organisme payeur<\/h3><p>Afin que vous receviez les cotisations de s\u00e9curit\u00e9 sociale auxquelles vous avez droit, nous vous aidons \u00e0 effectuer les d\u00e9clarations aupr\u00e8s de l'organisme de s\u00e9curit\u00e9 sociale concern\u00e9. <a href=\"https:\/\/www.hz-hoeren.ch\/fr\/apercu-des-services\/contributions-des-porteurs-de-couts\/\">Support de co\u00fbts<\/a> (AHV\/IV\/SUVA\/MV). Nos sp\u00e9cialistes \u00e9valuent quel organisme payeur est le bon choix pour vous dans chaque situation et vous adressent - pour les expertises n\u00e9cessaires - aux cabinets d'ORL de votre choix.<\/p>","protected":false},"excerpt":{"rendered":"<p>D\u00e9roulement de l'adaptation des aides auditives Votre appareillage auditif pas \u00e0 pas Rendez-vous Aides auditives Filiales D\u00e9roulement de l'adaptation de vos aides auditives Analyse auditive Tout commence par une analyse compl\u00e8te de votre capacit\u00e9 auditive. L'\u00e9tat et la capacit\u00e9 de votre audition sont contr\u00f4l\u00e9s \u00e0 l'aide de m\u00e9thodes de mesure audiologiques. Cela permet \u00e0 nos audioproth\u00e9sistes de tirer des conclusions sur vos besoins en mati\u00e8re d'amplification. Ils peuvent ainsi \u00e9valuer ce qui est n\u00e9cessaire pour [...].<\/p>","protected":false},"author":9,"featured_media":0,"parent":1493,"menu_order":0,"comment_status":"closed","ping_status":"closed","template":"","meta":{"_seopress_robots_primary_cat":"","_seopress_titles_title":"Ablauf H\u00f6rsystemversorgung","_seopress_titles_desc":"Die Anpassung eines H\u00f6rsystems erfordert eine Vielzahl von handwerklichen Schritten \u00fcber die Sie sich hier einen \u00dcberblick verschaffen k\u00f6nnen.","_seopress_robots_index":"","site-sidebar-layout":"default","site-content-layout":"default","ast-site-content-layout":"default","site-content-style":"default","site-sidebar-style":"default","ast-global-header-display":"","ast-banner-title-visibility":"","ast-main-header-display":"","ast-hfb-above-header-display":"","ast-hfb-below-header-display":"","ast-hfb-mobile-header-display":"","site-post-title":"disabled","ast-breadcrumbs-content":"","ast-featured-img":"","footer-sml-layout":"","theme-transparent-header-meta":"default","adv-header-id-meta":"","stick-header-meta":"default","header-above-stick-meta":"","header-main-stick-meta":"","header-below-stick-meta":"","astra-migrate-meta-layouts":"set","ast-page-background-enabled":"default","ast-page-background-meta":{"desktop":{"background-color":"","background-image":"","background-repeat":"repeat","background-position":"center center","background-size":"auto","background-attachment":"scroll","background-type":"","background-media":"","overlay-type":"","overlay-color":"","overlay-opacity":"","overlay-gradient":""},"tablet":{"background-color":"","background-image":"","background-repeat":"repeat","background-position":"center center","background-size":"auto","background-attachment":"scroll","background-type":"","background-media":"","overlay-type":"","overlay-color":"","overlay-opacity":"","overlay-gradient":""},"mobile":{"background-color":"","background-image":"","background-repeat":"repeat","background-position":"center center","background-size":"auto","background-attachment":"scroll","background-type":"","background-media":"","overlay-type":"","overlay-color":"","overlay-opacity":"","overlay-gradient":""}},"ast-content-background-meta":{"desktop":{"background-color":"var(--ast-global-color-5)","background-image":"","background-repeat":"repeat","background-position":"center center","background-size":"auto","background-attachment":"scroll","background-type":"","background-media":"","overlay-type":"","overlay-color":"","overlay-opacity":"","overlay-gradient":""},"tablet":{"background-color":"var(--ast-global-color-5)","background-image":"","background-repeat":"repeat","background-position":"center center","background-size":"auto","background-attachment":"scroll","background-type":"","background-media":"","overlay-type":"","overlay-color":"","overlay-opacity":"","overlay-gradient":""},"mobile":{"background-color":"var(--ast-global-color-5)","background-image":"","background-repeat":"repeat","background-position":"center center","background-size":"auto","background-attachment":"scroll","background-type":"","background-media":"","overlay-type":"","overlay-color":"","overlay-opacity":"","overlay-gradient":""}},"iawp_total_views":295,"footnotes":""},"class_list":["post-5637","page","type-page","status-publish","hentry"],"_links":{"self":[{"href":"https:\/\/www.hz-hoeren.ch\/fr\/wp-json\/wp\/v2\/pages\/5637","targetHints":{"allow":["GET"]}}],"collection":[{"href":"https:\/\/www.hz-hoeren.ch\/fr\/wp-json\/wp\/v2\/pages"}],"about":[{"href":"https:\/\/www.hz-hoeren.ch\/fr\/wp-json\/wp\/v2\/types\/page"}],"author":[{"embeddable":true,"href":"https:\/\/www.hz-hoeren.ch\/fr\/wp-json\/wp\/v2\/users\/9"}],"replies":[{"embeddable":true,"href":"https:\/\/www.hz-hoeren.ch\/fr\/wp-json\/wp\/v2\/comments?post=5637"}],"version-history":[{"count":24,"href":"https:\/\/www.hz-hoeren.ch\/fr\/wp-json\/wp\/v2\/pages\/5637\/revisions"}],"predecessor-version":[{"id":5970,"href":"https:\/\/www.hz-hoeren.ch\/fr\/wp-json\/wp\/v2\/pages\/5637\/revisions\/5970"}],"up":[{"embeddable":true,"href":"https:\/\/www.hz-hoeren.ch\/fr\/wp-json\/wp\/v2\/pages\/1493"}],"wp:attachment":[{"href":"https:\/\/www.hz-hoeren.ch\/fr\/wp-json\/wp\/v2\/media?parent=5637"}],"curies":[{"name":"wp","href":"https:\/\/api.w.org\/{rel}","templated":true}]}}