{"id":461,"date":"2025-03-13T12:01:52","date_gmt":"2025-03-13T11:01:52","guid":{"rendered":"https:\/\/www.hz-hoeren.ch\/?page_id=461"},"modified":"2025-05-22T21:22:13","modified_gmt":"2025-05-22T19:22:13","slug":"home","status":"publish","type":"page","link":"https:\/\/www.hz-hoeren.ch\/fr\/","title":{"rendered":"Accueil"},"content":{"rendered":"<img decoding=\"async\" src=\"https:\/\/ertdddteoia.exactdn.com\/wp-content\/uploads\/2020\/06\/1923.png?strip=all&lossy=1&w=1920&ssl=1\" alt=\"Logo HZ depuis 1923\" title=\"Logo HZ depuis 1923\" \/>\n\t<h3>\n\t\t\t\tCentre d'aide auditive du nord-ouest de la Suisse AG\n\t\t\t<\/h3>\n\t<h1><!--\n\t--><!--\t-->Engag\u00e9Comp\u00e9tentInd\u00e9pendantIndividuelAmpathiqueAppareils auditifsConseil<!--\n\t-->\n\t<\/h1>\n\t\t\t<a href=\"https:\/\/www.hz-hoeren.ch\/fr\/a-propos-de-nous\/\" title=\"Cliquez ici\" target=\"_self\" role=\"button\" aria-label=\"Apprenez \u00e0 conna\u00eetre HZ\">\n\t\t\t\t\t\t\tApprenez \u00e0 conna\u00eetre HZ\n\t\t<\/a>\n\t\t<h3>Test auditif gratuit<\/h3>\t\t\t\n\t\t\t<a href=\"https:\/\/www.hz-hoeren.ch\/fr\/apercu-des-services\/test-decoute-gratuit\/\" title=\"Cliquez ici\" target=\"_self\" role=\"button\" aria-label=\"Infos\">\n\t\t\t\t\t\t\tInfos\n\t\t<\/a>\n\t\t<h3>Services<\/h3>\t\t\t\n\t\t\t<a href=\"https:\/\/www.hz-hoeren.ch\/fr\/apercu-des-services\/\" title=\"Cliquez ici\" target=\"_self\" role=\"button\" aria-label=\"Aper\u00e7u\">\n\t\t\t\t\t\t\tAper\u00e7u\n\t\t<\/a>\n\t\t<h3>Branches<\/h3>\t\t\t\n\t\t\t<a href=\"https:\/\/www.hz-hoeren.ch\/fr\/trouver-une-filiale\/\" title=\"Cliquez ici\" target=\"_self\" role=\"button\" aria-label=\"Trouver\">\n\t\t\t\t\t\t\tTrouver\n\t\t<\/a>\n<h2>\n\t\tEntendre signifie appartenir\n\t<\/h2>\n\t<p>Bienvenue chez H\u00f6rmittelzentrale Nordwestschweiz AG. Le nom de notre entreprise est le fruit de sa longue histoire, qui remonte \u00e0 1923. Nous sommes aujourd'hui repr\u00e9sent\u00e9s pour vous dans la r\u00e9gion du nord-ouest de la Suisse sur trois sites (<a href=\"https:\/\/www.hz-hoeren.ch\/fr\/trouver-une-filiale\/hoermittelzentrale-basel\/\">B\u00e2le<\/a>, <a href=\"https:\/\/www.hz-hoeren.ch\/fr\/trouver-une-filiale\/hoermittelzentrale-liestal\/\">Liestal<\/a>, <a href=\"https:\/\/www.hz-hoeren.ch\/fr\/trouver-une-filiale\/hoermittelzentrale-rheinfelden\/\">Rheinfelden<\/a>).<\/p>\n<p>Nos comp\u00e9tences cl\u00e9s sont le conseil et la vente d'aides auditives, ainsi que l'\u00e9laboration de solutions autour de l'audition (adaptation d'aides auditives et d'accessoires, tests auditifs, conseils sur les acouph\u00e8nes, fabrication d'embouts auriculaires, de protections auditives et de connexions radio).<\/p>\n<p>Nos audioproth\u00e9sistes dipl\u00f4m\u00e9s* s'efforcent d'\u00e9laborer avec vous le traitement optimal de votre audition. Pour ce faire, nous accordons autant d'importance \u00e0 un conseil ind\u00e9pendant des marques et proche des gens qu'\u00e0 une <a href=\"https:\/\/www.hz-hoeren.ch\/fr\/deroulement-de-lalimentation-du-systeme-hote\/\">m\u00e9thode de travail compr\u00e9hensible et minutieuse<\/a>.<\/p>\n\t\t\t\t<img decoding=\"async\" src=\"https:\/\/ertdddteoia.exactdn.com\/wp-content\/uploads\/2025\/04\/kopie-von-e-haerz-4.0-105-x-148-mm.jpg?strip=all&lossy=1&w=1920&ssl=1\" alt=\"copie de e h\u00e4rz 4.0 (105 x 148 mm)\" title=\"Copie de E H\u00e4rz 4.0 (105 x 148 mm)\" \/>\n\t<p>Jetez un coup d'\u0153il sur notre site web et prenez rendez-vous pour un entretien-conseil sans engagement autour d'un bon caf\u00e9, ou <a href=\"https:\/\/www.hz-hoeren.ch\/fr\/trouver-branche\/\">contacter<\/a> n'h\u00e9sitez pas \u00e0 nous contacter pour toute question relative \u00e0 l'audition. Nous nous r\u00e9jouissons de vous rencontrer.<\/p>\n<h3>\n\t\tT\u00e9moignages de clients\n\t<\/h3>\n\t\t\t<p>\"Conseil comp\u00e9tent, tr\u00e8s bon service, grand choix d'appareils auditifs r\u00e9cents, service aimable. Un grand merci \u00e0 toute l'\u00e9quipe de HZ pour leur soutien et leurs conseils lors de mon nouvel appareillage. Nous y reviendrons !\"P.W. - mars 2025<\/p>\t\t\n\t\t\t<p>\"Je suis cliente de la centrale auditive depuis 7 ans. Les conseils sont tr\u00e8s professionnels et comp\u00e9tents. Le personnel fait preuve d'une grande patience, ce que j'appr\u00e9cie beaucoup. J'ai eu l'occasion de tester diverses aides auditives jusqu'\u00e0 ce que je trouve la solution la plus optimale \u00e0 mes probl\u00e8mes auditifs. \"S.T. - avril 2025\u00a0<\/p>\t\t\n\t\t\t<p>\"Je suis tr\u00e8s satisfait des conseils et de l'assistance. Toujours des r\u00e9ponses comp\u00e9tentes aux questions. Tr\u00e8s aimable et patient. \"A.D. - mars 2025<\/p>\t\t\n\t\t\t<p>\"Conseils g\u00e9niaux . Tr\u00e8s aimable . Tr\u00e8s serviable . Je le recommande vivement. \"J.J. - f\u00e9vrier 2025<\/p>","protected":false},"excerpt":{"rendered":"<p>H\u00f6rmittelzentrale Nordwestschweiz AG Engag\u00e9Comp\u00e9tentInd\u00e9pendantIndividuelAmpathiqueAides auditivesConseil Conna\u00eetre HZ Test auditif gratuit Infos Services Aper\u00e7u Filiales Trouver Entendre c'est appartenir Bienvenue chez H\u00f6rmittelzentrale Nordwestschweiz AG. Le nom de notre entreprise est le fruit de sa longue histoire, qui remonte \u00e0 1923. Nous sommes aujourd'hui repr\u00e9sent\u00e9s pour vous dans la r\u00e9gion du nord-ouest de la Suisse sur trois sites (B\u00e2le, Liestal, Rheinfelden). En tant que notre [...]<\/p>","protected":false},"author":1,"featured_media":0,"parent":0,"menu_order":0,"comment_status":"closed","ping_status":"closed","template":"","meta":{"_seopress_robots_primary_cat":"","_seopress_titles_title":"H\u00f6rmittelzentrale Nordwestschweiz AG - H\u00f6rberatung & H\u00f6rger\u00e4te","_seopress_titles_desc":"Kostenlose H\u00f6rtests, individuelle, herstellerunabh\u00e4ngige H\u00f6rberatung, H\u00f6rger\u00e4te und Geh\u00f6rschutz seit 1923.","_seopress_robots_index":"","site-sidebar-layout":"no-sidebar","site-content-layout":"page-builder","ast-site-content-layout":"full-width-container","site-content-style":"unboxed","site-sidebar-style":"unboxed","ast-global-header-display":"","ast-banner-title-visibility":"","ast-main-header-display":"","ast-hfb-above-header-display":"","ast-hfb-below-header-display":"","ast-hfb-mobile-header-display":"","site-post-title":"disabled","ast-breadcrumbs-content":"","ast-featured-img":"disabled","footer-sml-layout":"","theme-transparent-header-meta":"default","adv-header-id-meta":"","stick-header-meta":"default","header-above-stick-meta":"","header-main-stick-meta":"","header-below-stick-meta":"","astra-migrate-meta-layouts":"set","ast-page-background-enabled":"default","ast-page-background-meta":{"desktop":{"background-color":"","background-image":"","background-repeat":"repeat","background-position":"center center","background-size":"auto","background-attachment":"scroll","background-type":"","background-media":"","overlay-type":"","overlay-color":"","overlay-opacity":"","overlay-gradient":""},"tablet":{"background-color":"","background-image":"","background-repeat":"repeat","background-position":"center center","background-size":"auto","background-attachment":"scroll","background-type":"","background-media":"","overlay-type":"","overlay-color":"","overlay-opacity":"","overlay-gradient":""},"mobile":{"background-color":"","background-image":"","background-repeat":"repeat","background-position":"center center","background-size":"auto","background-attachment":"scroll","background-type":"","background-media":"","overlay-type":"","overlay-color":"","overlay-opacity":"","overlay-gradient":""}},"ast-content-background-meta":{"desktop":{"background-color":"var(--ast-global-color-5)","background-image":"","background-repeat":"repeat","background-position":"center center","background-size":"auto","background-attachment":"scroll","background-type":"","background-media":"","overlay-type":"","overlay-color":"","overlay-opacity":"","overlay-gradient":""},"tablet":{"background-color":"var(--ast-global-color-5)","background-image":"","background-repeat":"repeat","background-position":"center center","background-size":"auto","background-attachment":"scroll","background-type":"","background-media":"","overlay-type":"","overlay-color":"","overlay-opacity":"","overlay-gradient":""},"mobile":{"background-color":"var(--ast-global-color-5)","background-image":"","background-repeat":"repeat","background-position":"center center","background-size":"auto","background-attachment":"scroll","background-type":"","background-media":"","overlay-type":"","overlay-color":"","overlay-opacity":"","overlay-gradient":""}},"iawp_total_views":5214,"footnotes":""},"class_list":["post-461","page","type-page","status-publish","hentry"],"_links":{"self":[{"href":"https:\/\/www.hz-hoeren.ch\/fr\/wp-json\/wp\/v2\/pages\/461","targetHints":{"allow":["GET"]}}],"collection":[{"href":"https:\/\/www.hz-hoeren.ch\/fr\/wp-json\/wp\/v2\/pages"}],"about":[{"href":"https:\/\/www.hz-hoeren.ch\/fr\/wp-json\/wp\/v2\/types\/page"}],"author":[{"embeddable":true,"href":"https:\/\/www.hz-hoeren.ch\/fr\/wp-json\/wp\/v2\/users\/1"}],"replies":[{"embeddable":true,"href":"https:\/\/www.hz-hoeren.ch\/fr\/wp-json\/wp\/v2\/comments?post=461"}],"version-history":[{"count":233,"href":"https:\/\/www.hz-hoeren.ch\/fr\/wp-json\/wp\/v2\/pages\/461\/revisions"}],"predecessor-version":[{"id":5992,"href":"https:\/\/www.hz-hoeren.ch\/fr\/wp-json\/wp\/v2\/pages\/461\/revisions\/5992"}],"wp:attachment":[{"href":"https:\/\/www.hz-hoeren.ch\/fr\/wp-json\/wp\/v2\/media?parent=461"}],"curies":[{"name":"wp","href":"https:\/\/api.w.org\/{rel}","templated":true}]}}