{"id":2923,"date":"2021-08-30T12:13:57","date_gmt":"2021-08-30T10:13:57","guid":{"rendered":"https:\/\/www.hz-hoeren.ch\/?page_id=2923"},"modified":"2023-10-24T00:45:07","modified_gmt":"2023-10-23T22:45:07","slug":"plan-de-site","status":"publish","type":"page","link":"https:\/\/www.hz-hoeren.ch\/fr\/plan-de-site\/","title":{"rendered":"Plan du site"},"content":{"rendered":"<h1>\n\t\tEnfants et jeunes\n\t<\/h1>\n\t<h2>\n\t\t\t\tHZ - Centre de proth\u00e8ses auditives du Nord-Ouest de la Suisse AG\n\t\t\t<\/h2>\n\t<a href=\"https:\/\/www.hz-hoeren.ch\/fr\/prendre-rendez-vous\/\" target=\"_self\" aria-label=\"Go to https:\/\/www.hz-hoeren.ch\/termin-vereinbaren\/\" rel=\"noopener\"><\/a>\n\t\t<h3>Test auditif gratuit<\/h3>\t\t\t\n\t<a href=\"https:\/\/www.hz-hoeren.ch\/fr\/solutions-decoute\/\" target=\"_self\" aria-label=\"Go to https:\/\/www.hz-hoeren.ch\/hoerloesungen\/\" rel=\"noopener\"><\/a>\n\t\t<h3>Solutions auditives<\/h3>\t\t\t\n\t<a href=\"https:\/\/www.hz-hoeren.ch\/fr\/trouver-une-filiale\/\" target=\"_self\" aria-label=\"Go to https:\/\/www.hz-hoeren.ch\/filiale-finden\/\" rel=\"noopener\"><\/a>\n\t\t<h3>Branches<\/h3>\t\t\t\n\t\t\t<h5>HZ - Centre de proth\u00e8ses auditives du Nord-Ouest de la Suisse AG<\/h5><h2>Plan du site<\/h2>\n\t\t\t\t<div class=\"wrap-html-sitemap sp-html-sitemap\"><div class=\"sp-wrap-cpt\"><h2 class=\"sp-cpt-name\">Pages<\/h2><ul class=\"sp-list-posts sp-cpt-hierarchical\"><li class=\"page_item page-item-14 menu-item\"><a href=\"https:\/\/www.hz-hoeren.ch\/fr\/boutique\/\" class=\"menu-link\">Boutique<\/a><\/li><li class=\"page_item page-item-15 menu-item\"><a href=\"https:\/\/www.hz-hoeren.ch\/fr\/panier-dachat\/\" class=\"menu-link\">Panier d'achat<\/a><\/li><li class=\"page_item page-item-16 menu-item\"><a href=\"https:\/\/www.hz-hoeren.ch\/fr\/caisse\/\" class=\"menu-link\">Checkout<\/a><\/li><li class=\"page_item page-item-17 menu-item\"><a href=\"https:\/\/www.hz-hoeren.ch\/fr\/mon-compte\/\" class=\"menu-link\">Mon compte<\/a><\/li><li class=\"page_item page-item-574 current_page_parent menu-item current-menu-parent\"><a href=\"https:\/\/www.hz-hoeren.ch\/fr\/blog\/\" class=\"menu-link\">BLOG<\/a><\/li><li class=\"page_item page-item-743 menu-item\"><a href=\"https:\/\/www.hz-hoeren.ch\/fr\/prendre-rendez-vous\/\" class=\"menu-link\">Fixer un rendez-vous<\/a><\/li><li class=\"page_item page-item-756 menu-item\"><a href=\"https:\/\/www.hz-hoeren.ch\/fr\/trouver-une-filiale\/\" class=\"menu-link\">Trouver une succursale<\/a><ul class='children'><li class=\"page_item page-item-1571 menu-item\"><a href=\"https:\/\/www.hz-hoeren.ch\/fr\/trouver-une-filiale\/hoermittelzentrale-rheinfelden\/\" class=\"menu-link\">Centre d'aide auditive de Rheinfelden<\/a><\/li><li class=\"page_item page-item-1414 menu-item\"><a href=\"https:\/\/www.hz-hoeren.ch\/fr\/trouver-une-filiale\/hoermittelzentrale-basel\/\" class=\"menu-link\">Centre d'aide auditive de B\u00e2le<\/a><\/li><li class=\"page_item page-item-1568 menu-item\"><a href=\"https:\/\/www.hz-hoeren.ch\/fr\/trouver-une-filiale\/hoermittelzentrale-liestal\/\" class=\"menu-link\">Centre d'aide auditive de Liestal<\/a><\/li><\/ul><\/li><li class=\"page_item page-item-1543 menu-item\"><a href=\"https:\/\/www.hz-hoeren.ch\/fr\/a-propos-de-nous\/\" class=\"menu-link\">A propos de nous<\/a><ul class='children'><li class=\"page_item page-item-5797 menu-item\"><a href=\"https:\/\/www.hz-hoeren.ch\/fr\/a-propos-de-nous\/equipe\/\" class=\"menu-link\">\u00c9quipe<\/a><\/li><\/ul><\/li><li class=\"page_item page-item-2912 menu-item\"><a href=\"https:\/\/www.hz-hoeren.ch\/fr\/impression\/\" class=\"menu-link\">Impression<\/a><\/li><li class=\"page_item page-item-2920 menu-item\"><a href=\"https:\/\/www.hz-hoeren.ch\/fr\/clause-de-non-responsabilite\/\" class=\"menu-link\">Avis de non-responsabilit\u00e9<\/a><\/li><li class=\"page_item page-item-2923 menu-item\"><a href=\"https:\/\/www.hz-hoeren.ch\/fr\/plan-de-site\/\" class=\"menu-link\">Plan du site<\/a><\/li><li class=\"page_item page-item-3633 menu-item\"><a href=\"https:\/\/www.hz-hoeren.ch\/fr\/trouver-branche\/\" class=\"menu-link\">Contact<\/a><\/li><li class=\"page_item page-item-4227 menu-item\"><a href=\"https:\/\/www.hz-hoeren.ch\/fr\/proprietes-de-lhoersystem-2\/\" class=\"menu-link\">G\u00e9rer la newsletter<\/a><\/li><li class=\"page_item page-item-1493 menu-item\"><a href=\"https:\/\/www.hz-hoeren.ch\/fr\/apercu-des-services\/\" class=\"menu-link\">Services<\/a><ul class='children'><li class=\"page_item page-item-5042 menu-item\"><a href=\"https:\/\/www.hz-hoeren.ch\/fr\/apercu-des-services\/declaration-de-protection-des-donnees\/\" class=\"menu-link\">D\u00e9claration de confidentialit\u00e9<\/a><\/li><li class=\"page_item page-item-866 menu-item\"><a href=\"https:\/\/www.hz-hoeren.ch\/fr\/apercu-des-services\/service-de-visites-a-domicile\/\" class=\"menu-link\">Service de visites \u00e0 domicile<\/a><\/li><li class=\"page_item page-item-5637 menu-item\"><a href=\"https:\/\/www.hz-hoeren.ch\/fr\/apercu-des-services\/deroulement-de-lalimentation-du-systeme-hote\/\" class=\"menu-link\">D\u00e9roulement de l'appareillage<\/a><\/li><li class=\"page_item page-item-5670 menu-item\"><a href=\"https:\/\/www.hz-hoeren.ch\/fr\/apercu-des-services\/service-prix\/\" class=\"menu-link\">Service - Prix<\/a><\/li><li class=\"page_item page-item-5901 menu-item\"><a href=\"https:\/\/www.hz-hoeren.ch\/fr\/apercu-des-services\/test-decoute-gratuit\/\" class=\"menu-link\">Test auditif gratuit<\/a><\/li><li class=\"page_item page-item-1496 menu-item\"><a href=\"https:\/\/www.hz-hoeren.ch\/fr\/apercu-des-services\/contributions-des-porteurs-de-couts\/\" class=\"menu-link\">Contributions des organismes payeurs<\/a><\/li><\/ul><\/li><li class=\"page_item page-item-461 menu-item\"><a href=\"https:\/\/www.hz-hoeren.ch\/fr\/\" class=\"menu-link\">Accueil<\/a><\/li><li class=\"page_item page-item-778 menu-item\"><a href=\"https:\/\/www.hz-hoeren.ch\/fr\/appareils-auditifs-2\/\" class=\"menu-link\">Appareils auditifs<\/a><ul class='children'><li class=\"page_item page-item-1319 menu-item\"><a href=\"https:\/\/www.hz-hoeren.ch\/fr\/appareils-auditifs-2\/technologie-du-hoersystem\/\" class=\"menu-link\">Technologie d'aide auditives<\/a><\/li><li class=\"page_item page-item-3831 menu-item\"><a href=\"https:\/\/www.hz-hoeren.ch\/fr\/appareils-auditifs-2\/merci-de-nous-contacter\/\" class=\"menu-link\">Merci de nous contacter<\/a><\/li><li class=\"page_item page-item-4051 menu-item\"><a href=\"https:\/\/www.hz-hoeren.ch\/fr\/appareils-auditifs-2\/acouphenes\/\" class=\"menu-link\">Merci de prendre contact avec Tinnitus<\/a><\/li><li class=\"page_item page-item-1490 menu-item\"><a href=\"https:\/\/www.hz-hoeren.ch\/fr\/appareils-auditifs-2\/prix-des-systemes-decoute-2\/\" class=\"menu-link\">Aides auditives - Prix<\/a><\/li><li class=\"page_item page-item-823 menu-item\"><a href=\"https:\/\/www.hz-hoeren.ch\/fr\/appareils-auditifs-2\/modeles-dappareils-auditifs\/\" class=\"menu-link\">Formes d'appareils auditifs<\/a><\/li><li class=\"page_item page-item-5878 menu-item\"><a href=\"https:\/\/www.hz-hoeren.ch\/fr\/appareils-auditifs-2\/nouveautes-appareils-auditifs\/\" class=\"menu-link\">Nouveaut\u00e9s des aides auditives<\/a><\/li><\/ul><\/li><li class=\"page_item page-item-6046 menu-item\"><a href=\"https:\/\/www.hz-hoeren.ch\/fr\/hoermittelzentrale-rheinfelden-landing25\/\" class=\"menu-link\">H\u00f6rmittelzentrale Rheinfelden Page de renvoi<\/a><\/li><li class=\"page_item page-item-6049 menu-item\"><a href=\"https:\/\/www.hz-hoeren.ch\/fr\/hoermittelzentrale-liestal-landing-25\/\" class=\"menu-link\">Centre d'audioproth\u00e8se de Liestal Landing 25<\/a><\/li><\/ul><\/div><div class=\"sp-wrap-cpt\"><h2 class=\"sp-cpt-name\">Articles<\/h2><\/div><div class=\"sp-wrap-cpt\"><h2 class=\"sp-cpt-name\">Produits<\/h2><div class=\"sp-archive-link\"><a href=\"https:\/\/www.hz-hoeren.ch\/fr\/boutique\/\">View all produits<\/a><\/div><div class=\"sp-wrap-cats\"><div class=\"sp-wrap-cat\"><h3 class=\"sp-cat-name\"><a href=\"https:\/\/www.hz-hoeren.ch\/fr\/categorie-de-produit\/non-categorise\/\">Non class\u00e9<\/a><\/h3><ul class=\"sp-list-posts\"><li><a href=\"https:\/\/www.hz-hoeren.ch\/fr\/produit\/rc-dex\/\">RC-DEX<\/a><\/li><li><a href=\"https:\/\/www.hz-hoeren.ch\/fr\/produit\/tv-dex-set\/\">Ensemble TV-DEX<\/a><\/li><li><a href=\"https:\/\/www.hz-hoeren.ch\/fr\/produit\/tv-play\/\">TV PLAY<\/a><\/li><li><a href=\"https:\/\/www.hz-hoeren.ch\/fr\/produit\/controle-a-distance\/\">T\u00e9l\u00e9commande<\/a><\/li><li><a href=\"https:\/\/www.hz-hoeren.ch\/fr\/produit\/tv-connector-phonak\/\">CONNECTEUR TV PHONAK<\/a><\/li><li><a href=\"https:\/\/www.hz-hoeren.ch\/fr\/produit\/bellman-max-pro-be2024\/\">Bellman Audio Max Pro<\/a><\/li><li><a href=\"https:\/\/www.hz-hoeren.ch\/fr\/produit\/reveil-de-voyage-travel-tim\/\">R\u00e9veil de voyage Travel Tim<\/a><\/li><li><a href=\"https:\/\/www.hz-hoeren.ch\/fr\/produit\/tv-amplificateur-de-voix-oskar-sv-100\/\">Amplificateur de parole TV \/ Oskar SV-100<\/a><\/li><li><a href=\"https:\/\/www.hz-hoeren.ch\/fr\/produit\/widex-nanocare-filtre-a-cerumen\/\">WIDEX Nanocare filtre \u00e0 c\u00e9rumen<\/a><\/li><\/ul><\/div><\/div><\/div><\/div>","protected":false},"excerpt":{"rendered":"<p>Enfants et adolescents HZ - H\u00f6rmittelzentrale Nordwestschweiz AG Test auditif gratuit Solutions auditives Succursales HZ - H\u00f6rmittelzentrale Nordwestschweiz AG Plan du site<\/p>","protected":false},"author":1,"featured_media":0,"parent":0,"menu_order":0,"comment_status":"closed","ping_status":"closed","template":"","meta":{"_seopress_robots_primary_cat":"","_seopress_titles_title":"Sitemap | H\u00f6rmittelzentrale Nordwestschweiz AG","_seopress_titles_desc":"Entdecken Sie unsere H\u00f6rger\u00e4te. Nutzen Sie unser Seitenverzeichnis f\u00fcr einfache Navigation. Finden Sie Ihre perfekte L\u00f6sung.","_seopress_robots_index":"","site-sidebar-layout":"default","site-content-layout":"default","ast-site-content-layout":"default","site-content-style":"default","site-sidebar-style":"default","ast-global-header-display":"","ast-banner-title-visibility":"","ast-main-header-display":"","ast-hfb-above-header-display":"","ast-hfb-below-header-display":"","ast-hfb-mobile-header-display":"","site-post-title":"disabled","ast-breadcrumbs-content":"","ast-featured-img":"","footer-sml-layout":"","theme-transparent-header-meta":"default","adv-header-id-meta":"","stick-header-meta":"default","header-above-stick-meta":"","header-main-stick-meta":"","header-below-stick-meta":"","astra-migrate-meta-layouts":"set","ast-page-background-enabled":"default","ast-page-background-meta":{"desktop":{"background-color":"","background-image":"","background-repeat":"repeat","background-position":"center center","background-size":"auto","background-attachment":"scroll","background-type":"","background-media":"","overlay-type":"","overlay-color":"","overlay-opacity":"","overlay-gradient":""},"tablet":{"background-color":"","background-image":"","background-repeat":"repeat","background-position":"center center","background-size":"auto","background-attachment":"scroll","background-type":"","background-media":"","overlay-type":"","overlay-color":"","overlay-opacity":"","overlay-gradient":""},"mobile":{"background-color":"","background-image":"","background-repeat":"repeat","background-position":"center center","background-size":"auto","background-attachment":"scroll","background-type":"","background-media":"","overlay-type":"","overlay-color":"","overlay-opacity":"","overlay-gradient":""}},"ast-content-background-meta":{"desktop":{"background-color":"var(--ast-global-color-5)","background-image":"","background-repeat":"repeat","background-position":"center center","background-size":"auto","background-attachment":"scroll","background-type":"","background-media":"","overlay-type":"","overlay-color":"","overlay-opacity":"","overlay-gradient":""},"tablet":{"background-color":"var(--ast-global-color-5)","background-image":"","background-repeat":"repeat","background-position":"center center","background-size":"auto","background-attachment":"scroll","background-type":"","background-media":"","overlay-type":"","overlay-color":"","overlay-opacity":"","overlay-gradient":""},"mobile":{"background-color":"var(--ast-global-color-5)","background-image":"","background-repeat":"repeat","background-position":"center center","background-size":"auto","background-attachment":"scroll","background-type":"","background-media":"","overlay-type":"","overlay-color":"","overlay-opacity":"","overlay-gradient":""}},"iawp_total_views":60,"footnotes":""},"class_list":["post-2923","page","type-page","status-publish","hentry"],"_links":{"self":[{"href":"https:\/\/www.hz-hoeren.ch\/fr\/wp-json\/wp\/v2\/pages\/2923","targetHints":{"allow":["GET"]}}],"collection":[{"href":"https:\/\/www.hz-hoeren.ch\/fr\/wp-json\/wp\/v2\/pages"}],"about":[{"href":"https:\/\/www.hz-hoeren.ch\/fr\/wp-json\/wp\/v2\/types\/page"}],"author":[{"embeddable":true,"href":"https:\/\/www.hz-hoeren.ch\/fr\/wp-json\/wp\/v2\/users\/1"}],"replies":[{"embeddable":true,"href":"https:\/\/www.hz-hoeren.ch\/fr\/wp-json\/wp\/v2\/comments?post=2923"}],"version-history":[{"count":4,"href":"https:\/\/www.hz-hoeren.ch\/fr\/wp-json\/wp\/v2\/pages\/2923\/revisions"}],"predecessor-version":[{"id":3947,"href":"https:\/\/www.hz-hoeren.ch\/fr\/wp-json\/wp\/v2\/pages\/2923\/revisions\/3947"}],"wp:attachment":[{"href":"https:\/\/www.hz-hoeren.ch\/fr\/wp-json\/wp\/v2\/media?parent=2923"}],"curies":[{"name":"wp","href":"https:\/\/api.w.org\/{rel}","templated":true}]}}