{"id":2920,"date":"2021-08-30T12:11:27","date_gmt":"2021-08-30T10:11:27","guid":{"rendered":"https:\/\/www.hz-hoeren.ch\/?page_id=2920"},"modified":"2023-09-25T10:54:56","modified_gmt":"2023-09-25T08:54:56","slug":"clause-de-non-responsabilite","status":"publish","type":"page","link":"https:\/\/www.hz-hoeren.ch\/fr\/clause-de-non-responsabilite\/","title":{"rendered":"Avis de non-responsabilit\u00e9"},"content":{"rendered":"<h1>\n\t\tEnfants et jeunes\n\t<\/h1>\n\t<h2>\n\t\t\t\tHZ - Centre de proth\u00e8ses auditives du Nord-Ouest de la Suisse AG\n\t\t\t<\/h2>\n\t<a href=\"https:\/\/www.hz-hoeren.ch\/fr\/prendre-rendez-vous\/\" target=\"_self\" aria-label=\"Go to https:\/\/www.hz-hoeren.ch\/termin-vereinbaren\/\" rel=\"noopener\"><\/a>\n\t\t<h3>Test auditif gratuit<\/h3>\t\t\t\n\t<a href=\"https:\/\/www.hz-hoeren.ch\/fr\/solutions-decoute\/\" target=\"_self\" aria-label=\"Go to https:\/\/www.hz-hoeren.ch\/hoerloesungen\/\" rel=\"noopener\"><\/a>\n\t\t<h3>Solutions auditives<\/h3>\t\t\t\n\t<a href=\"https:\/\/www.hz-hoeren.ch\/fr\/trouver-une-filiale\/\" target=\"_self\" aria-label=\"Go to https:\/\/www.hz-hoeren.ch\/filiale-finden\/\" rel=\"noopener\"><\/a>\n\t\t<h3>Branches<\/h3>\t\t\t\n\t\t\t<h5>HZ - Centre de proth\u00e8ses auditives du Nord-Ouest de la Suisse AG<\/h5><h2>Avis de non-responsabilit\u00e9<\/h2>\n\t\t\t<h3>Avis de diligence raisonnable<\/h3>\t\t\t\n\t\t\t\t<p>Toutes les informations figurant sur ce site web sont recherch\u00e9es et saisies avec le plus grand soin. N\u00e9anmoins, nous ne pouvons pas exclure compl\u00e8tement la possibilit\u00e9 d'erreurs dans le contenu. Si des liens sont fournis vers des sites externes, nous n'avons aucune influence sur leur contenu, leur exactitude et les modifications apport\u00e9es \u00e0 ces sites externes. Par cons\u00e9quent, nous ne pouvons accepter aucune responsabilit\u00e9 pour les erreurs qui peuvent se produire sur notre propre site web ou sur leurs pages li\u00e9es, ou qui r\u00e9sultent des informations contenues dans ces pages.<\/p>\n\t\t\t<h3>Copyright<\/h3>\t\t\t\n\t\t\t\t<p>Tous les textes, images et dessins de ce site web ne peuvent \u00eatre utilis\u00e9s qu'avec l'autorisation \u00e9crite de la H\u00f6rmittelzentrale Nordwestschweiz AG.<\/p>\n\t\t\t<h3>Mesdames et Messieurs<\/h3>\t\t\t\n\t\t\t\t<p>Pour simplifier la lisibilit\u00e9 et le d\u00e9roulement de la lecture, seule la forme masculine ou seule la forme f\u00e9minine peut \u00eatre utilis\u00e9e dans le texte. Tous les genres sont toujours inclus.<\/p>\n\t\t\t<h3>Google Analytics<\/h3>\t\t\t\n\t\t\t\t<p>Le site hz-hoeren.ch utilise Google Analytics, un service d'analyse du Web fourni par Google, Inc. (Google). Google Analytics utilise des cookies (fichiers texte) qui sont enregistr\u00e9s sur votre ordinateur et qui permettent d'analyser votre utilisation du site web. Les informations relatives \u00e0 votre utilisation du pr\u00e9sent site Web sont g\u00e9n\u00e9ralement transf\u00e9r\u00e9es \u00e0 un serveur de Google aux \u00c9tats-Unis et y sont stock\u00e9es. Dans des cas exceptionnels, l'adresse IP compl\u00e8te est transmise \u00e0 un serveur de Google aux \u00c9tats-Unis et y est raccourcie. Google utilisera cette information dans le but d'\u00e9valuer votre utilisation du site, de compiler des rapports sur l'activit\u00e9 du site \u00e0 destination de son \u00e9diteur et de fournir d'autres services relatifs \u00e0 l'activit\u00e9 du site. Google peut transmettre ces informations \u00e0 des tiers si la loi l'exige ou si ces tiers traitent ces informations pour le compte de Google.<\/p>\n\t\t\t<h3>Cookies<\/h3>\t\t\t\n\t\t\t\t<p>Vous pouvez refuser l'utilisation de cookies en s\u00e9lectionnant les param\u00e8tres appropri\u00e9s de votre navigateur. Nous attirons toutefois votre attention sur le fait que, dans ce cas, il se peut que vous ne puissiez pas utiliser pleinement toutes les fonctions de ce site web. En utilisant ce site Web, vous consentez au traitement des donn\u00e9es vous concernant par Google de la mani\u00e8re et aux fins d\u00e9crites ci-dessus.<\/p>\n\t\t\t<h3>A quoi sert cette information<\/h3>\t\t\t\n\t\t\t\t<p>Nous attirons votre attention sur les faits susmentionn\u00e9s afin de respecter les obligations dans le cadre de l'utilisation de Google Analytics. Nous utilisons les outils couramment utilis\u00e9s par Google aujourd'hui. Nous utilisons les informations qui en r\u00e9sultent pour am\u00e9liorer l'exp\u00e9rience de l'utilisateur sur hz-hoeren.ch.<\/p>","protected":false},"excerpt":{"rendered":"<p>Enfants et adolescents HZ - H\u00f6rmittelzentrale Nordwestschweiz AG Test auditif gratuit Solutions auditives Succursales HZ - H\u00f6rmittelzentrale Nordwestschweiz AG Disclaimer Consignes de prudence Toutes les informations figurant sur ce site Internet ont \u00e9t\u00e9 recherch\u00e9es et mises \u00e0 jour avec le plus grand soin. Cependant, nous ne pouvons pas exclure compl\u00e8tement les erreurs de contenu. Si un lien est \u00e9tabli vers des pages externes, nous n'avons aucune influence sur leur contenu, leur exactitude et les modifications [...].<\/p>","protected":false},"author":1,"featured_media":0,"parent":0,"menu_order":0,"comment_status":"closed","ping_status":"closed","template":"","meta":{"_seopress_robots_primary_cat":"","_seopress_titles_title":"Disclaimer | H\u00f6rmittelzentrale Nordwestschweiz AG","_seopress_titles_desc":"Alle Informationen auf der Webseite werden mit Sorgfalt recherchiert und eingepflegt. Trotzdem k\u00f6nnen wir inhaltliche Fehler nicht vollst\u00e4ndig ausschliessen. ","_seopress_robots_index":"","site-sidebar-layout":"default","site-content-layout":"default","ast-site-content-layout":"default","site-content-style":"default","site-sidebar-style":"default","ast-global-header-display":"","ast-banner-title-visibility":"","ast-main-header-display":"","ast-hfb-above-header-display":"","ast-hfb-below-header-display":"","ast-hfb-mobile-header-display":"","site-post-title":"disabled","ast-breadcrumbs-content":"","ast-featured-img":"","footer-sml-layout":"","theme-transparent-header-meta":"default","adv-header-id-meta":"","stick-header-meta":"default","header-above-stick-meta":"","header-main-stick-meta":"","header-below-stick-meta":"","astra-migrate-meta-layouts":"set","ast-page-background-enabled":"default","ast-page-background-meta":{"desktop":{"background-color":"","background-image":"","background-repeat":"repeat","background-position":"center center","background-size":"auto","background-attachment":"scroll","background-type":"","background-media":"","overlay-type":"","overlay-color":"","overlay-opacity":"","overlay-gradient":""},"tablet":{"background-color":"","background-image":"","background-repeat":"repeat","background-position":"center center","background-size":"auto","background-attachment":"scroll","background-type":"","background-media":"","overlay-type":"","overlay-color":"","overlay-opacity":"","overlay-gradient":""},"mobile":{"background-color":"","background-image":"","background-repeat":"repeat","background-position":"center center","background-size":"auto","background-attachment":"scroll","background-type":"","background-media":"","overlay-type":"","overlay-color":"","overlay-opacity":"","overlay-gradient":""}},"ast-content-background-meta":{"desktop":{"background-color":"var(--ast-global-color-5)","background-image":"","background-repeat":"repeat","background-position":"center center","background-size":"auto","background-attachment":"scroll","background-type":"","background-media":"","overlay-type":"","overlay-color":"","overlay-opacity":"","overlay-gradient":""},"tablet":{"background-color":"var(--ast-global-color-5)","background-image":"","background-repeat":"repeat","background-position":"center center","background-size":"auto","background-attachment":"scroll","background-type":"","background-media":"","overlay-type":"","overlay-color":"","overlay-opacity":"","overlay-gradient":""},"mobile":{"background-color":"var(--ast-global-color-5)","background-image":"","background-repeat":"repeat","background-position":"center center","background-size":"auto","background-attachment":"scroll","background-type":"","background-media":"","overlay-type":"","overlay-color":"","overlay-opacity":"","overlay-gradient":""}},"iawp_total_views":55,"footnotes":""},"class_list":["post-2920","page","type-page","status-publish","hentry"],"_links":{"self":[{"href":"https:\/\/www.hz-hoeren.ch\/fr\/wp-json\/wp\/v2\/pages\/2920","targetHints":{"allow":["GET"]}}],"collection":[{"href":"https:\/\/www.hz-hoeren.ch\/fr\/wp-json\/wp\/v2\/pages"}],"about":[{"href":"https:\/\/www.hz-hoeren.ch\/fr\/wp-json\/wp\/v2\/types\/page"}],"author":[{"embeddable":true,"href":"https:\/\/www.hz-hoeren.ch\/fr\/wp-json\/wp\/v2\/users\/1"}],"replies":[{"embeddable":true,"href":"https:\/\/www.hz-hoeren.ch\/fr\/wp-json\/wp\/v2\/comments?post=2920"}],"version-history":[{"count":5,"href":"https:\/\/www.hz-hoeren.ch\/fr\/wp-json\/wp\/v2\/pages\/2920\/revisions"}],"predecessor-version":[{"id":5046,"href":"https:\/\/www.hz-hoeren.ch\/fr\/wp-json\/wp\/v2\/pages\/2920\/revisions\/5046"}],"wp:attachment":[{"href":"https:\/\/www.hz-hoeren.ch\/fr\/wp-json\/wp\/v2\/media?parent=2920"}],"curies":[{"name":"wp","href":"https:\/\/api.w.org\/{rel}","templated":true}]}}