{"id":2912,"date":"2021-08-30T11:41:30","date_gmt":"2021-08-30T09:41:30","guid":{"rendered":"https:\/\/www.hz-hoeren.ch\/?page_id=2912"},"modified":"2025-07-17T19:11:17","modified_gmt":"2025-07-17T17:11:17","slug":"impression","status":"publish","type":"page","link":"https:\/\/www.hz-hoeren.ch\/fr\/impression\/","title":{"rendered":"Impression"},"content":{"rendered":"<h1>\n\t\t\tEnfants et jeunes\t<\/h1>\n\t<h2>\n\t\t\t\tHZ - Centre de proth\u00e8ses auditives du Nord-Ouest de la Suisse AG\n\t\t\t<\/h2>\n\t<a href=\"https:\/\/www.hz-hoeren.ch\/fr\/trouver-branche\/\" target=\"_self\"  aria-label=\"Go to https:\/\/www.hz-hoeren.ch\/kontakt\/\"><\/a>\n\t\t<h3>Rendez-vous<\/h3>\t\t\t\n\t<a href=\"https:\/\/www.hz-hoeren.ch\/fr\/solutions-decoute\/\" target=\"_self\"  aria-label=\"Go to https:\/\/www.hz-hoeren.ch\/hoerloesungen\/\"><\/a>\n\t\t<h3>Appareils auditifs<\/h3>\t\t\t\n\t<a href=\"https:\/\/www.hz-hoeren.ch\/fr\/trouver-une-filiale\/\" target=\"_self\"  aria-label=\"Go to https:\/\/www.hz-hoeren.ch\/filiale-finden\/\"><\/a>\n\t\t<h3>Branches<\/h3>\t\t\t\n\t\t\t<h5>HZ - Centre de proth\u00e8ses auditives du Nord-Ouest de la Suisse AG<\/h5><h2>Impression<\/h2>\n\t\t\t<h3>Editeur<\/h3>\t\t\t\n\t\t\t\t<p>Centre d'aide auditive du nord-ouest de la Suisse AG<br \/>Stadthausgasse 15<br \/>CH - 4051 B\u00e2le<\/p>\n<p>T\u00e9l\u00e9phone : +41 61 269 89 89<br \/>Fax : +41 61 269 89 88<br \/>Courriel : <a href=\"mailto:basel@hz-hoeren.ch\">basel@hz-hoeren.ch<\/a><\/p>\n\t\t\t<h3>R\u00e9alisation de la conception du site web<\/h3>\t\t\t\n\t\t\t\t<p>flink think GmbH, Conception Web et marketing en ligne<\/p>\n<p>Ce site web a \u00e9t\u00e9 cr\u00e9\u00e9 par <a href=\"https:\/\/www.flinkthink.ch\" rel=\"noopener\" data-slimstat=\"5\">flinkthink.ch<\/a> r\u00e9alis\u00e9. <a href=\"https:\/\/www.flinkthink.ch\/webdesign-basel\/\" rel=\"noopener\" data-slimstat=\"5\">Conception de sites web et marketing en ligne avec WordPress \u00e0 B\u00e2le<\/a>. L'agence pour les projets WordPress et le marketing en ligne. <a href=\"https:\/\/www.wpupdate.ch\/\" target=\"_blank\" rel=\"noopener\">Maintenance et h\u00e9bergement de WordPress avec exp\u00e9rience<\/a>.<\/p>","protected":false},"excerpt":{"rendered":"<p>Kinder und Jugendliche HZ &#8211; H\u00f6rmittelzentrale Nordwestschweiz AG Termin H\u00f6rger\u00e4te Filialen HZ &#8211; H\u00f6rmittelzentrale Nordwestschweiz AG Impressum Herausgeber H\u00f6rmittelzentrale Nordwestschweiz AGStadthausgasse 15CH &#8211; 4051 Basel Telefon: +41 61 269 89 89Fax: +41 61 269 89 88E-Mail: basel@hz-hoeren.ch Realisation Webdesign flink think GmbH, Webdesign &amp; Online Marketing Diese Website wurde durch flinkthink.ch realisiert. Webdesign &amp; Online [&hellip;]<\/p>","protected":false},"author":1,"featured_media":0,"parent":0,"menu_order":0,"comment_status":"closed","ping_status":"closed","template":"","meta":{"_seopress_robots_primary_cat":"","_seopress_titles_title":"Impressum | H\u00f6rmittelzentrale Nordwestschweiz AG","_seopress_titles_desc":"Herausgeber der Webseite ist die HZ. Diese wurde durch flinkthink.ch die Agentur f\u00fcr WordPress-Projekte und Online Marketing realisiert.","_seopress_robots_index":"","site-sidebar-layout":"default","site-content-layout":"default","ast-site-content-layout":"default","site-content-style":"default","site-sidebar-style":"default","ast-global-header-display":"","ast-banner-title-visibility":"","ast-main-header-display":"","ast-hfb-above-header-display":"","ast-hfb-below-header-display":"","ast-hfb-mobile-header-display":"","site-post-title":"disabled","ast-breadcrumbs-content":"","ast-featured-img":"","footer-sml-layout":"","theme-transparent-header-meta":"default","adv-header-id-meta":"","stick-header-meta":"default","header-above-stick-meta":"","header-main-stick-meta":"","header-below-stick-meta":"","astra-migrate-meta-layouts":"set","ast-page-background-enabled":"default","ast-page-background-meta":{"desktop":{"background-color":"","background-image":"","background-repeat":"repeat","background-position":"center center","background-size":"auto","background-attachment":"scroll","background-type":"","background-media":"","overlay-type":"","overlay-color":"","overlay-opacity":"","overlay-gradient":""},"tablet":{"background-color":"","background-image":"","background-repeat":"repeat","background-position":"center center","background-size":"auto","background-attachment":"scroll","background-type":"","background-media":"","overlay-type":"","overlay-color":"","overlay-opacity":"","overlay-gradient":""},"mobile":{"background-color":"","background-image":"","background-repeat":"repeat","background-position":"center center","background-size":"auto","background-attachment":"scroll","background-type":"","background-media":"","overlay-type":"","overlay-color":"","overlay-opacity":"","overlay-gradient":""}},"ast-content-background-meta":{"desktop":{"background-color":"var(--ast-global-color-5)","background-image":"","background-repeat":"repeat","background-position":"center center","background-size":"auto","background-attachment":"scroll","background-type":"","background-media":"","overlay-type":"","overlay-color":"","overlay-opacity":"","overlay-gradient":""},"tablet":{"background-color":"var(--ast-global-color-5)","background-image":"","background-repeat":"repeat","background-position":"center center","background-size":"auto","background-attachment":"scroll","background-type":"","background-media":"","overlay-type":"","overlay-color":"","overlay-opacity":"","overlay-gradient":""},"mobile":{"background-color":"var(--ast-global-color-5)","background-image":"","background-repeat":"repeat","background-position":"center center","background-size":"auto","background-attachment":"scroll","background-type":"","background-media":"","overlay-type":"","overlay-color":"","overlay-opacity":"","overlay-gradient":""}},"iawp_total_views":207,"footnotes":""},"class_list":["post-2912","page","type-page","status-publish","hentry"],"_links":{"self":[{"href":"https:\/\/www.hz-hoeren.ch\/fr\/wp-json\/wp\/v2\/pages\/2912","targetHints":{"allow":["GET"]}}],"collection":[{"href":"https:\/\/www.hz-hoeren.ch\/fr\/wp-json\/wp\/v2\/pages"}],"about":[{"href":"https:\/\/www.hz-hoeren.ch\/fr\/wp-json\/wp\/v2\/types\/page"}],"author":[{"embeddable":true,"href":"https:\/\/www.hz-hoeren.ch\/fr\/wp-json\/wp\/v2\/users\/1"}],"replies":[{"embeddable":true,"href":"https:\/\/www.hz-hoeren.ch\/fr\/wp-json\/wp\/v2\/comments?post=2912"}],"version-history":[{"count":11,"href":"https:\/\/www.hz-hoeren.ch\/fr\/wp-json\/wp\/v2\/pages\/2912\/revisions"}],"predecessor-version":[{"id":6041,"href":"https:\/\/www.hz-hoeren.ch\/fr\/wp-json\/wp\/v2\/pages\/2912\/revisions\/6041"}],"wp:attachment":[{"href":"https:\/\/www.hz-hoeren.ch\/fr\/wp-json\/wp\/v2\/media?parent=2912"}],"curies":[{"name":"wp","href":"https:\/\/api.w.org\/{rel}","templated":true}]}}