{"id":1568,"date":"2025-06-25T06:12:59","date_gmt":"2025-06-25T04:12:59","guid":{"rendered":"https:\/\/www.hz-hoeren.ch\/?page_id=1568"},"modified":"2026-02-27T12:15:43","modified_gmt":"2026-02-27T11:15:43","slug":"hoermittelzentrale-liestal","status":"publish","type":"page","link":"https:\/\/www.hz-hoeren.ch\/fr\/trouver-une-filiale\/hoermittelzentrale-liestal\/","title":{"rendered":"Centre d'aide auditive de Liestal"},"content":{"rendered":"<h1>\n\t\t\tEnfants et jeunes\t<\/h1>\n\t<h2>\n\t\t\t\tConseil auditif r\u00e9gion B\u00e2le-Campagne\n\t\t\t<\/h2>\n\t<a href=\"https:\/\/www.hz-hoeren.ch\/fr\/trouver-une-filiale\/hoermittelzentrale-basel\/\" target=\"_self\" aria-label=\"Go to https:\/\/www.hz-hoeren.ch\/filiale-finden\/hoermittelzentrale-basel\/\"><\/a>\n\t\t\t<h3>B\u00e2le<\/h3>\t\t\t\n\t<a href=\"https:\/\/www.hz-hoeren.ch\/fr\/trouver-une-filiale\/hoermittelzentrale-liestal\/\" target=\"_self\" aria-label=\"Go to https:\/\/www.hz-hoeren.ch\/filiale-finden\/hoermittelzentrale-liestal\/\"><\/a>\n\t\t\t<h3>Liestal<\/h3>\t\t\t\n\t<a href=\"https:\/\/www.hz-hoeren.ch\/fr\/trouver-une-filiale\/hoermittelzentrale-rheinfelden\/\" target=\"_self\" aria-label=\"Go to https:\/\/www.hz-hoeren.ch\/filiale-finden\/hoermittelzentrale-rheinfelden\/\"><\/a>\n\t\t\t<h3>Rheinfelden<\/h3>\t\t\t\n\t\t\t<h3>Centre d'aide auditive de Liestal<\/h3>\t\t\t\n\t\t\t\t<p>Centre d'aide auditive du nord-ouest de la Suisse AG<br \/>Rathausstrasse 11<br \/>CH - 4410 Liestal<br \/>T\u00e9l\u00e9phone +41 61 903 17 17<br \/><a href=\"mailto:liestal@hz-hoeren.ch\">liestal@hz-hoeren.ch<\/a><\/p>\n<p><strong>Heures d'ouverture<\/strong><\/p>\n<p>lundi - vendredi<br \/>8 h 00 - 12 h 00 et de 13 h 30 - 17 h 30<\/p>\n<p><a href=\"https:\/\/www.hz-hoeren.ch\/fr\/trouver-branche\/\">Dates<\/a> et <a href=\"https:\/\/www.hz-hoeren.ch\/fr\/nos-services\/service-de-visites-a-domicile\/\">Visites \u00e0 domicile<\/a> sont \u00e9galement possibles sur rendez-vous en dehors des heures d'ouverture normales.<\/p>\n<p><strong>Locaux accessibles en fauteuil roulant<\/strong><\/p>\n<p><strong>Parking<\/strong><br \/>De nombreuses places de stationnement public sont disponibles sur l'avenue et sur la Zeughausplatz.<\/p>\n\t\t\t\t<img decoding=\"async\" src=\"https:\/\/ertdddteoia.exactdn.com\/wp-content\/uploads\/2021\/11\/web_DSC0885-scaled.jpg?strip=all&lossy=1&resize=1920%2C1280&ssl=1\" alt=\"Vue ext\u00e9rieure de la filiale HZ Liestal\" height=\"1600\" width=\"2400\" title=\"HZ Liestal vue de l&#039;ext\u00e9rieur\" loading='lazy' \/>\n\t\t\t\t<img decoding=\"async\" src=\"https:\/\/ertdddteoia.exactdn.com\/wp-content\/uploads\/bb-plugin\/cache\/webbilder__DSC0734-square.jpg?strip=all&lossy=1&w=1920&ssl=1\" alt=\"Andi Benz Directeur adjoint ainsi que directeur de la filiale et musicien p\u00e9diatrique de HZ Liestal\" title=\"HZ Team Liestal\" \/>\n\t\t<h3>Andi Benz<\/h3>\t\t\t\n\t\t\t\t<p>Directeur de succursale<br \/>Acousticien p\u00e9diatrique dipl\u00f4m\u00e9<\/p>\n\t\t\t\t<img decoding=\"async\" src=\"https:\/\/ertdddteoia.exactdn.com\/wp-content\/uploads\/bb-plugin\/cache\/whatsapp-image-2022-11-25-at-12.08.35-1--square.jpg?strip=all&lossy=1&w=1920&ssl=1\" alt=\"whatsapp image 2022 11 25 at 12.08.35 1\" title=\"whatsapp image 2022 11 25 at 12.08.35 1\" \/>\n\t\t<h3>Heidi B\u00e4chli-Sch\u00f6negger<\/h3>\t\t\t\n\t\t\t\t<p>Consultant en acoustique<\/p>\n\t\t\t\t<img decoding=\"async\" src=\"https:\/\/ertdddteoia.exactdn.com\/wp-content\/uploads\/bb-plugin\/cache\/webbilder__DSC0561-square.jpg?strip=all&lossy=1&w=1920&ssl=1\" alt=\"Conseill\u00e8re en acoustique de la HZ Basel\" title=\"HZ \u00c9quipe de B\u00e2le\" \/>\n\t\t<h3>Evi Matiz<\/h3>\t\t\t\n\t\t\t\t<p>Consultant en acoustique<\/p>\n\t\t\t<a href=\"https:\/\/www.google.com\/maps\/@47.4847941,7.7343936,3a,75y,358.24h,98.53t\/data=!3m8!1e1!3m6!1sCIABIhDv_7xv8UnWfv8WrqXqoB3T!2e10!3e12!6shttps:%2F%2Flh3.googleusercontent.com%2Fgpms-cs-s%2FAPRy3c_nFr76avrRvp75KX6duXd9ywAMDsn-atW0aINPikl1gWBJyINxOXiDZDC2-XRJGs-ow_Oekz8uEjV0JY63CvBF6s8VIiVK_UTIRXVAAasSYpdmxbS6w2AM-HIiVdfffe18vQdNC-LBpZFs%3Dw900-h600-k-no-pi-8.530000000000001-ya175.8400061035156-ro0-fo100!7i10000!8i5000?entry=ttu&amp;g_ep=EgoyMDI1MTIwMi4wIKXMDSoASAFQAw%3D%3D\" title=\"Vue 3D de la branche\" target=\"_blank\" rel=\"noopener\" role=\"button\" aria-label=\"Vue 3D de la branche\">\n\t\t\t\t\t\t\t\t\t\t\tVue 3D de la branche\n\t\t<\/a>\n\t<strong>Mon chemin vers HZ<\/strong><br \/>\nHZ Liestal est situ\u00e9 en face du b\u00e2timent du gouvernement, au d\u00e9but de la zone pi\u00e9tonne de la vieille ville. La gare ferroviaire est \u00e0 250 m\u00e8tres.\n\t\t\t\t<a href=\"https:\/\/www.google.com\/maps\/place\/H%C3%B6rmittelzentrale+Liestal\/@47.484754,7.734381,16z\/data=!4m5!3m4!1s0x0:0x627108dd1e16cad4!8m2!3d47.4847537!4d7.7343809?hl=de\" target=\"_blank\" rel=\"noopener\">\n\t\t\t\t<img decoding=\"async\" src=\"https:\/\/ertdddteoia.exactdn.com\/wp-content\/uploads\/2021\/09\/hoermittelzentrale_Plan_Liestal.svg\" alt=\"Itin\u00e9raire vers la filiale HZ Liestal\" height=\"100\" width=\"100\" title=\"Itin\u00e9raire HZ Liestal\" loading='lazy' \/>\n\t\t\t\t<\/a>","protected":false},"excerpt":{"rendered":"<p>Enfants et adolescents Consultation auditive R\u00e9gion B\u00e2le-Campagne B\u00e2le Liestal Rheinfelden H\u00f6rmittelzentrale Liestal H\u00f6rmittelzentrale Nordwestschweiz AGRathausstrasse 11CH - 4410 LiestalT\u00e9l\u00e9phone +41 61 903 17 17liestal@hz-hoeren.ch Heures d'ouverture du lundi au vendredi8h00 - 12h00 et de 13h30 \u00e0 17h30 Les rendez-vous ainsi que les visites \u00e0 domicile sont \u00e9galement possibles sur rendez-vous en dehors des heures d'ouverture normales. Locaux accessibles en fauteuil roulant ParkingDe nombreux parkings publics sont [...].<\/p>","protected":false},"author":9,"featured_media":0,"parent":756,"menu_order":0,"comment_status":"closed","ping_status":"closed","template":"","meta":{"_seopress_robots_primary_cat":"","_seopress_titles_title":"HZ Liestal | Ihre kostenlose H\u00f6rberatung in der N\u00e4he","_seopress_titles_desc":"Die HZ ist unabh\u00e4ngig von Herstellern und Beh\u00f6rden. Sie garantiert ihren Kundinnen und Kunden eine individuelle Beratung und L\u00f6sungen zu fairen Bedingungen.","_seopress_robots_index":"","site-sidebar-layout":"default","site-content-layout":"page-builder","ast-site-content-layout":"full-width-container","site-content-style":"unboxed","site-sidebar-style":"unboxed","ast-global-header-display":"","ast-banner-title-visibility":"","ast-main-header-display":"","ast-hfb-above-header-display":"","ast-hfb-below-header-display":"","ast-hfb-mobile-header-display":"","site-post-title":"disabled","ast-breadcrumbs-content":"","ast-featured-img":"","footer-sml-layout":"","theme-transparent-header-meta":"default","adv-header-id-meta":"","stick-header-meta":"default","header-above-stick-meta":"","header-main-stick-meta":"","header-below-stick-meta":"","astra-migrate-meta-layouts":"set","ast-page-background-enabled":"default","ast-page-background-meta":{"desktop":{"background-color":"","background-image":"","background-repeat":"repeat","background-position":"center center","background-size":"auto","background-attachment":"scroll","background-type":"","background-media":"","overlay-type":"","overlay-color":"","overlay-opacity":"","overlay-gradient":""},"tablet":{"background-color":"","background-image":"","background-repeat":"repeat","background-position":"center center","background-size":"auto","background-attachment":"scroll","background-type":"","background-media":"","overlay-type":"","overlay-color":"","overlay-opacity":"","overlay-gradient":""},"mobile":{"background-color":"","background-image":"","background-repeat":"repeat","background-position":"center center","background-size":"auto","background-attachment":"scroll","background-type":"","background-media":"","overlay-type":"","overlay-color":"","overlay-opacity":"","overlay-gradient":""}},"ast-content-background-meta":{"desktop":{"background-color":"var(--ast-global-color-5)","background-image":"","background-repeat":"repeat","background-position":"center center","background-size":"auto","background-attachment":"scroll","background-type":"","background-media":"","overlay-type":"","overlay-color":"","overlay-opacity":"","overlay-gradient":""},"tablet":{"background-color":"var(--ast-global-color-5)","background-image":"","background-repeat":"repeat","background-position":"center center","background-size":"auto","background-attachment":"scroll","background-type":"","background-media":"","overlay-type":"","overlay-color":"","overlay-opacity":"","overlay-gradient":""},"mobile":{"background-color":"var(--ast-global-color-5)","background-image":"","background-repeat":"repeat","background-position":"center center","background-size":"auto","background-attachment":"scroll","background-type":"","background-media":"","overlay-type":"","overlay-color":"","overlay-opacity":"","overlay-gradient":""}},"iawp_total_views":3279,"footnotes":""},"class_list":["post-1568","page","type-page","status-publish","hentry"],"_links":{"self":[{"href":"https:\/\/www.hz-hoeren.ch\/fr\/wp-json\/wp\/v2\/pages\/1568","targetHints":{"allow":["GET"]}}],"collection":[{"href":"https:\/\/www.hz-hoeren.ch\/fr\/wp-json\/wp\/v2\/pages"}],"about":[{"href":"https:\/\/www.hz-hoeren.ch\/fr\/wp-json\/wp\/v2\/types\/page"}],"author":[{"embeddable":true,"href":"https:\/\/www.hz-hoeren.ch\/fr\/wp-json\/wp\/v2\/users\/9"}],"replies":[{"embeddable":true,"href":"https:\/\/www.hz-hoeren.ch\/fr\/wp-json\/wp\/v2\/comments?post=1568"}],"version-history":[{"count":85,"href":"https:\/\/www.hz-hoeren.ch\/fr\/wp-json\/wp\/v2\/pages\/1568\/revisions"}],"predecessor-version":[{"id":6235,"href":"https:\/\/www.hz-hoeren.ch\/fr\/wp-json\/wp\/v2\/pages\/1568\/revisions\/6235"}],"up":[{"embeddable":true,"href":"https:\/\/www.hz-hoeren.ch\/fr\/wp-json\/wp\/v2\/pages\/756"}],"wp:attachment":[{"href":"https:\/\/www.hz-hoeren.ch\/fr\/wp-json\/wp\/v2\/media?parent=1568"}],"curies":[{"name":"wp","href":"https:\/\/api.w.org\/{rel}","templated":true}]}}