{"id":1543,"date":"2020-12-11T21:41:03","date_gmt":"2020-12-11T20:41:03","guid":{"rendered":"https:\/\/www.hz-hoeren.ch\/?page_id=1543"},"modified":"2026-01-26T08:54:47","modified_gmt":"2026-01-26T07:54:47","slug":"a-propos-de-nous","status":"publish","type":"page","link":"https:\/\/www.hz-hoeren.ch\/fr\/a-propos-de-nous\/","title":{"rendered":"A propos de nous"},"content":{"rendered":"<h1>\n\t\t\tA propos de nous\t<\/h1>\n\t<h2>\n\t\t\t\tNotre engagement envers vos oreilles\n\t\t\t<\/h2>\n\t<a href=\"https:\/\/www.hz-hoeren.ch\/fr\/trouver-branche\/\" target=\"_self\" aria-label=\"Go to https:\/\/www.hz-hoeren.ch\/kontakt\/\"><\/a>\n\t\t<h3>Rendez-vous<\/h3>\t\t\t\n\t<a href=\"https:\/\/www.hz-hoeren.ch\/fr\/solutions-decoute\/\" target=\"_self\" aria-label=\"Go to https:\/\/www.hz-hoeren.ch\/hoerloesungen\/\"><\/a>\n\t\t<h3>Appareils auditifs<\/h3>\t\t\t\n\t<a href=\"https:\/\/www.hz-hoeren.ch\/fr\/trouver-une-filiale\/\" target=\"_self\" aria-label=\"Go to https:\/\/www.hz-hoeren.ch\/filiale-finden\/\"><\/a>\n\t\t<h3>Branches<\/h3>\t\t\t\n\t\t\t<h2>Caract\u00e9ristiques des aides auditives<\/h2>\n\t\t\t\t<p>\u00c0 HZ, l'accent est mis sur les personnes et leur situation de vie. En tant que premier magasin sp\u00e9cialis\u00e9 dans les appareils auditifs en Suisse et en tant qu'entreprise \u00e0 but non lucratif, HZ s'engage pour une bonne audition depuis 1923.<\/p>\n<p><em>Comp\u00e9tence<\/em><br \/>Les clients de HZ peuvent compter sur un suivi personnalis\u00e9 par des acousticiens exp\u00e9riment\u00e9s et qualifi\u00e9s lors de tests auditifs et de consultations auditives gratuits.<\/p>\n<p>Nos collaborateurs sont sp\u00e9cialis\u00e9s dans l'acoustique auditive et, gr\u00e2ce \u00e0 une formation continue, ils sont au fait des derni\u00e8res possibilit\u00e9s m\u00e9dicales et techniques.<\/p>\n<p><em>Ind\u00e9pendance<\/em><br \/>HZ est ind\u00e9pendant des fabricants et des autorit\u00e9s. Elle garantit \u00e0 ses clients des conseils objectifs et des solutions individuelles \u00e0 des conditions \u00e9quitables.<\/p>\n<p><em>Proximit\u00e9 du client<\/em><br \/>La HZ est pr\u00e9sente dans le nord-ouest de la Suisse avec trois succursales \u00e0 B\u00e2le, Liestal et Rheinfelden. Pour les clients \u00e0 mobilit\u00e9 r\u00e9duite, la HZ propose \u00e9galement un service de visite \u00e0 domicile.<\/p>\n<p><em>Engagement social<\/em><br \/>HZ a \u00e9t\u00e9 fond\u00e9e en 1923 \u00e0 l'initiative des associations \u00e0 but non lucratif pour les malentendants et y est encore \u00e9troitement associ\u00e9e aujourd'hui. Les b\u00e9n\u00e9fices de l'entreprise profitent, entre autres, \u00e0 l'Association des malentendants de la Suisse du Nord-Ouest en tant qu'actionnaire et donc aux personnes malentendantes de la r\u00e9gion.<\/p>\n<p>En tant que seul magasin sp\u00e9cialis\u00e9 dans les soins auditifs \u00e0 but non lucratif de la r\u00e9gion, HZ s'engage dans la pr\u00e9vention et la d\u00e9tection pr\u00e9coce des probl\u00e8mes auditifs et encourage la formation continue du personnel soignant.<\/p>\n<p>Nous sommes fiers d'offrir \u00e0 nos clients une gamme compl\u00e8te de services afin de nous assurer qu'ils re\u00e7oivent les meilleurs soins possibles. Nous nous effor\u00e7ons de suivre les derniers d\u00e9veloppements dans le domaine de l'audiologie et d'am\u00e9liorer continuellement nos services afin de nous assurer que nos clients re\u00e7oivent les meilleurs soins possibles.<\/p>\n<p>En plus de nos aides auditives et de nos services, nous proposons \u00e9galement des formations et des ateliers pour sensibiliser \u00e0 la perte auditive et aux aides auditives. Nos professionnels exp\u00e9riment\u00e9s partagent leurs connaissances et leur exp\u00e9rience afin de s'assurer que nos clients re\u00e7oivent les meilleurs soins possibles. Nous proposons \u00e9galement des formations pour les familles des personnes malentendantes afin de les aider \u00e0 mieux comprendre comment aider leurs proches.<\/p>\n<p>Nous nous effor\u00e7ons de suivre les derniers d\u00e9veloppements dans le domaine de l'audiologie et d'am\u00e9liorer continuellement nos services afin de nous assurer que nos clients re\u00e7oivent les meilleurs soins possibles.<\/p>","protected":false},"excerpt":{"rendered":"<p>\u00dcber uns Unser Engagement f\u00fcr Ihre Ohren Termin H\u00f6rger\u00e4te Filialen H\u00f6rger\u00e4te Eigenschaften Bei der HZ stehen der Mensch und seine Lebenssituation im Zentrum. Als erstes H\u00f6rakustikfachgesch\u00e4ft der Schweiz und als gemeinn\u00fctzig orientiertes Unternehmen engagiert sich die HZ seit 1923 f\u00fcr gutes H\u00f6ren. KompetenzKundinnen und Kunden der HZ k\u00f6nnen sich darauf verlassen, bei Gratis-H\u00f6rtests und H\u00f6rberatungen [&hellip;]<\/p>","protected":false},"author":1,"featured_media":0,"parent":0,"menu_order":0,"comment_status":"closed","ping_status":"closed","template":"","meta":{"_seopress_robots_primary_cat":"","_seopress_titles_title":"\u00dcber uns | H\u00f6rmittelzentrale Nordwestschweiz AG","_seopress_titles_desc":"Als erstes H\u00f6rakustikfachgesch\u00e4ft der Schweiz und als gemeinn\u00fctzig orientiertes Unternehmen engagiert sich die HZ seit 1923 f\u00fcr gutes H\u00f6ren.","_seopress_robots_index":"","site-sidebar-layout":"default","site-content-layout":"default","ast-site-content-layout":"default","site-content-style":"default","site-sidebar-style":"default","ast-global-header-display":"","ast-banner-title-visibility":"","ast-main-header-display":"","ast-hfb-above-header-display":"","ast-hfb-below-header-display":"","ast-hfb-mobile-header-display":"","site-post-title":"disabled","ast-breadcrumbs-content":"","ast-featured-img":"","footer-sml-layout":"","theme-transparent-header-meta":"default","adv-header-id-meta":"","stick-header-meta":"default","header-above-stick-meta":"","header-main-stick-meta":"","header-below-stick-meta":"","astra-migrate-meta-layouts":"set","ast-page-background-enabled":"default","ast-page-background-meta":{"desktop":{"background-color":"","background-image":"","background-repeat":"repeat","background-position":"center center","background-size":"auto","background-attachment":"scroll","background-type":"","background-media":"","overlay-type":"","overlay-color":"","overlay-opacity":"","overlay-gradient":""},"tablet":{"background-color":"","background-image":"","background-repeat":"repeat","background-position":"center center","background-size":"auto","background-attachment":"scroll","background-type":"","background-media":"","overlay-type":"","overlay-color":"","overlay-opacity":"","overlay-gradient":""},"mobile":{"background-color":"","background-image":"","background-repeat":"repeat","background-position":"center center","background-size":"auto","background-attachment":"scroll","background-type":"","background-media":"","overlay-type":"","overlay-color":"","overlay-opacity":"","overlay-gradient":""}},"ast-content-background-meta":{"desktop":{"background-color":"var(--ast-global-color-5)","background-image":"","background-repeat":"repeat","background-position":"center center","background-size":"auto","background-attachment":"scroll","background-type":"","background-media":"","overlay-type":"","overlay-color":"","overlay-opacity":"","overlay-gradient":""},"tablet":{"background-color":"var(--ast-global-color-5)","background-image":"","background-repeat":"repeat","background-position":"center center","background-size":"auto","background-attachment":"scroll","background-type":"","background-media":"","overlay-type":"","overlay-color":"","overlay-opacity":"","overlay-gradient":""},"mobile":{"background-color":"var(--ast-global-color-5)","background-image":"","background-repeat":"repeat","background-position":"center center","background-size":"auto","background-attachment":"scroll","background-type":"","background-media":"","overlay-type":"","overlay-color":"","overlay-opacity":"","overlay-gradient":""}},"iawp_total_views":2302,"footnotes":""},"class_list":["post-1543","page","type-page","status-publish","hentry"],"_links":{"self":[{"href":"https:\/\/www.hz-hoeren.ch\/fr\/wp-json\/wp\/v2\/pages\/1543","targetHints":{"allow":["GET"]}}],"collection":[{"href":"https:\/\/www.hz-hoeren.ch\/fr\/wp-json\/wp\/v2\/pages"}],"about":[{"href":"https:\/\/www.hz-hoeren.ch\/fr\/wp-json\/wp\/v2\/types\/page"}],"author":[{"embeddable":true,"href":"https:\/\/www.hz-hoeren.ch\/fr\/wp-json\/wp\/v2\/users\/1"}],"replies":[{"embeddable":true,"href":"https:\/\/www.hz-hoeren.ch\/fr\/wp-json\/wp\/v2\/comments?post=1543"}],"version-history":[{"count":145,"href":"https:\/\/www.hz-hoeren.ch\/fr\/wp-json\/wp\/v2\/pages\/1543\/revisions"}],"predecessor-version":[{"id":6223,"href":"https:\/\/www.hz-hoeren.ch\/fr\/wp-json\/wp\/v2\/pages\/1543\/revisions\/6223"}],"wp:attachment":[{"href":"https:\/\/www.hz-hoeren.ch\/fr\/wp-json\/wp\/v2\/media?parent=1543"}],"curies":[{"name":"wp","href":"https:\/\/api.w.org\/{rel}","templated":true}]}}