{"id":1496,"date":"2025-04-11T15:07:21","date_gmt":"2025-04-11T13:07:21","guid":{"rendered":"https:\/\/www.hz-hoeren.ch\/?page_id=1496"},"modified":"2025-04-11T17:05:20","modified_gmt":"2025-04-11T15:05:20","slug":"contributions-des-porteurs-de-couts","status":"publish","type":"page","link":"https:\/\/www.hz-hoeren.ch\/fr\/apercu-des-services\/contributions-des-porteurs-de-couts\/","title":{"rendered":"Contributions des organismes payeurs"},"content":{"rendered":"<h1>\n\t\tEnfants et jeunes\n\t<\/h1>\n\t<h2>\n\t\t\t\tVotre chemin vers la garantie de prise en charge des co\u00fbts AI\/AVS\/SUVA\/AM\n\t\t\t<\/h2>\n\t<a href=\"https:\/\/www.hz-hoeren.ch\/fr\/trouver-branche\/\" target=\"_self\" aria-label=\"Go to https:\/\/www.hz-hoeren.ch\/kontakt\/\"><\/a>\n\t\t<h3>Rendez-vous<\/h3>\t\t\t\n\t<a href=\"https:\/\/www.hz-hoeren.ch\/fr\/solutions-decoute\/\" target=\"_self\" aria-label=\"Go to https:\/\/www.hz-hoeren.ch\/hoerloesungen\/\"><\/a>\n\t\t<h3>Appareils auditifs<\/h3>\t\t\t\n\t<a href=\"https:\/\/www.hz-hoeren.ch\/fr\/trouver-une-filiale\/\" target=\"_self\" aria-label=\"Go to https:\/\/www.hz-hoeren.ch\/filiale-finden\/\"><\/a>\n\t\t<h3>Branches<\/h3>\t\t\t\n\t\t\t<h2>Caract\u00e9ristiques des aides auditives<\/h2>\n\t\t\t\t<p>Lors de l'achat de nouvelles aides auditives, la plupart de nos clients se posent la question du financement. Pour cela, il est important pour vous de conna\u00eetre les organismes payeurs potentiels et de savoir \u00e0 combien s'\u00e9l\u00e8vent les contributions forfaitaires auxquelles vous pouvez vous attendre. L'expertise m\u00e9dicale ORL est d\u00e9terminante pour d\u00e9cider si vous avez droit \u00e0 des contributions ou non. Les contributions aux co\u00fbts ne peuvent \u00eatre factur\u00e9es que si vous disposez d'une garantie de prise en charge des co\u00fbts correspondante de la part de l'organisme payeur. Vous trouverez ci-dessous un bref aper\u00e7u de la proc\u00e9dure :<\/p>\n<ul>\n<li>Vous venez chez nous pour un conseil auditif avec test auditif<\/li>\n<li>Nous vous adressons \u00e0 un cabinet d'ORL de votre choix.<\/li>\n<li>On y v\u00e9rifie si vous r\u00e9pondez aux indicateurs audiologiques<\/li>\n<li>Le cabinet d'ORL soumet l'expertise \u00e0 l'organisme payeur<\/li>\n<li>Le r\u00e9pondant des co\u00fbts d\u00e9cide d'une garantie de prise en charge des co\u00fbts ou d'un refus<\/li>\n<li>Vous pouvez r\u00e9clamer la contribution forfaitaire apr\u00e8s l'achat d'un appareil auditif<\/li>\n<\/ul>\n<hr \/>\n<h3>IV Contributions<\/h3>\n<p>Les contributions de l'AI pour les appareils auditifs sont rembours\u00e9es de mani\u00e8re forfaitaire. Pour un appareillage unilat\u00e9ral, cette contribution s'\u00e9l\u00e8ve \u00e0 <strong>CHF 840 <\/strong>(monaural) et dans le cas d'une bilat\u00e9rale \u00e0 <strong>CHF<\/strong> <strong>1&#8217;650 <\/strong>(binaural). Dans les conditions suivantes, ces montants sont vers\u00e9s par l'AI aux personnes prises en charge, ind\u00e9pendamment du prix d'achat.<\/p>\n<p>Conditions pour une garantie de prise en charge des co\u00fbts :<\/p>\n<ul>\n<li>Vous \u00eates encore actif professionnellement et ne b\u00e9n\u00e9ficiez pas encore d'une rente de vieillesse AVS.<\/li>\n<li>Vous avez une d\u00e9ficience auditive m\u00e9dicalement prouv\u00e9e<\/li>\n<li>L'utilisation d'une aide auditive vous permet de mieux comprendre l'environnement.<\/li>\n<li>La perte auditive totale est d'au moins 20%<\/li>\n<li>Vous obtenez votre appareil auditif aupr\u00e8s d'un fournisseur qualifi\u00e9 (par exemple, le HZ).<\/li>\n<li>Les montants ci-dessus peuvent \u00eatre r\u00e9clam\u00e9s tous les 6 ans si l'ancienne unit\u00e9 ne suffit plus.<\/li>\n<li>Les montants ci-dessus peuvent \u00eatre r\u00e9clam\u00e9s avant la fin de la p\u00e9riode si un m\u00e9decin ORL reconnu d\u00e9termine qu'un changement significatif de l'audition s'est produit (re-provisionnement anticip\u00e9).<\/li>\n<\/ul>\n<p>Dans le cas des mineurs, le taux forfaitaire de remboursement s'\u00e9l\u00e8ve \u00e0 <strong>CHF 2'830 <\/strong>(alimentation monaural) et <strong>CHF<\/strong> <strong>4&#8217;170 <\/strong>(ajustement binaural).<\/p>\n<hr \/>\n<h3>Cotisations AVS<\/h3>\n<p>pour l'AVS, les cotisations forfaitaires pour un r\u00e9gime monaural se situent \u00e0 <strong>630 CHF <\/strong>et, en cas de restauration bilat\u00e9rale, \u00e0 <strong>CHF<\/strong> <strong>1&#8217;237,50<\/strong>. Dans les conditions suivantes, ces montants sont vers\u00e9s par l'AVS aux personnes prises en charge, ind\u00e9pendamment du prix d'achat.<\/p>\n<p>Conditions pour une garantie de prise en charge des co\u00fbts :<\/p>\n<ul>\n<li>Vous b\u00e9n\u00e9ficiez d\u00e9j\u00e0 d'une rente de vieillesse AVS ou de prestations compl\u00e9mentaires.<\/li>\n<li>Le premier achat d'un appareil auditif a eu lieu ou a lieu seulement \u00e0 l'\u00e2ge de r\u00e9f\u00e9rence de l'AVS (pratiquement apr\u00e8s l'\u00e2ge de la retraite).<\/li>\n<li>Vous avez une d\u00e9ficience auditive m\u00e9dicalement prouv\u00e9e<\/li>\n<li>Votre perte auditive est d'au moins 31 % (perte auditive totale)<\/li>\n<li>L'utilisation d'une aide auditive vous permet de mieux comprendre l'environnement.<\/li>\n<li>Vous achetez votre appareil auditif aupr\u00e8s d'un fournisseur qualifi\u00e9 (par exemple, HZ).<\/li>\n<li>Vous avez une r\u00e9sidence permanente en Suisse<\/li>\n<li>Les montants ci-dessus peuvent \u00eatre r\u00e9clam\u00e9s tous les 5 ans si l'ancien appareil ne suffit plus.<\/li>\n<li>Les montants ci-dessus peuvent \u00eatre r\u00e9clam\u00e9s avant la fin de la p\u00e9riode si un m\u00e9decin ORL reconnu d\u00e9termine qu'un changement significatif de l'audition s'est produit (re-provisionnement anticip\u00e9).<\/li>\n<\/ul>\n<hr \/>\n<p>Dans les deux cas susmentionn\u00e9s, l'office AI est le point de contact pour y avoir recours. Le mieux est de venir nous voir, nous connaissons les formalit\u00e9s et nous vous aiderons volontiers :<\/p>\n<ul>\n<li>Lors du remplissage des formulaires AVS et AI correspondants<\/li>\n<li>Lorsque vous recherchez un m\u00e9decin sp\u00e9cialiste de l'oreille, du nez et de la gorge (ORL)<\/li>\n<li>Concernant un examen pr\u00e9liminaire (test auditif) pour \u00e9valuer votre probl\u00e8me auditif<\/li>\n<\/ul>\n<p>Vous pouvez \u00e9galement effectuer la demande AI\/AVS enti\u00e8rement en ligne. Pour ce faire, utilisez le lien suivant : <a href=\"https:\/\/www.ahv-iv.ch\/de\/Formulare\/Formulare\/Leistungen-der-IV#d-539\" target=\"_blank\" rel=\"noopener\">Inscription et informations<\/a>.<\/p>\n<hr \/>\n<h3>Cotisations SUVA \/ MV<\/h3>\n<p>La SUVA ou l'assurance militaire peuvent \u00e9galement prendre en charge les co\u00fbts d'un appareil auditif, pour autant qu'un certificat m\u00e9dical confirme le lien entre la perte auditive et le travail ou l'arm\u00e9e. Sur cette base, une classification est \u00e9tablie en fonction de la complexit\u00e9 de la perte auditive, qui donne lieu \u00e0 des remboursements forfaitaires diff\u00e9rents.\u00a0<\/p>\n<p>Soins auditifs complexes : monaural : <strong>CHF 2'016.05<\/strong> I binaural : <strong>CHF 3'212.75 <\/strong>I Soins standard : monaural : <strong>CHF 1'397.75 <\/strong>I binaural : <strong>2&#8217;183.60<\/strong>.<\/p>\n<p>Une contribution peut \u00eatre demand\u00e9e tous les six ans. La SUVA\/l'AM prend int\u00e9gralement en charge les frais de r\u00e9paration. Les frais de batterie peuvent \u00eatre r\u00e9clam\u00e9s selon le tarif AI. Par rapport \u00e0 l'AI\/AVS, il faut une expertise 2, par laquelle votre m\u00e9decin ORL atteste \u00e0 l'organisme payeur que le r\u00e9glage des aides auditives garantit l'am\u00e9lioration minimale prescrite de la compr\u00e9hension de la parole.<\/p>\n<hr \/>\n<h3>Cas de rigueur<\/h3>\n<p>En cas de perte auditive complexe, il est possible de faire une demande de cas de rigueur en plus du forfait AI. Pour b\u00e9n\u00e9ficier d'un cas de rigueur, la perte auditive doit r\u00e9pondre \u00e0 certains crit\u00e8res audiologiques. En plus de ces crit\u00e8res, vous devez soit exercer une activit\u00e9 professionnelle, soit pouvoir prouver que vous vous occupez \u00e0 un pourcentage \u00e9lev\u00e9 de membres de votre famille (enfants, personnes n\u00e9cessitant des soins).<\/p>\n<p>Le montant de la contribution d\u00e9pend du co\u00fbt d'acquisition de l'appareil auditif n\u00e9cessaire. Si la demande est accept\u00e9e, l'AI paie la diff\u00e9rence entre la contribution forfaitaire et le prix de l'appareillage auditif. Un processus d'\u00e9valuation des cas de rigueur dure en g\u00e9n\u00e9ral de 3 \u00e0 6 mois. Vous trouverez ici un bon aper\u00e7u de la proc\u00e9dure par \u00e9tapes ainsi que des crit\u00e8res audiologiques : <a href=\"https:\/\/www.pro-audito.ch\/wp-content\/uploads\/2023\/05\/PAS_Bros_Haertefall_web.pdf\">Brochure Pro Audito sur les cas de rigueur<\/a>.<\/p>\n<p>Nous vous accompagnons pas \u00e0 pas dans ce processus, nous vous aidons \u00e0 trouver l'aide auditive qui vous convient et nous apportons notre contribution \u00e0 votre demande gr\u00e2ce \u00e0 notre rapport d'expert.<\/p>\n<hr \/>\n<hr \/>","protected":false},"excerpt":{"rendered":"<p>Enfants et adolescents Votre chemin vers la garantie de prise en charge AI\/AVS\/SUVA\/AAM Date de l'appareillage auditif Filiales Propri\u00e9t\u00e9s Lors de l'achat de nouveaux appareils auditifs, la plupart de nos clients se posent la question de la possibilit\u00e9 de financement. Pour cela, il est important pour vous de conna\u00eetre les organismes payeurs potentiels et de savoir quelle est l'ampleur des contributions forfaitaires auxquelles vous pouvez vous attendre. Le facteur d\u00e9terminant pour la d\u00e9cision [...].<\/p>","protected":false},"author":9,"featured_media":0,"parent":1493,"menu_order":0,"comment_status":"closed","ping_status":"closed","template":"","meta":{"_seopress_robots_primary_cat":"","_seopress_titles_title":"Kostentr\u00e4ger | Schritt f\u00fcr Schritt zu Ihrem Kostenbeitrag","_seopress_titles_desc":"Es stehen Ihnen Pauschalbeitr\u00e4ge der Kostentr\u00e4gern IV\/AHV\/MV zu. Wir helfen Ihnen gerne bei den Antrags Formalit\u00e4ten.","_seopress_robots_index":"","site-sidebar-layout":"default","site-content-layout":"default","ast-site-content-layout":"default","site-content-style":"default","site-sidebar-style":"default","ast-global-header-display":"","ast-banner-title-visibility":"","ast-main-header-display":"","ast-hfb-above-header-display":"","ast-hfb-below-header-display":"","ast-hfb-mobile-header-display":"","site-post-title":"disabled","ast-breadcrumbs-content":"","ast-featured-img":"","footer-sml-layout":"","theme-transparent-header-meta":"default","adv-header-id-meta":"","stick-header-meta":"default","header-above-stick-meta":"","header-main-stick-meta":"","header-below-stick-meta":"","astra-migrate-meta-layouts":"set","ast-page-background-enabled":"default","ast-page-background-meta":{"desktop":{"background-color":"","background-image":"","background-repeat":"repeat","background-position":"center center","background-size":"auto","background-attachment":"scroll","background-type":"","background-media":"","overlay-type":"","overlay-color":"","overlay-opacity":"","overlay-gradient":""},"tablet":{"background-color":"","background-image":"","background-repeat":"repeat","background-position":"center center","background-size":"auto","background-attachment":"scroll","background-type":"","background-media":"","overlay-type":"","overlay-color":"","overlay-opacity":"","overlay-gradient":""},"mobile":{"background-color":"","background-image":"","background-repeat":"repeat","background-position":"center center","background-size":"auto","background-attachment":"scroll","background-type":"","background-media":"","overlay-type":"","overlay-color":"","overlay-opacity":"","overlay-gradient":""}},"ast-content-background-meta":{"desktop":{"background-color":"var(--ast-global-color-5)","background-image":"","background-repeat":"repeat","background-position":"center center","background-size":"auto","background-attachment":"scroll","background-type":"","background-media":"","overlay-type":"","overlay-color":"","overlay-opacity":"","overlay-gradient":""},"tablet":{"background-color":"var(--ast-global-color-5)","background-image":"","background-repeat":"repeat","background-position":"center center","background-size":"auto","background-attachment":"scroll","background-type":"","background-media":"","overlay-type":"","overlay-color":"","overlay-opacity":"","overlay-gradient":""},"mobile":{"background-color":"var(--ast-global-color-5)","background-image":"","background-repeat":"repeat","background-position":"center center","background-size":"auto","background-attachment":"scroll","background-type":"","background-media":"","overlay-type":"","overlay-color":"","overlay-opacity":"","overlay-gradient":""}},"iawp_total_views":348,"footnotes":""},"class_list":["post-1496","page","type-page","status-publish","hentry"],"_links":{"self":[{"href":"https:\/\/www.hz-hoeren.ch\/fr\/wp-json\/wp\/v2\/pages\/1496","targetHints":{"allow":["GET"]}}],"collection":[{"href":"https:\/\/www.hz-hoeren.ch\/fr\/wp-json\/wp\/v2\/pages"}],"about":[{"href":"https:\/\/www.hz-hoeren.ch\/fr\/wp-json\/wp\/v2\/types\/page"}],"author":[{"embeddable":true,"href":"https:\/\/www.hz-hoeren.ch\/fr\/wp-json\/wp\/v2\/users\/9"}],"replies":[{"embeddable":true,"href":"https:\/\/www.hz-hoeren.ch\/fr\/wp-json\/wp\/v2\/comments?post=1496"}],"version-history":[{"count":26,"href":"https:\/\/www.hz-hoeren.ch\/fr\/wp-json\/wp\/v2\/pages\/1496\/revisions"}],"predecessor-version":[{"id":5971,"href":"https:\/\/www.hz-hoeren.ch\/fr\/wp-json\/wp\/v2\/pages\/1496\/revisions\/5971"}],"up":[{"embeddable":true,"href":"https:\/\/www.hz-hoeren.ch\/fr\/wp-json\/wp\/v2\/pages\/1493"}],"wp:attachment":[{"href":"https:\/\/www.hz-hoeren.ch\/fr\/wp-json\/wp\/v2\/media?parent=1496"}],"curies":[{"name":"wp","href":"https:\/\/api.w.org\/{rel}","templated":true}]}}