{"id":1493,"date":"2024-12-11T16:06:11","date_gmt":"2024-12-11T15:06:11","guid":{"rendered":"https:\/\/www.hz-hoeren.ch\/?page_id=1493"},"modified":"2025-03-23T17:29:09","modified_gmt":"2025-03-23T16:29:09","slug":"apercu-des-services","status":"publish","type":"page","link":"https:\/\/www.hz-hoeren.ch\/fr\/apercu-des-services\/","title":{"rendered":"Services"},"content":{"rendered":"<h1>\n\t\tServices\n\t<\/h1>\n\t<h2>\n\t\t\t\tSolutions auditives sur mesure\n\t\t\t<\/h2>\n\t<a href=\"https:\/\/www.hz-hoeren.ch\/fr\/prendre-rendez-vous\/\" target=\"_self\" aria-label=\"Go to https:\/\/www.hz-hoeren.ch\/termin-vereinbaren\/\"><\/a>\n\t\t<h3>Test auditif gratuit<\/h3>\t\t\t\n\t<a href=\"https:\/\/www.hz-hoeren.ch\/fr\/solutions-decoute\/\" target=\"_self\" aria-label=\"Go to https:\/\/www.hz-hoeren.ch\/hoerloesungen\/\"><\/a>\n\t\t<h3>Solutions auditives<\/h3>\t\t\t\n\t<a href=\"https:\/\/www.hz-hoeren.ch\/fr\/trouver-une-filiale\/\" target=\"_self\" aria-label=\"Go to https:\/\/www.hz-hoeren.ch\/filiale-finden\/\"><\/a>\n\t\t<h3>Branches<\/h3>\t\t\t\n\t\t\t<h2>Services<\/h2>\n\t\t\t\t<p>La H\u00f6rmittelzentrale Nordwestschweiz AG se veut votre partenaire r\u00e9gional en mati\u00e8re d'audioproth\u00e8se pour toutes les questions relatives \u00e0 l'audition. Vous trouverez ci-dessous un bref aper\u00e7u de notre offre de services compl\u00e8te.<\/p>\n<p><strong>Conseil auditif<\/strong><\/p>\n<ul>\n<li>Conseil auditif &amp; analyse auditive<\/li>\n<li>Consultations acouph\u00e8nes<\/li>\n<li>Conseil &amp; vente d'accessoires autour de l'audition (connexions TV, installations de signaux\/de microphones)<\/li>\n<li>Traitement des inscriptions et des demandes de contributions des organismes payeurs (AI\/AVS\/AA\/AM)<\/li>\n<\/ul>\n<p><strong>Aides auditives<\/strong><\/p>\n<ul>\n<li>Vente et adaptation d'aides auditives pour adultes et enfants<\/li>\n<li>Deuxi\u00e8me avis et r\u00e9ajustement des aides auditives des concurrents<\/li>\n<li>Travaux de maintenance sur les aides auditives et les embouts auriculaires<\/li>\n<li>Traitement des r\u00e9parations en cas de d\u00e9fauts des aides auditives<\/li>\n<\/ul>\n<p><strong>Protections auditives &amp; otoplastiques<\/strong><\/p>\n<ul>\n<li>Protections auditives sur mesure<\/li>\n<li>Otoplastiques pour le couplage acoustique des aides auditives<\/li>\n<li>Raccords d'oreille pour la radio de la lumi\u00e8re bleue<\/li>\n<li>Moulages du conduit auditif pour le monitoring intra-auriculaire<\/li>\n<\/ul>\n<p><strong>Attestations<\/strong><\/p>\n<ul>\n<li>Certificat d'aptitude auditive pour les futurs conducteurs de bateaux, de locomotives et les \u00e9tudiants en audio-ing\u00e9nierie<\/li>\n<\/ul>\n<p><strong>Visites \u00e0 domicile<\/strong><\/p>\n<ul>\n<li>Visites \u00e0 domicile\/\u00e0 la maison pour le conseil et le suivi auditifs<\/li>\n<li>Installation d'accessoires (syst\u00e8mes de signalisation, liaisons TV)<\/li>\n<li>Moulages du conduit auditif pour les protections auditives sur mesure dans votre cave \u00e0 cliques<\/li>\n<\/ul>\n<p>Si vous avez des questions sur nos services, n'h\u00e9sitez pas \u00e0 nous contacter. <a href=\"https:\/\/www.hz-hoeren.ch\/fr\/trouver-branche\/\">contacter<\/a>. Notre personnel qualifi\u00e9 se fera un plaisir de trouver des solutions sur mesure pour r\u00e9pondre \u00e0 vos besoins.<\/p>","protected":false},"excerpt":{"rendered":"<p>Prestations de services Solutions auditives sur mesure Test auditif gratuit Solutions auditives Succursales Prestations de services La H\u00f6rmittelzentrale Nordwestschweiz AG se veut votre partenaire r\u00e9gional en mati\u00e8re d'aides auditives pour toutes les questions relatives \u00e0 l'audition. Vous trouverez ci-dessous un bref aper\u00e7u de notre offre de services compl\u00e8te. Conseil auditif Conseil auditif &amp; analyse de l'audition Acouph\u00e8nes Consultations Conseil &amp; vente d'accessoires sur le th\u00e8me de l'audition (connexions TV, installations de signaux\/&amp; microphones) Traitement [...] des inscriptions et des [...].<\/p>","protected":false},"author":1,"featured_media":0,"parent":0,"menu_order":0,"comment_status":"closed","ping_status":"closed","template":"","meta":{"_seopress_robots_primary_cat":"","_seopress_titles_title":"Dienstleistungen | Gerne werden wir Ihre Wegbegleiter","_seopress_titles_desc":"Die Anpassung eines H\u00f6rsystems erfordert eine Vielzahl von handwerklichen Schritten, dazu bieten wir Ihnen verschiedene Dienstleistungspaket an.","_seopress_robots_index":"","site-sidebar-layout":"default","site-content-layout":"default","ast-site-content-layout":"default","site-content-style":"default","site-sidebar-style":"default","ast-global-header-display":"","ast-banner-title-visibility":"","ast-main-header-display":"","ast-hfb-above-header-display":"","ast-hfb-below-header-display":"","ast-hfb-mobile-header-display":"","site-post-title":"disabled","ast-breadcrumbs-content":"","ast-featured-img":"","footer-sml-layout":"","theme-transparent-header-meta":"default","adv-header-id-meta":"","stick-header-meta":"default","header-above-stick-meta":"","header-main-stick-meta":"","header-below-stick-meta":"","astra-migrate-meta-layouts":"set","ast-page-background-enabled":"default","ast-page-background-meta":{"desktop":{"background-color":"","background-image":"","background-repeat":"repeat","background-position":"center center","background-size":"auto","background-attachment":"scroll","background-type":"","background-media":"","overlay-type":"","overlay-color":"","overlay-opacity":"","overlay-gradient":""},"tablet":{"background-color":"","background-image":"","background-repeat":"repeat","background-position":"center center","background-size":"auto","background-attachment":"scroll","background-type":"","background-media":"","overlay-type":"","overlay-color":"","overlay-opacity":"","overlay-gradient":""},"mobile":{"background-color":"","background-image":"","background-repeat":"repeat","background-position":"center center","background-size":"auto","background-attachment":"scroll","background-type":"","background-media":"","overlay-type":"","overlay-color":"","overlay-opacity":"","overlay-gradient":""}},"ast-content-background-meta":{"desktop":{"background-color":"var(--ast-global-color-5)","background-image":"","background-repeat":"repeat","background-position":"center center","background-size":"auto","background-attachment":"scroll","background-type":"","background-media":"","overlay-type":"","overlay-color":"","overlay-opacity":"","overlay-gradient":""},"tablet":{"background-color":"var(--ast-global-color-5)","background-image":"","background-repeat":"repeat","background-position":"center center","background-size":"auto","background-attachment":"scroll","background-type":"","background-media":"","overlay-type":"","overlay-color":"","overlay-opacity":"","overlay-gradient":""},"mobile":{"background-color":"var(--ast-global-color-5)","background-image":"","background-repeat":"repeat","background-position":"center center","background-size":"auto","background-attachment":"scroll","background-type":"","background-media":"","overlay-type":"","overlay-color":"","overlay-opacity":"","overlay-gradient":""}},"iawp_total_views":763,"footnotes":""},"class_list":["post-1493","page","type-page","status-publish","hentry"],"_links":{"self":[{"href":"https:\/\/www.hz-hoeren.ch\/fr\/wp-json\/wp\/v2\/pages\/1493","targetHints":{"allow":["GET"]}}],"collection":[{"href":"https:\/\/www.hz-hoeren.ch\/fr\/wp-json\/wp\/v2\/pages"}],"about":[{"href":"https:\/\/www.hz-hoeren.ch\/fr\/wp-json\/wp\/v2\/types\/page"}],"author":[{"embeddable":true,"href":"https:\/\/www.hz-hoeren.ch\/fr\/wp-json\/wp\/v2\/users\/1"}],"replies":[{"embeddable":true,"href":"https:\/\/www.hz-hoeren.ch\/fr\/wp-json\/wp\/v2\/comments?post=1493"}],"version-history":[{"count":21,"href":"https:\/\/www.hz-hoeren.ch\/fr\/wp-json\/wp\/v2\/pages\/1493\/revisions"}],"predecessor-version":[{"id":5857,"href":"https:\/\/www.hz-hoeren.ch\/fr\/wp-json\/wp\/v2\/pages\/1493\/revisions\/5857"}],"wp:attachment":[{"href":"https:\/\/www.hz-hoeren.ch\/fr\/wp-json\/wp\/v2\/media?parent=1493"}],"curies":[{"name":"wp","href":"https:\/\/api.w.org\/{rel}","templated":true}]}}