{"id":1490,"date":"2025-03-14T06:05:13","date_gmt":"2025-03-14T05:05:13","guid":{"rendered":"https:\/\/www.hz-hoeren.ch\/?page_id=1490"},"modified":"2025-04-11T17:12:31","modified_gmt":"2025-04-11T15:12:31","slug":"prix-des-systemes-decoute-2","status":"publish","type":"page","link":"https:\/\/www.hz-hoeren.ch\/fr\/appareils-auditifs-2\/prix-des-systemes-decoute-2\/","title":{"rendered":"Aides auditives - Prix"},"content":{"rendered":"<h1>\n\t\tPrix des aides auditives\n\t<\/h1>\n\t<h2>\n\t\t\t\tUne solution adapt\u00e9e \u00e0 chaque budget\n\t\t\t<\/h2>\n\t<a href=\"https:\/\/www.hz-hoeren.ch\/fr\/trouver-branche\/\" target=\"_self\" aria-label=\"Go to https:\/\/www.hz-hoeren.ch\/kontakt\/\"><\/a>\n\t\t<h3>Rendez-vous<\/h3>\t\t\t\n\t<a href=\"https:\/\/www.hz-hoeren.ch\/fr\/solutions-decoute\/\" target=\"_self\" aria-label=\"Go to https:\/\/www.hz-hoeren.ch\/hoerloesungen\/\"><\/a>\n\t\t<h3>Appareils auditifs<\/h3>\t\t\t\n\t<a href=\"https:\/\/www.hz-hoeren.ch\/fr\/trouver-une-filiale\/\" target=\"_self\" aria-label=\"Go to https:\/\/www.hz-hoeren.ch\/filiale-finden\/\"><\/a>\n\t\t<h3>Branches<\/h3>\t\t\t\n\t\t\t<h2>Prix des aides auditives<\/h2>\n\t\t\t\t<p>Les niveaux de technologie des appareils auditifs, qui peuvent \u00eatre class\u00e9s par cat\u00e9gories, sont d\u00e9cisifs pour le prix des aides auditives. Les appareils sont class\u00e9s en fonction de l'\u00e9tendue de leurs fonctions. D'un point de vue purement visuel, les appareils d'un m\u00eame type mais de niveaux techniques diff\u00e9rents ne pr\u00e9sentent aucune diff\u00e9rence. L'important dans le choix d'un appareil auditif, ce sont les exigences et les attentes de la personne qui le porte. En principe, les aides auditives sont propos\u00e9es dans diff\u00e9rentes classes techniques. Celles-ci se basent les unes sur les autres. Cela signifie que les fonctions des classes inf\u00e9rieures sont automatiquement reprises et int\u00e9gr\u00e9es dans les classes sup\u00e9rieures :<\/p>\n<p><strong>Base<\/strong><\/p>\n<p>La qualit\u00e9 de ces appareils r\u00e9pond aux exigences de l'AVS\/AI pour fournir des syst\u00e8mes auditifs dans un design simple, pratique et \u00e9conomique. Les prix de ces appareils repr\u00e9sentent un prix de fourniture minimal qui n'est pas pris en compte dans la contribution au financement de l'AVS\/AI. <a href=\"https:\/\/www.hz-hoeren.ch\/fr\/apercu-des-services\/contributions-des-porteurs-de-couts\/\">AVS <\/a>de 630 CHF par appareil auditif.<\/p>\n<hr \/>\n<p><strong>Entr\u00e9e<\/strong><\/p>\n<p>Couverture des exigences minimales par\u00a0<a href=\"https:\/\/www.hz-hoeren.ch\/fr\/apercu-des-services\/contributions-des-porteurs-de-couts\/\">AVS\/AI<\/a>\u00a0sont donn\u00e9s, en plus<strong><em>:<br \/><\/em><\/strong>Bonne audition dans les situations calmes \u00e0 la maison<br \/>Meilleure compr\u00e9hension des conversations en t\u00eate-\u00e0-t\u00eate sous un l\u00e9ger bruit de fond.<br \/>Les prix des appareils de cette cat\u00e9gorie commencent \u00e0 environ 1'000 CHF par appareil auditif.<\/p>\n<hr \/>\n<p><strong>Confort :<\/strong><\/p>\n<p>Conversations plus simples en petits groupes ou conversations avec synchronisation constante entre les deux aides auditives (avec un appareillage binaural)<br \/>Entre 6 et 12 canaux de fr\u00e9quence<br \/>D\u00e9tection automatique simple de la situation, avec et sans interf\u00e9rence sonore<br \/>Responsable du feedback<br \/>Suppression du bruit<br \/>Couplage Bluetooth, transmission directe des m\u00e9dias (TV, t\u00e9l\u00e9phone mobile, smartphone, etc.)<br \/>Fonctionnement sur batterie<br \/>Les prix des appareils de cette cat\u00e9gorie commencent \u00e0 environ 1'800 CHF par appareil auditif.<\/p>\n<hr \/>\n<p><strong>Premium :<\/strong><\/p>\n<p>L'adaptation manuelle des syst\u00e8mes auditifs aux nouvelles situations n'est plus n\u00e9cessaire.<br \/>Pas de bruit de vent pendant les activit\u00e9s ext\u00e9rieures<br \/>Bonne compr\u00e9hension de la parole et concentration de la parole<br \/>Correspondance binaurale entre les deux aides auditives<br \/>Entre 12 et 16 canaux de fr\u00e9quence<br \/>Couplage Bluetooth avec un smartphone - t\u00e9l\u00e9phoner les mains libres<br \/>Suppression des bruits d'impulsion<br \/>Compression de fr\u00e9quence<br \/>Les prix des appareils de cette cat\u00e9gorie commencent \u00e0 partir d'environ 2'400 CHF par appareil auditif.<\/p>\n<hr \/>\n<p><strong>Haut de gamme :<\/strong><\/p>\n<p>Confort auditif maximal dans toutes les situations d'\u00e9coute<br \/>Entre 16 et 20 canaux de fr\u00e9quence<br \/>Meilleure intelligibilit\u00e9 possible de la parole dans les grands groupes sociables et r\u00e9activit\u00e9 directionnelle.<br \/>Meilleure qualit\u00e9 sonore lors de l'\u00e9coute de la musique (reconnaissance automatique de la musique)<br \/>Compression de fr\u00e9quence<br \/>Gestionnaire du bruit du vent<br \/>Les prix des appareils de cette cat\u00e9gorie commencent \u00e0 partir d'environ 3'500 CHF par appareil auditif.<\/p>\n<hr \/>\n<p>En Suisse, les paiements suppl\u00e9mentaires sur les forfaits d'appareils auditifs donn\u00e9s ont \u00e9t\u00e9 syst\u00e9matiquement enregistr\u00e9s au cours des derni\u00e8res ann\u00e9es. L'\u00e9tude de l'Office f\u00e9d\u00e9ral des assurances sociales conclut que les appareils auditifs choisis par les adultes se situent dans une cat\u00e9gorie de prix qui correspond \u00e0 notre niveau technique \"confort\". On voit ici que chez HZ, notre conseil se situe dans un segment de prix moyen, qui tient compte des souhaits des clients, mais qui aide aussi nos clients \u00e0 prendre des d\u00e9cisions en fonction du prix.\u00a0<\/p>","protected":false},"excerpt":{"rendered":"<p>Prix des aides auditives A chaque budget sa solution Termin Aides auditives Filiales Prix des aides auditives Les niveaux de technologie des aides auditives, que l'on peut classer en cat\u00e9gories, sont d\u00e9cisifs pour le prix des aides auditives. En pratique, les appareils sont class\u00e9s en fonction de l'\u00e9tendue de leurs caract\u00e9ristiques. D'un point de vue purement visuel, les appareils du m\u00eame type mais de niveaux techniques diff\u00e9rents ne pr\u00e9sentent aucune diff\u00e9rence. Il est important de choisir un appareil [...].<\/p>","protected":false},"author":9,"featured_media":0,"parent":778,"menu_order":0,"comment_status":"closed","ping_status":"closed","template":"","meta":{"_seopress_robots_primary_cat":"","_seopress_titles_title":"H\u00f6rsysteme - Preise","_seopress_titles_desc":"Erfahren Sie hier unsere H\u00f6rsystem \/ H\u00f6rger\u00e4te Preise eingeteilt in die verschiedenen Technikstufen.","_seopress_robots_index":"","site-sidebar-layout":"default","site-content-layout":"default","ast-site-content-layout":"default","site-content-style":"default","site-sidebar-style":"default","ast-global-header-display":"","ast-banner-title-visibility":"","ast-main-header-display":"","ast-hfb-above-header-display":"","ast-hfb-below-header-display":"","ast-hfb-mobile-header-display":"","site-post-title":"disabled","ast-breadcrumbs-content":"","ast-featured-img":"","footer-sml-layout":"","theme-transparent-header-meta":"default","adv-header-id-meta":"","stick-header-meta":"default","header-above-stick-meta":"","header-main-stick-meta":"","header-below-stick-meta":"","astra-migrate-meta-layouts":"set","ast-page-background-enabled":"default","ast-page-background-meta":{"desktop":{"background-color":"","background-image":"","background-repeat":"repeat","background-position":"center center","background-size":"auto","background-attachment":"scroll","background-type":"","background-media":"","overlay-type":"","overlay-color":"","overlay-opacity":"","overlay-gradient":""},"tablet":{"background-color":"","background-image":"","background-repeat":"repeat","background-position":"center center","background-size":"auto","background-attachment":"scroll","background-type":"","background-media":"","overlay-type":"","overlay-color":"","overlay-opacity":"","overlay-gradient":""},"mobile":{"background-color":"","background-image":"","background-repeat":"repeat","background-position":"center center","background-size":"auto","background-attachment":"scroll","background-type":"","background-media":"","overlay-type":"","overlay-color":"","overlay-opacity":"","overlay-gradient":""}},"ast-content-background-meta":{"desktop":{"background-color":"var(--ast-global-color-5)","background-image":"","background-repeat":"repeat","background-position":"center center","background-size":"auto","background-attachment":"scroll","background-type":"","background-media":"","overlay-type":"","overlay-color":"","overlay-opacity":"","overlay-gradient":""},"tablet":{"background-color":"var(--ast-global-color-5)","background-image":"","background-repeat":"repeat","background-position":"center center","background-size":"auto","background-attachment":"scroll","background-type":"","background-media":"","overlay-type":"","overlay-color":"","overlay-opacity":"","overlay-gradient":""},"mobile":{"background-color":"var(--ast-global-color-5)","background-image":"","background-repeat":"repeat","background-position":"center center","background-size":"auto","background-attachment":"scroll","background-type":"","background-media":"","overlay-type":"","overlay-color":"","overlay-opacity":"","overlay-gradient":""}},"iawp_total_views":827,"footnotes":""},"class_list":["post-1490","page","type-page","status-publish","hentry"],"_links":{"self":[{"href":"https:\/\/www.hz-hoeren.ch\/fr\/wp-json\/wp\/v2\/pages\/1490","targetHints":{"allow":["GET"]}}],"collection":[{"href":"https:\/\/www.hz-hoeren.ch\/fr\/wp-json\/wp\/v2\/pages"}],"about":[{"href":"https:\/\/www.hz-hoeren.ch\/fr\/wp-json\/wp\/v2\/types\/page"}],"author":[{"embeddable":true,"href":"https:\/\/www.hz-hoeren.ch\/fr\/wp-json\/wp\/v2\/users\/9"}],"replies":[{"embeddable":true,"href":"https:\/\/www.hz-hoeren.ch\/fr\/wp-json\/wp\/v2\/comments?post=1490"}],"version-history":[{"count":30,"href":"https:\/\/www.hz-hoeren.ch\/fr\/wp-json\/wp\/v2\/pages\/1490\/revisions"}],"predecessor-version":[{"id":5979,"href":"https:\/\/www.hz-hoeren.ch\/fr\/wp-json\/wp\/v2\/pages\/1490\/revisions\/5979"}],"up":[{"embeddable":true,"href":"https:\/\/www.hz-hoeren.ch\/fr\/wp-json\/wp\/v2\/pages\/778"}],"wp:attachment":[{"href":"https:\/\/www.hz-hoeren.ch\/fr\/wp-json\/wp\/v2\/media?parent=1490"}],"curies":[{"name":"wp","href":"https:\/\/api.w.org\/{rel}","templated":true}]}}