{"id":1414,"date":"2025-06-24T06:01:00","date_gmt":"2025-06-24T04:01:00","guid":{"rendered":"https:\/\/www.hz-hoeren.ch\/?page_id=1414"},"modified":"2026-02-27T12:15:14","modified_gmt":"2026-02-27T11:15:14","slug":"hoermittelzentrale-basel","status":"publish","type":"page","link":"https:\/\/www.hz-hoeren.ch\/fr\/trouver-une-filiale\/hoermittelzentrale-basel\/","title":{"rendered":"Centre d'aide auditive de B\u00e2le"},"content":{"rendered":"<h1>\n\t\t\tEnfants et jeunes\t<\/h1>\n\t<h2>\n\t\t\t\tConseils auditifs R\u00e9gion de B\u00e2le\n\t\t\t<\/h2>\n\t<a href=\"https:\/\/www.hz-hoeren.ch\/fr\/trouver-une-filiale\/hoermittelzentrale-basel\/\" target=\"_self\" aria-label=\"Go to https:\/\/www.hz-hoeren.ch\/filiale-finden\/hoermittelzentrale-basel\/\"><\/a>\n\t\t\t<h3>B\u00e2le<\/h3>\t\t\t\n\t<a href=\"https:\/\/www.hz-hoeren.ch\/fr\/trouver-une-filiale\/hoermittelzentrale-liestal\/\" target=\"_self\" aria-label=\"Go to https:\/\/www.hz-hoeren.ch\/filiale-finden\/hoermittelzentrale-liestal\/\"><\/a>\n\t\t\t<h3>Liestal<\/h3>\t\t\t\n\t<a href=\"https:\/\/www.hz-hoeren.ch\/fr\/trouver-une-filiale\/hoermittelzentrale-rheinfelden\/\" target=\"_self\" aria-label=\"Go to https:\/\/www.hz-hoeren.ch\/filiale-finden\/hoermittelzentrale-rheinfelden\/\"><\/a>\n\t\t\t<h3>Rheinfelden<\/h3>\t\t\t\n\t\t\t<h3>Centre d'aide auditive de B\u00e2le<\/h3>\t\t\t\n\t\t\t\t<p>Centre d'aide auditive du nord-ouest de la Suisse AG<br \/>Stadthausgasse 15<br \/>CH - 4051 B\u00e2le<br \/>T\u00e9l\u00e9phone +41 61 269 89 89<br \/><a href=\"mailto:basel@hz-hoeren.ch\">basel@hz-hoeren.ch<\/a><\/p>\n<p><strong>Heures d'ouverture<\/strong><br \/>lundi - vendredi<br \/>8h30 - 12h00 et de 13h00 - 17h30<\/p>\n<p><a href=\"https:\/\/www.hz-hoeren.ch\/fr\/trouver-branche\/\">Dates<\/a> et <a href=\"https:\/\/www.hz-hoeren.ch\/fr\/nos-services\/service-de-visites-a-domicile\/\">Visites \u00e0 domicile<\/a> sont \u00e9galement possibles sur rendez-vous en dehors des heures d'ouverture normales.<\/p>\n<p><strong>Locaux accessibles en fauteuil roulant<\/strong><\/p>\n<p>Nous disposons d'un ascenseur. En raison de notre situation dans un ancien b\u00e2timent, celui-ci est un peu juste. Cependant, dans la plupart des cas, notre exp\u00e9rience nous a montr\u00e9 que les clients en fauteuil roulant pouvaient nous rejoindre.<\/p>\n<p><strong>Parking<\/strong><br \/>De nombreuses places de stationnement public sont disponibles dans le parking \u00e0 \u00e9tages Storchen, situ\u00e9 \u00e0 50 m\u00e8tres.<\/p>\n\t\t\t\t<img decoding=\"async\" src=\"https:\/\/ertdddteoia.exactdn.com\/wp-content\/uploads\/2021\/09\/web_DSC7799-scaled.jpg?strip=all&lossy=1&resize=1920%2C1280&ssl=1\" alt=\"Vue ext\u00e9rieure de la filiale HZ Basel\" height=\"1600\" width=\"2400\" title=\"HZ B\u00e2le vue de l&#039;ext\u00e9rieur\" loading='lazy' \/>\n\t\t\t\t<img decoding=\"async\" src=\"https:\/\/ertdddteoia.exactdn.com\/wp-content\/uploads\/bb-plugin\/cache\/webbilder_DSC_9659-square.jpg?strip=all&lossy=1&w=1920&ssl=1\" alt=\"Jeremias B\u00fchrer Directeur de la filiale et audioproth\u00e9siste de HZ Basel\" title=\"HZ \u00c9quipe de B\u00e2le\" \/>\n\t\t<h3>Jeremias B\u00fchrer<\/h3>\t\t\t\n\t\t\t\t<p>Directeur de succursale<br \/>Sp\u00e9cialiste des aides auditives<br \/>avec la FA f\u00e9d\u00e9rale<\/p>\n\t\t\t\t<img decoding=\"async\" src=\"https:\/\/ertdddteoia.exactdn.com\/wp-content\/uploads\/bb-plugin\/cache\/bild-jasmin-kaegi-farbe-sized-660x360-square.jpg?strip=all&lossy=1&w=1920&ssl=1\" alt=\"image jasmin kaegi couleur sized\" title=\"image jasmin kaegi couleur sized\" \/>\n\t\t<h3>Jasmin K\u00e4gi<\/h3>\t\t\t\n\t\t\t\t<p>Audioproth\u00e9siste dipl\u00f4m\u00e9e d'\u00c9tat<\/p>\n\t\t\t\t<img decoding=\"async\" src=\"https:\/\/ertdddteoia.exactdn.com\/wp-content\/uploads\/bb-plugin\/cache\/img-20250228-wa0000-1-e1740743365431-square.jpg?strip=all&lossy=1&w=1920&ssl=1\" alt=\"img 20250228 wa0000\" title=\"IMG-20250228-WA0000\" \/>\n\t\t<h3>G\u00f6zde Yoleri<\/h3>\t\t\t\n\t\t\t\t<p>Consultant en acoustique<\/p>\n\t\t\t<a href=\"https:\/\/www.google.com\/maps\/@47.558821,7.5865602,3a,75y,313.44h,85t\/data=!3m8!1e1!3m6!1sCIABIhAWFV-3ze4CBhRau7nYy3wY!2e10!3e12!6shttps:%2F%2Flh3.googleusercontent.com%2Fgpms-cs-s%2FAB8u6HYmDzedcZvyO7hQRCYqSPMUip0AuoQvcAT1YfVz7_7XZUtGSXw71q0VpSeYZLgyU1U3FlNLzYqJJ-DsoKPzPmjgC4YSuVIdgjUlZzj4sPkC5P3EjPodauW8j_OzxzMsasw0q80VCQTFUSgR%3Dw900-h600-k-no-pi5-ya85.44-ro0-fo100!7i10000!8i5000?entry=ttu&#038;g_ep=EgoyMDI1MDYyMy4wIKXMDSoASAFQAw%3D%3D\" target=\"_blank\" rel=\"noopener\">\n\t\t\t\t\t\tVue 3D de la branche\n\t\t\t\t\t<\/a>\n\t<strong>Mon chemin vers HZ<\/strong><br \/>\nHZ Basel est situ\u00e9 entre la Stadthaus et la pharmacie Bielmann, en face de la Singerhaus. La place du march\u00e9 est \u00e0 60 m\u00e8tres.\n\t\t\t\t<a href=\"https:\/\/www.google.com\/maps\/place\/H%C3%B6rmittelzentrale+Basel\/@47.558794,7.586567,16z\/data=!4m5!3m4!1s0x0:0x853c06965598082e!8m2!3d47.5587936!4d7.5866964?hl=de\" target=\"_blank\" rel=\"noopener\">\n\t\t\t\t<img decoding=\"async\" src=\"https:\/\/ertdddteoia.exactdn.com\/wp-content\/uploads\/2021\/09\/hoermittelzentrale_Plan_Basel.svg\" alt=\"Itin\u00e9raire vers la filiale HZ Basel\" height=\"100\" width=\"100\" title=\"Description de l&#039;itin\u00e9raire HZ Basel\" loading='lazy' \/>\n\t\t\t\t<\/a>","protected":false},"excerpt":{"rendered":"<p>Enfants et adolescents Consultation auditive r\u00e9gion B\u00e2le Liestal Rheinfelden H\u00f6rmittelzentrale Basel H\u00f6rmittelzentrale Nordwestschweiz AGStadthausgasse 15CH - 4051 BaselT\u00e9l\u00e9phone +41 61 269 89 89basel@hz-hoeren.ch Heures d'ouvertureLundi - vendredi8h30 - 12h00 et de 13h00 - 17h30 Les rendez-vous ainsi que les visites \u00e0 domicile sont \u00e9galement possibles sur rendez-vous en dehors des heures d'ouverture normales. Locaux accessibles en fauteuil roulant Nous disposons d'un ascenseur. En raison [...]<\/p>","protected":false},"author":9,"featured_media":0,"parent":756,"menu_order":0,"comment_status":"closed","ping_status":"closed","template":"","meta":{"_seopress_robots_primary_cat":"","_seopress_titles_title":"HZ Basel | Ihre kostenlose H\u00f6rberatung in der N\u00e4he","_seopress_titles_desc":"Die HZ ist unabh\u00e4ngig von Herstellern und Beh\u00f6rden. Sie garantiert ihren Kundinnen und Kunden eine individuelle Beratung und L\u00f6sungen zu fairen Bedingungen.","_seopress_robots_index":"","site-sidebar-layout":"default","site-content-layout":"page-builder","ast-site-content-layout":"full-width-container","site-content-style":"unboxed","site-sidebar-style":"unboxed","ast-global-header-display":"","ast-banner-title-visibility":"","ast-main-header-display":"","ast-hfb-above-header-display":"","ast-hfb-below-header-display":"","ast-hfb-mobile-header-display":"","site-post-title":"disabled","ast-breadcrumbs-content":"","ast-featured-img":"","footer-sml-layout":"","theme-transparent-header-meta":"default","adv-header-id-meta":"","stick-header-meta":"default","header-above-stick-meta":"","header-main-stick-meta":"","header-below-stick-meta":"","astra-migrate-meta-layouts":"set","ast-page-background-enabled":"default","ast-page-background-meta":{"desktop":{"background-color":"","background-image":"","background-repeat":"repeat","background-position":"center center","background-size":"auto","background-attachment":"scroll","background-type":"","background-media":"","overlay-type":"","overlay-color":"","overlay-opacity":"","overlay-gradient":""},"tablet":{"background-color":"","background-image":"","background-repeat":"repeat","background-position":"center center","background-size":"auto","background-attachment":"scroll","background-type":"","background-media":"","overlay-type":"","overlay-color":"","overlay-opacity":"","overlay-gradient":""},"mobile":{"background-color":"","background-image":"","background-repeat":"repeat","background-position":"center center","background-size":"auto","background-attachment":"scroll","background-type":"","background-media":"","overlay-type":"","overlay-color":"","overlay-opacity":"","overlay-gradient":""}},"ast-content-background-meta":{"desktop":{"background-color":"var(--ast-global-color-5)","background-image":"","background-repeat":"repeat","background-position":"center center","background-size":"auto","background-attachment":"scroll","background-type":"","background-media":"","overlay-type":"","overlay-color":"","overlay-opacity":"","overlay-gradient":""},"tablet":{"background-color":"var(--ast-global-color-5)","background-image":"","background-repeat":"repeat","background-position":"center center","background-size":"auto","background-attachment":"scroll","background-type":"","background-media":"","overlay-type":"","overlay-color":"","overlay-opacity":"","overlay-gradient":""},"mobile":{"background-color":"var(--ast-global-color-5)","background-image":"","background-repeat":"repeat","background-position":"center center","background-size":"auto","background-attachment":"scroll","background-type":"","background-media":"","overlay-type":"","overlay-color":"","overlay-opacity":"","overlay-gradient":""}},"iawp_total_views":4029,"footnotes":""},"class_list":["post-1414","page","type-page","status-publish","hentry"],"_links":{"self":[{"href":"https:\/\/www.hz-hoeren.ch\/fr\/wp-json\/wp\/v2\/pages\/1414","targetHints":{"allow":["GET"]}}],"collection":[{"href":"https:\/\/www.hz-hoeren.ch\/fr\/wp-json\/wp\/v2\/pages"}],"about":[{"href":"https:\/\/www.hz-hoeren.ch\/fr\/wp-json\/wp\/v2\/types\/page"}],"author":[{"embeddable":true,"href":"https:\/\/www.hz-hoeren.ch\/fr\/wp-json\/wp\/v2\/users\/9"}],"replies":[{"embeddable":true,"href":"https:\/\/www.hz-hoeren.ch\/fr\/wp-json\/wp\/v2\/comments?post=1414"}],"version-history":[{"count":108,"href":"https:\/\/www.hz-hoeren.ch\/fr\/wp-json\/wp\/v2\/pages\/1414\/revisions"}],"predecessor-version":[{"id":6234,"href":"https:\/\/www.hz-hoeren.ch\/fr\/wp-json\/wp\/v2\/pages\/1414\/revisions\/6234"}],"up":[{"embeddable":true,"href":"https:\/\/www.hz-hoeren.ch\/fr\/wp-json\/wp\/v2\/pages\/756"}],"wp:attachment":[{"href":"https:\/\/www.hz-hoeren.ch\/fr\/wp-json\/wp\/v2\/media?parent=1414"}],"curies":[{"name":"wp","href":"https:\/\/api.w.org\/{rel}","templated":true}]}}