{"id":1319,"date":"2020-12-01T21:45:59","date_gmt":"2020-12-01T20:45:59","guid":{"rendered":"https:\/\/www.hz-hoeren.ch\/?page_id=1319"},"modified":"2023-10-10T07:26:42","modified_gmt":"2023-10-10T05:26:42","slug":"technologie-du-hoersystem","status":"publish","type":"page","link":"https:\/\/www.hz-hoeren.ch\/fr\/appareils-auditifs-2\/technologie-du-hoersystem\/","title":{"rendered":"Technologie d'aide auditives"},"content":{"rendered":"<h1>\n\t\tEnfants et jeunes\n\t<\/h1>\n\t<h2>\n\t\t\t\tpetits appareils - grands effets\n\t\t\t<\/h2>\n\t<a href=\"https:\/\/www.hz-hoeren.ch\/fr\/prendre-rendez-vous\/\" target=\"_self\" rel=\"noopener\"><\/a> \n\t\t<h3>Test auditif gratuit<\/h3>\t\t\t\n\t<a href=\"https:\/\/www.hz-hoeren.ch\/fr\/solutions-decoute\/\" target=\"_self\" rel=\"noopener\"><\/a> \n\t\t<h3>Solutions auditives<\/h3>\t\t\t\n\t<a href=\"https:\/\/www.hz-hoeren.ch\/fr\/trouver-une-filiale\/\" target=\"_self\" rel=\"noopener\"><\/a> \n\t\t<h3>Branches<\/h3>\t\t\t\n\t\t\t<h5>Audition et appareils auditives<\/h5><h2>Caract\u00e9ristiques des aides auditives<\/h2>\n\t\t\t\t<p>Si le volume normal dans les conversations et les situations de la vie quotidienne ne suffit plus, le son doit \u00eatre amplifi\u00e9. Le principe de fonctionnement d'un syst\u00e8me auditif est tr\u00e8s simple :<\/p>\n<ul>\n<li>Enregistrement du son via un microphone<\/li>\n<li>Amplification du son dans le syst\u00e8me<\/li>\n<li>Transmission du son amplifi\u00e9 au syst\u00e8me auditif par un haut-parleur.<\/li>\n<\/ul>\n<p class=\"translation-block\">Pour obtenir l'amplification sonore d\u00e9crite, des <a href=\"https:\/\/hz-hoeren.chaplin.sui-inter.net\/hoeren-und-hoersysteme\/hoersystem-batterien\/\" target=\"_self\">piles<\/a> appropri\u00e9es sont ins\u00e9r\u00e9es dans l'appareil auditif. Aujourd'hui, les piles boutons standard sont de plus en plus remplac\u00e9es par des <a href=\"https:\/\/hz-hoeren.chaplin.sui-inter.net\/hoeren-und-hoersysteme\/hoersysteme-mit-akku\/\" target=\"_self\">batteries<\/a> rechargeables.<\/p>\n<hr>\n<p>Si vous \u00eates int\u00e9ress\u00e9 par d'autres d\u00e9tails passionnants sur la technologie des syst\u00e8mes auditifs, venez nous voir. Nos experts se feront un plaisir de vous informer sur l'\u00e9tat actuel de la technique.<\/p>\n\t\t\t\t<img decoding=\"async\" src=\"https:\/\/ertdddteoia.exactdn.com\/wp-content\/uploads\/2021\/03\/styletto_X_cutthrough.jpg?strip=all&lossy=1&resize=1200%2C1200&ssl=1\" alt=\"styletto_X_cutthrough\" title=\"styletto_X_cutthrough\" width=\"1200\" height=\"1200\">\n\t\t\t\t<img decoding=\"async\" src=\"https:\/\/ertdddteoia.exactdn.com\/wp-content\/uploads\/2021\/03\/Active-Explosion.png?strip=all&lossy=1&resize=1000%2C562&ssl=1\" alt=\"Explosion active\" title=\"Explosion active\" width=\"1000\" height=\"562\">","protected":false},"excerpt":{"rendered":"<p>Enfants et adolescents Petits appareils - grands effets Test auditif gratuit Solutions auditives Filiales Audition et aides auditives Propri\u00e9t\u00e9s des aides auditives Si le volume normal ne suffit plus dans les conversations et les situations quotidiennes, le son doit \u00eatre amplifi\u00e9. Le principe de fonctionnement d'une aide auditive est tr\u00e8s simple : r\u00e9ception du son par un microphone amplification du son dans le syst\u00e8me \u00e9mission du son amplifi\u00e9 par un [...].<\/p>","protected":false},"author":1,"featured_media":0,"parent":778,"menu_order":0,"comment_status":"closed","ping_status":"closed","template":"","meta":{"_seopress_robots_primary_cat":"","_seopress_titles_title":"H\u00f6rsystem-Technologie | Kleine Ger\u00e4te mit einer grossen Wirkung","_seopress_titles_desc":"Reicht die Lautst\u00e4rke nicht aus, muss der Schall verst\u00e4rkt werden. \u00dcber das Mikrofon wird der Schall aufgenommen und verst\u00e4rkt wieder an das Geh\u00f6r abgegeben.","_seopress_robots_index":"","site-sidebar-layout":"default","site-content-layout":"default","ast-site-content-layout":"default","site-content-style":"default","site-sidebar-style":"default","ast-global-header-display":"","ast-banner-title-visibility":"","ast-main-header-display":"","ast-hfb-above-header-display":"","ast-hfb-below-header-display":"","ast-hfb-mobile-header-display":"","site-post-title":"disabled","ast-breadcrumbs-content":"","ast-featured-img":"","footer-sml-layout":"","theme-transparent-header-meta":"default","adv-header-id-meta":"","stick-header-meta":"default","header-above-stick-meta":"","header-main-stick-meta":"","header-below-stick-meta":"","astra-migrate-meta-layouts":"set","ast-page-background-enabled":"default","ast-page-background-meta":{"desktop":{"background-color":"","background-image":"","background-repeat":"repeat","background-position":"center center","background-size":"auto","background-attachment":"scroll","background-type":"","background-media":"","overlay-type":"","overlay-color":"","overlay-opacity":"","overlay-gradient":""},"tablet":{"background-color":"","background-image":"","background-repeat":"repeat","background-position":"center center","background-size":"auto","background-attachment":"scroll","background-type":"","background-media":"","overlay-type":"","overlay-color":"","overlay-opacity":"","overlay-gradient":""},"mobile":{"background-color":"","background-image":"","background-repeat":"repeat","background-position":"center center","background-size":"auto","background-attachment":"scroll","background-type":"","background-media":"","overlay-type":"","overlay-color":"","overlay-opacity":"","overlay-gradient":""}},"ast-content-background-meta":{"desktop":{"background-color":"var(--ast-global-color-5)","background-image":"","background-repeat":"repeat","background-position":"center center","background-size":"auto","background-attachment":"scroll","background-type":"","background-media":"","overlay-type":"","overlay-color":"","overlay-opacity":"","overlay-gradient":""},"tablet":{"background-color":"var(--ast-global-color-5)","background-image":"","background-repeat":"repeat","background-position":"center center","background-size":"auto","background-attachment":"scroll","background-type":"","background-media":"","overlay-type":"","overlay-color":"","overlay-opacity":"","overlay-gradient":""},"mobile":{"background-color":"var(--ast-global-color-5)","background-image":"","background-repeat":"repeat","background-position":"center center","background-size":"auto","background-attachment":"scroll","background-type":"","background-media":"","overlay-type":"","overlay-color":"","overlay-opacity":"","overlay-gradient":""}},"iawp_total_views":67,"footnotes":""},"class_list":["post-1319","page","type-page","status-publish","hentry"],"_links":{"self":[{"href":"https:\/\/www.hz-hoeren.ch\/fr\/wp-json\/wp\/v2\/pages\/1319","targetHints":{"allow":["GET"]}}],"collection":[{"href":"https:\/\/www.hz-hoeren.ch\/fr\/wp-json\/wp\/v2\/pages"}],"about":[{"href":"https:\/\/www.hz-hoeren.ch\/fr\/wp-json\/wp\/v2\/types\/page"}],"author":[{"embeddable":true,"href":"https:\/\/www.hz-hoeren.ch\/fr\/wp-json\/wp\/v2\/users\/1"}],"replies":[{"embeddable":true,"href":"https:\/\/www.hz-hoeren.ch\/fr\/wp-json\/wp\/v2\/comments?post=1319"}],"version-history":[{"count":30,"href":"https:\/\/www.hz-hoeren.ch\/fr\/wp-json\/wp\/v2\/pages\/1319\/revisions"}],"predecessor-version":[{"id":3908,"href":"https:\/\/www.hz-hoeren.ch\/fr\/wp-json\/wp\/v2\/pages\/1319\/revisions\/3908"}],"up":[{"embeddable":true,"href":"https:\/\/www.hz-hoeren.ch\/fr\/wp-json\/wp\/v2\/pages\/778"}],"wp:attachment":[{"href":"https:\/\/www.hz-hoeren.ch\/fr\/wp-json\/wp\/v2\/media?parent=1319"}],"curies":[{"name":"wp","href":"https:\/\/api.w.org\/{rel}","templated":true}]}}