{"id":5878,"date":"2025-03-23T23:58:28","date_gmt":"2025-03-23T22:58:28","guid":{"rendered":"https:\/\/www.hz-hoeren.ch\/?page_id=5878"},"modified":"2025-04-11T17:14:37","modified_gmt":"2025-04-11T15:14:37","slug":"hearing-aids-novelties","status":"publish","type":"page","link":"https:\/\/www.hz-hoeren.ch\/en\/audio-equipment\/hearing-aids-novelties\/","title":{"rendered":"Hearing aid innovations"},"content":{"rendered":"<h1>\n\t\tChildren and teenagers\n\t<\/h1>\n\t<h2>\n\t\t\t\tThe latest hearing systems at HZ\n\t\t\t<\/h2>\n\t<a href=\"https:\/\/www.hz-hoeren.ch\/en\/find-branch\/\" target=\"_self\" aria-label=\"Go to https:\/\/www.hz-hoeren.ch\/kontakt\/\"><\/a>\n\t\t<h3>Date<\/h3>\t\t\t\n\t<a href=\"https:\/\/www.hz-hoeren.ch\/en\/audio-solutions\/\" target=\"_self\" aria-label=\"Go to https:\/\/www.hz-hoeren.ch\/hoerloesungen\/\"><\/a>\n\t\t<h3>Hearing aids<\/h3>\t\t\t\n\t<a href=\"https:\/\/www.hz-hoeren.ch\/en\/find-a-branch\/\" target=\"_self\" aria-label=\"Go to https:\/\/www.hz-hoeren.ch\/filiale-finden\/\"><\/a>\n\t\t<h3>Branches<\/h3>\t\t\t\n<h2>\n\t\tHearing aid innovations\n\t<\/h2>\n\t<p>As an independent company, H\u00f6rmittelzentrale Nordwestschweiz AG offers all hearing aids approved on the Swiss market. The following list contains a selection of current innovations. It is not exhaustive, nor do these products reflect those that are particularly marketed by HZ. We focus on your needs and preferences based on your hearing situation. This results in a solution- and benefit-oriented hearing care system tailored to your individual needs.<\/p>\n\t\t\t\t<img decoding=\"async\" src=\"https:\/\/ertdddteoia.exactdn.com\/wp-content\/uploads\/2025\/03\/pure-charge-go-bct-ix_black_receiver-m_1000x1000-300x300.jpg?strip=all&lossy=1&ssl=1\" alt=\"pure charge go bct ix black receiver m 1000x1000\" title=\"Pure-Charge-Go-BCT-IX_Black_receiver-M_1000x1000\" width=\"300\" height=\"300\" \/>\n\t\t\t<h3>Signia Pure Charge &amp; Go BCT IX<\/h3>\t\t\t\n\t\t\t\t<p>The brand new <a href=\"https:\/\/www.hz-hoeren.ch\/en\/audio-equipment\/hearing-aids-designs\/\">RIC device<\/a> from Signia is an extension of the previous Pure IX. The following features have been improved in the new version:<\/p>\n<ul>\n<li>Greatly improved battery life (up to 54h running time)<\/li>\n<li>Bluetooth Classic implemented<\/li>\n<li>New LED status light<\/li>\n<li>New digital TV streamer<\/li>\n<li>Improved communication between hearing aids<\/li>\n<li>Multibeam microphone technology<\/li>\n<li>Dynamic conversation enhancement<\/li>\n<\/ul>\n\t\t\t\t<img decoding=\"async\" src=\"https:\/\/ertdddteoia.exactdn.com\/wp-content\/uploads\/2025\/03\/phonak_lumity_chestnut-1-e1685731733923.png?strip=all&lossy=1&w=1920&ssl=1\" alt=\"phonak lumity chestnut 1 e1685731733923\" title=\"phonak_lumity_chestnut-1-e1685731733923\" \/>\n\t\t\t<h3>Phonak Aud\u00e9o Infinio Sphere<\/h3>\t\t\t\n\t\t\t\t<p>The latest RIC achievement from Phonak, which sets new standards in terms of AI-controlled speech enhancement:<\/p>\n<ul>\n<li>New AI\/DNN chip (DEEPSONIC) for noise suppression and speech enhancement<\/li>\n<li>Can be controlled in a separate Spheric Speech program<\/li>\n<li>Improved SNR in noisy environments (up to 10dB)<\/li>\n<li>Roger microphones directly connectable without Roger X adapter<\/li>\n<li>New smaller mobile charger with up to three charges<\/li>\n<\/ul>\n\t\t\t\t<img decoding=\"async\" src=\"https:\/\/ertdddteoia.exactdn.com\/wp-content\/uploads\/2025\/03\/oticon_intent_minirite_h1-2024_left_c091silvergrey_ledgreen_speaker60_openbassdome_1200x1200px-3799719840-300x300.png?strip=all&lossy=1&ssl=1\" alt=\"oticon intent minirite h1 2024 left c091silvergrey ledgreen speaker60 openbassdome 1200x1200px 3799719840\" title=\"Oticon_Intent_miniRITE_H1-2024_Left_C091SilverGrey_LEDgreen_Speaker60_OpenBassDome_1200x1200px-3799719840\" width=\"300\" height=\"300\" \/>\n\t\t\t<h3>Oticon Intent miniRITE<\/h3>\t\t\t\n\t\t\t\t<p>A RIC system from the forge of Oticon, which can certainly build on the previous success of the export hit OPN:<\/p>\n<ul>\n<li>4D motion sensor technology for analyzing viewing directions and movements<\/li>\n<li>Improved AI technology for speech highlighting<\/li>\n<li>New Easy LE adapter that makes smartphones compatible via USB C\u00a0<\/li>\n<li>256 channels for frequency resolution on an unprecedented scale<\/li>\n<li>20 hours battery life<\/li>\n<li>Handsfree telephony and audio streaming<\/li>\n<\/ul>\n\t<p>Can't find the device of your choice? Do you need more information about one system or another? Are you wondering which product suits your hearing situation? Take <a href=\"http:\/\/www.hz.hoeren.ch\/kontakt\">Contact<\/a> to us! Our hearing aid acousticians will be happy to help you.<\/p>","protected":false},"excerpt":{"rendered":"<p>Children and young people The latest hearing systems at HZ Termin H\u00f6rger\u00e4te Branialen Hearing aid innovations As an independent company, H\u00f6rmittelzentrale Nordwestschweiz AG offers all hearing aids approved on the Swiss market. The following list contains a selection of current innovations. It is not exhaustive, nor do these products reflect those that are particularly marketed by HZ. [...]<\/p>","protected":false},"author":9,"featured_media":0,"parent":778,"menu_order":0,"comment_status":"closed","ping_status":"closed","template":"","meta":{"_seopress_robots_primary_cat":"","_seopress_titles_title":"H\u00f6rger\u00e4te | H\u00f6rsysteme mit KI? I Die HZ Neuheiten 2025","_seopress_titles_desc":"H\u00f6rger\u00e4te werden laufend weiter entwickelt. Die HZ bietet H\u00f6rger\u00e4te an, die aktuellstem Stand der Technik entsprechen. KI H\u00f6rsystem gibts bei der HZ.","_seopress_robots_index":"","site-sidebar-layout":"default","site-content-layout":"default","ast-site-content-layout":"default","site-content-style":"default","site-sidebar-style":"default","ast-global-header-display":"","ast-banner-title-visibility":"","ast-main-header-display":"","ast-hfb-above-header-display":"","ast-hfb-below-header-display":"","ast-hfb-mobile-header-display":"","site-post-title":"disabled","ast-breadcrumbs-content":"","ast-featured-img":"","footer-sml-layout":"","theme-transparent-header-meta":"default","adv-header-id-meta":"","stick-header-meta":"default","header-above-stick-meta":"","header-main-stick-meta":"","header-below-stick-meta":"","astra-migrate-meta-layouts":"set","ast-page-background-enabled":"default","ast-page-background-meta":{"desktop":{"background-color":"","background-image":"","background-repeat":"repeat","background-position":"center center","background-size":"auto","background-attachment":"scroll","background-type":"","background-media":"","overlay-type":"","overlay-color":"","overlay-opacity":"","overlay-gradient":""},"tablet":{"background-color":"","background-image":"","background-repeat":"repeat","background-position":"center center","background-size":"auto","background-attachment":"scroll","background-type":"","background-media":"","overlay-type":"","overlay-color":"","overlay-opacity":"","overlay-gradient":""},"mobile":{"background-color":"","background-image":"","background-repeat":"repeat","background-position":"center center","background-size":"auto","background-attachment":"scroll","background-type":"","background-media":"","overlay-type":"","overlay-color":"","overlay-opacity":"","overlay-gradient":""}},"ast-content-background-meta":{"desktop":{"background-color":"var(--ast-global-color-5)","background-image":"","background-repeat":"repeat","background-position":"center center","background-size":"auto","background-attachment":"scroll","background-type":"","background-media":"","overlay-type":"","overlay-color":"","overlay-opacity":"","overlay-gradient":""},"tablet":{"background-color":"var(--ast-global-color-5)","background-image":"","background-repeat":"repeat","background-position":"center center","background-size":"auto","background-attachment":"scroll","background-type":"","background-media":"","overlay-type":"","overlay-color":"","overlay-opacity":"","overlay-gradient":""},"mobile":{"background-color":"var(--ast-global-color-5)","background-image":"","background-repeat":"repeat","background-position":"center center","background-size":"auto","background-attachment":"scroll","background-type":"","background-media":"","overlay-type":"","overlay-color":"","overlay-opacity":"","overlay-gradient":""}},"iawp_total_views":453,"footnotes":""},"class_list":["post-5878","page","type-page","status-publish","hentry"],"_links":{"self":[{"href":"https:\/\/www.hz-hoeren.ch\/en\/wp-json\/wp\/v2\/pages\/5878","targetHints":{"allow":["GET"]}}],"collection":[{"href":"https:\/\/www.hz-hoeren.ch\/en\/wp-json\/wp\/v2\/pages"}],"about":[{"href":"https:\/\/www.hz-hoeren.ch\/en\/wp-json\/wp\/v2\/types\/page"}],"author":[{"embeddable":true,"href":"https:\/\/www.hz-hoeren.ch\/en\/wp-json\/wp\/v2\/users\/9"}],"replies":[{"embeddable":true,"href":"https:\/\/www.hz-hoeren.ch\/en\/wp-json\/wp\/v2\/comments?post=5878"}],"version-history":[{"count":16,"href":"https:\/\/www.hz-hoeren.ch\/en\/wp-json\/wp\/v2\/pages\/5878\/revisions"}],"predecessor-version":[{"id":5980,"href":"https:\/\/www.hz-hoeren.ch\/en\/wp-json\/wp\/v2\/pages\/5878\/revisions\/5980"}],"up":[{"embeddable":true,"href":"https:\/\/www.hz-hoeren.ch\/en\/wp-json\/wp\/v2\/pages\/778"}],"wp:attachment":[{"href":"https:\/\/www.hz-hoeren.ch\/en\/wp-json\/wp\/v2\/media?parent=5878"}],"curies":[{"name":"wp","href":"https:\/\/api.w.org\/{rel}","templated":true}]}}