{"id":5797,"date":"2025-03-24T00:34:04","date_gmt":"2025-03-23T23:34:04","guid":{"rendered":"https:\/\/www.hz-hoeren.ch\/?page_id=5797"},"modified":"2026-01-05T11:35:13","modified_gmt":"2026-01-05T10:35:13","slug":"team","status":"publish","type":"page","link":"https:\/\/www.hz-hoeren.ch\/en\/about-us\/team\/","title":{"rendered":"Team"},"content":{"rendered":"<h3>\n\t\t\tAbout us\t<\/h3>\n\t<h2>\n\t\t\t\tYour contact persons\n\t\t\t<\/h2>\n\t<a href=\"https:\/\/www.hz-hoeren.ch\/en\/find-branch\/\" target=\"_self\" aria-label=\"Go to https:\/\/www.hz-hoeren.ch\/kontakt\/\"><\/a>\n\t\t<h3>Date<\/h3>\t\t\t\n\t<a href=\"https:\/\/www.hz-hoeren.ch\/en\/audio-solutions\/\" target=\"_self\" aria-label=\"Go to https:\/\/www.hz-hoeren.ch\/hoerloesungen\/\"><\/a>\n\t\t<h3>Hearing aids<\/h3>\t\t\t\n\t<a href=\"https:\/\/www.hz-hoeren.ch\/en\/find-a-branch\/\" target=\"_self\" aria-label=\"Go to https:\/\/www.hz-hoeren.ch\/filiale-finden\/\"><\/a>\n\t\t<h3>Branches<\/h3>\t\t\t\n\t\t\t<h2>Team<\/h2>\n<h3>\n\t\t\tBranch Basel\t<\/h3>\n\t\t\t\t<img decoding=\"async\" src=\"https:\/\/ertdddteoia.exactdn.com\/wp-content\/uploads\/bb-plugin\/cache\/webbilder_DSC_9659-square.jpg?strip=all&lossy=1&w=1920&ssl=1\" alt=\"Jeremias B\u00fchrer Branch Manager and Hearing Aid Acoustician at HZ Basel\" title=\"HZ Team Basel\" \/>\n\t\t<h3>Jeremias B\u00fchrer<\/h3>\t\t\t\n\t\t\t\t<p>Branch Manager \/ Member GL<br \/>Hearing system specialist with federal FA<\/p>\n\t\t\t\t<img decoding=\"async\" src=\"https:\/\/ertdddteoia.exactdn.com\/wp-content\/uploads\/bb-plugin\/cache\/bild-jasmin-kaegi-farbe-sized-660x360-square.jpg?strip=all&lossy=1&w=1920&ssl=1\" alt=\"picture jasmin kaegi color sized\" title=\"picture jasmin kaegi color sized\" \/>\n\t\t<h3>Jasmin K\u00e4gi<\/h3>\t\t\t\n\t\t\t\t<p>Hearing aid acoustician (retired)<\/p>\n\t\t\t\t<img decoding=\"async\" src=\"https:\/\/ertdddteoia.exactdn.com\/wp-content\/uploads\/bb-plugin\/cache\/img-20250228-wa0000-1-e1740743365431-square.jpg?strip=all&lossy=1&w=1920&ssl=1\" alt=\"img 20250228 wa0000\" title=\"IMG-20250228-WA0000\" \/>\n\t\t<h3>G\u00f6zde Yoleri<\/h3>\t\t\t\n\t\t\t\t<p>Acoustics consultant<\/p>\n<h3>\n\t\t\tBranch Liestal\t<\/h3>\n\t\t\t\t<img decoding=\"async\" src=\"https:\/\/ertdddteoia.exactdn.com\/wp-content\/uploads\/bb-plugin\/cache\/webbilder__DSC0734-square.jpg?strip=all&lossy=1&w=1920&ssl=1\" alt=\"Andi Benz Deputy Managing Director as well as Branch Manager and Pedagogical Musician of HZ Liestal\" title=\"HZ Team Liestal\" \/>\n\t\t<h3>Andi Benz<\/h3>\t\t\t\n\t\t\t\t<p>Branch Manager \/ Member GL<br \/>Certified pediatric acoustician<\/p>\n\t\t\t\t<img decoding=\"async\" src=\"https:\/\/ertdddteoia.exactdn.com\/wp-content\/uploads\/bb-plugin\/cache\/whatsapp-image-2022-11-25-at-12.08.35-1--square.jpg?strip=all&lossy=1&w=1920&ssl=1\" alt=\"whatsapp image 2022 11 25 at 12.08.35 1\" title=\"whatsapp image 2022 11 25 at 12.08.35 1\" \/>\n\t\t<h3>Heidi B\u00e4chli-Sch\u00f6negger<\/h3>\t\t\t\n\t\t\t\t<p>Acoustics consultant<\/p>\n\t\t\t\t<img decoding=\"async\" src=\"https:\/\/ertdddteoia.exactdn.com\/wp-content\/uploads\/bb-plugin\/cache\/webbilder__DSC0561-square.jpg?strip=all&lossy=1&w=1920&ssl=1\" alt=\"Acoustics consultant of HZ Basel\" title=\"HZ Team Basel\" \/>\n\t\t<h3>Evi Matiz<\/h3>\t\t\t\n\t\t\t\t<p>Acoustics consultant<\/p>\n<h3>\n\t\t\tBranch Rheinfelden\t<\/h3>\n\t\t\t\t<img decoding=\"async\" src=\"https:\/\/ertdddteoia.exactdn.com\/wp-content\/uploads\/bb-plugin\/cache\/aebersold_sized-square.jpg?strip=all&lossy=1&w=1920&ssl=1\" alt=\"aebersold sized\" title=\"Aebersold_sized\" \/>\n\t\t<h3>Daniel Aebersold<\/h3>\t\t\t\n\t\t\t\t<p>Branch Manager \/ Member GL<br \/>Hearing Aid Acoustician<br \/>with federal FA<\/p>\n\t\t\t\t<img decoding=\"async\" src=\"https:\/\/ertdddteoia.exactdn.com\/wp-content\/uploads\/bb-plugin\/cache\/orsi_sized-1-square.jpg?strip=all&lossy=1&w=1920&ssl=1\" alt=\"orsi sized\" title=\"orsi_sized\" \/>\n\t\t<h3>Orsi Magyar<\/h3>\t\t\t\n\t\t\t\t<p>Acoustics consultant<\/p>\n<h3>\n\t\t\tPersonnel and finances\t<\/h3>\n\t\t\t\t<img decoding=\"async\" src=\"https:\/\/ertdddteoia.exactdn.com\/wp-content\/uploads\/bb-plugin\/cache\/Sylvia-Grimm-zoom-square.jpg?strip=all&lossy=1&w=1920&ssl=1\" alt=\"Sylvia Grimm zoom\" title=\"Sylvia Grimm zoom\" \/>\n\t\t<h3>Sylvia Grimm<\/h3>\t\t\t\n\t\t\t\t<p>Accountant \/ Member GL<\/p>\n<h3>\n\t\t\tBoard of Directors\t<\/h3>\n\t\t\t\t<img decoding=\"async\" src=\"https:\/\/ertdddteoia.exactdn.com\/wp-content\/uploads\/bb-plugin\/cache\/webbilder__DSC1035-square.jpg?strip=all&lossy=1&w=1920&ssl=1\" alt=\"HZ Chairman of the Board Heinz Giger\" title=\"HZ Chairman of the Board Heinz Giger\" \/>\n\t\t<h3>Heinz Giger<\/h3>\t\t\t\n\t\t\t\t<p>Board of Directors<br \/>President<\/p>\n\t\t\t\t<img decoding=\"async\" src=\"https:\/\/ertdddteoia.exactdn.com\/wp-content\/uploads\/bb-plugin\/cache\/hea_sized-996x1024-square.jpg?strip=all&lossy=1&w=1920&ssl=1\" alt=\"hea sized\" title=\"HEA_sized\" \/>\n\t\t<h3>Andreas Herren<\/h3>\t\t\t\n\t\t\t\t<p>Board of Directors<br \/>Finance<\/p>","protected":false},"excerpt":{"rendered":"<p>About us Your contact persons Appointment Hearing aids Branches Team Basel branch Jeremias B\u00fchrer Branch manager \/ Member of GLHearing system specialist with federal certificate Jasmin K\u00e4gi Hearing system acoustician G\u00f6zde Yoleri Acoustic consultant Liestal branch Andi Benz Branch manager \/ Member of GLDipl. Heidi B\u00e4chli-Sch\u00f6negger Acoustic Consultant Evi Matiz Acoustic Consultant Rheinfelden branch Daniel Aebersold Branch Manager \/ Member GLHearing Aid Acoustician with federal diploma Orsi Magyar Acoustic Consultant Personnel [...]<\/p>","protected":false},"author":9,"featured_media":0,"parent":1543,"menu_order":0,"comment_status":"closed","ping_status":"closed","template":"","meta":{"_seopress_robots_primary_cat":"","_seopress_titles_title":"Team I H\u00f6rmittelzentrale Nordwestschweiz AG","_seopress_titles_desc":"Die H\u00f6rmittelzentrale Nordwestschweiz AG besch\u00e4ftigt H\u00f6rsystemspezialisten, P\u00e4dakustiker, H\u00f6rger\u00e4te Akustiker und Akustikerater*innen.","_seopress_robots_index":"","site-sidebar-layout":"default","site-content-layout":"default","ast-site-content-layout":"default","site-content-style":"default","site-sidebar-style":"default","ast-global-header-display":"","ast-banner-title-visibility":"","ast-main-header-display":"","ast-hfb-above-header-display":"","ast-hfb-below-header-display":"","ast-hfb-mobile-header-display":"","site-post-title":"disabled","ast-breadcrumbs-content":"","ast-featured-img":"","footer-sml-layout":"","theme-transparent-header-meta":"default","adv-header-id-meta":"","stick-header-meta":"default","header-above-stick-meta":"","header-main-stick-meta":"","header-below-stick-meta":"","astra-migrate-meta-layouts":"set","ast-page-background-enabled":"default","ast-page-background-meta":{"desktop":{"background-color":"","background-image":"","background-repeat":"repeat","background-position":"center center","background-size":"auto","background-attachment":"scroll","background-type":"","background-media":"","overlay-type":"","overlay-color":"","overlay-opacity":"","overlay-gradient":""},"tablet":{"background-color":"","background-image":"","background-repeat":"repeat","background-position":"center center","background-size":"auto","background-attachment":"scroll","background-type":"","background-media":"","overlay-type":"","overlay-color":"","overlay-opacity":"","overlay-gradient":""},"mobile":{"background-color":"","background-image":"","background-repeat":"repeat","background-position":"center center","background-size":"auto","background-attachment":"scroll","background-type":"","background-media":"","overlay-type":"","overlay-color":"","overlay-opacity":"","overlay-gradient":""}},"ast-content-background-meta":{"desktop":{"background-color":"var(--ast-global-color-5)","background-image":"","background-repeat":"repeat","background-position":"center center","background-size":"auto","background-attachment":"scroll","background-type":"","background-media":"","overlay-type":"","overlay-color":"","overlay-opacity":"","overlay-gradient":""},"tablet":{"background-color":"var(--ast-global-color-5)","background-image":"","background-repeat":"repeat","background-position":"center center","background-size":"auto","background-attachment":"scroll","background-type":"","background-media":"","overlay-type":"","overlay-color":"","overlay-opacity":"","overlay-gradient":""},"mobile":{"background-color":"var(--ast-global-color-5)","background-image":"","background-repeat":"repeat","background-position":"center center","background-size":"auto","background-attachment":"scroll","background-type":"","background-media":"","overlay-type":"","overlay-color":"","overlay-opacity":"","overlay-gradient":""}},"iawp_total_views":814,"footnotes":""},"class_list":["post-5797","page","type-page","status-publish","hentry"],"_links":{"self":[{"href":"https:\/\/www.hz-hoeren.ch\/en\/wp-json\/wp\/v2\/pages\/5797","targetHints":{"allow":["GET"]}}],"collection":[{"href":"https:\/\/www.hz-hoeren.ch\/en\/wp-json\/wp\/v2\/pages"}],"about":[{"href":"https:\/\/www.hz-hoeren.ch\/en\/wp-json\/wp\/v2\/types\/page"}],"author":[{"embeddable":true,"href":"https:\/\/www.hz-hoeren.ch\/en\/wp-json\/wp\/v2\/users\/9"}],"replies":[{"embeddable":true,"href":"https:\/\/www.hz-hoeren.ch\/en\/wp-json\/wp\/v2\/comments?post=5797"}],"version-history":[{"count":11,"href":"https:\/\/www.hz-hoeren.ch\/en\/wp-json\/wp\/v2\/pages\/5797\/revisions"}],"predecessor-version":[{"id":6214,"href":"https:\/\/www.hz-hoeren.ch\/en\/wp-json\/wp\/v2\/pages\/5797\/revisions\/6214"}],"up":[{"embeddable":true,"href":"https:\/\/www.hz-hoeren.ch\/en\/wp-json\/wp\/v2\/pages\/1543"}],"wp:attachment":[{"href":"https:\/\/www.hz-hoeren.ch\/en\/wp-json\/wp\/v2\/media?parent=5797"}],"curies":[{"name":"wp","href":"https:\/\/api.w.org\/{rel}","templated":true}]}}