{"id":5637,"date":"2024-12-15T04:53:23","date_gmt":"2024-12-15T03:53:23","guid":{"rendered":"https:\/\/www.hz-hoeren.ch\/?page_id=5637"},"modified":"2025-04-11T17:02:41","modified_gmt":"2025-04-11T15:02:41","slug":"process-hore-system-supply","status":"publish","type":"page","link":"https:\/\/www.hz-hoeren.ch\/en\/services-overview\/process-hore-system-supply\/","title":{"rendered":"Hearing system fitting procedure"},"content":{"rendered":"<h1>\n\t\tHearing system fitting procedure\n\t<\/h1>\n\t<h2>\n\t\t\t\tYour hearing care step by step\n\t\t\t<\/h2>\n\t<a href=\"https:\/\/www.hz-hoeren.ch\/en\/find-branch\/\" target=\"_self\" aria-label=\"Go to https:\/\/www.hz-hoeren.ch\/kontakt\/\"><\/a>\n\t\t<h3>Date<\/h3>\t\t\t\n\t<a href=\"https:\/\/www.hz-hoeren.ch\/en\/audio-solutions\/\" target=\"_self\" aria-label=\"Go to https:\/\/www.hz-hoeren.ch\/hoerloesungen\/\"><\/a>\n\t\t<h3>Hearing aids<\/h3>\t\t\t\n\t<a href=\"https:\/\/www.hz-hoeren.ch\/en\/find-a-branch\/\" target=\"_self\" aria-label=\"Go to https:\/\/www.hz-hoeren.ch\/filiale-finden\/\"><\/a>\n\t\t<h3>Branches<\/h3>\t\t\t\n<h2>\n\t\tProcedure for your hearing aid fitting\n\t<\/h2>\n\t\t\t\t<img decoding=\"async\" src=\"https:\/\/ertdddteoia.exactdn.com\/wp-content\/uploads\/2024\/12\/icon_hoeranlalyse1-300x300.png?strip=all&lossy=1&ssl=1\" alt=\"Hearing analysis, hearing aid fitting_Hearing aid center BASEL HEARING DEVICE HEARING SYSTEM\" title=\"ICON_hearing_analysis(1)\" width=\"300\" height=\"300\" \/>\n\t\t<h3>Hearing analysis<\/h3><p>It all starts with a comprehensive analysis of your hearing. This involves using audiological measurement methods to check both the condition and the capacity of your hearing. This enables our hearing aid acousticians to draw conclusions about your amplification requirements. This allows them to assess which hearing systems make sense for you from an audiological point of view.<\/p>\n\t\t\t\t<img decoding=\"async\" src=\"https:\/\/ertdddteoia.exactdn.com\/wp-content\/uploads\/2024\/12\/2-300x300.png?strip=all&lossy=1&ssl=1\" alt=\"Icon_needs_analysis_central_northwestern_switzerland\" title=\"Icon_needs_analysis_central_northwestern_switzerland\" width=\"300\" height=\"300\" \/>\n\t\t<h3>Needs analysis<\/h3><p>Our hearing specialists will assess your problems in a needs analysis. In which everyday situations do you mainly have difficulties? Which products, features and solutions will help? What is the condition of your ears? Are there any other physical difficulties? Your preferences, needs and wishes are taken into account when selecting a hearing system.<\/p>\n\t\t\t\t<img decoding=\"async\" src=\"https:\/\/ertdddteoia.exactdn.com\/wp-content\/uploads\/2024\/12\/2-1-300x300.png?strip=all&lossy=1&ssl=1\" alt=\"ICON_Hoersystem customization\" title=\"ICON_Hoersystem customization\" width=\"300\" height=\"300\" \/>\n\t\t<h3>Hearing system fitting<\/h3><p>Once the hearing systems and the acoustic coupling to your ear have been defined, the fitting takes place. Your audiometric characteristics are included in the preliminary calculations for the hearing system setting. Measurements can be used to verify whether the hearing system has the optimum amplification. The systems are fine-tuned according to your wishes and feedback, as well as our expertise.<\/p>\n\t\t\t\t<img decoding=\"async\" src=\"https:\/\/ertdddteoia.exactdn.com\/wp-content\/uploads\/2024\/12\/5-300x300.png?strip=all&lossy=1&ssl=1\" alt=\"ICON_success analysis\" title=\"ICON_success analysis\" width=\"300\" height=\"300\" \/>\n\t\t<h3>Success analysis<\/h3><p>After a familiarization period, the results of the work can be checked. Your hearing success can be verified using various validation procedures. This can be accomplished audiologically or using questionnaires. Ultimately, your experiences in everyday life are the yardstick for your hearing success.<\/p>\n\t\t\t\t<img decoding=\"async\" src=\"https:\/\/ertdddteoia.exactdn.com\/wp-content\/uploads\/2024\/12\/3-300x300.png?strip=all&lossy=1&ssl=1\" alt=\"ICON_Nachsorge\" title=\"ICON_Nachsorge\" width=\"300\" height=\"300\" \/>\n\t\t<h3>Aftercare<\/h3><p>Hearing system care does not end when the product is delivered to you. Our regular service maintenance ensures the functionality of your individual hearing solution. At annual follow-up appointments, your hearing is checked for changes in your hearing performance. These are included in the readjustment of your hearing system together with your optimization requests.<\/p>\n\t\t\t\t<img decoding=\"async\" src=\"https:\/\/ertdddteoia.exactdn.com\/wp-content\/uploads\/2025\/04\/icon_anmeldung_kostentraeger-300x300.png?strip=all&lossy=1&ssl=1\" alt=\"icon registration cost unit\" title=\"ICON_registration_cost unit\" width=\"300\" height=\"300\" \/>\n\t\t<h3>Registration cost unit<\/h3><p>To ensure that you receive the social security contributions to which you are entitled, we support you in processing registrations with the respective <a href=\"https:\/\/www.hz-hoeren.ch\/en\/services-overview\/contributions-by-cost-bearers\/\">Cost unit<\/a> (AHV\/IV\/SUVA\/MV). Our experts will assess which cost bearer is the right choice for you in your particular situation and refer you to the ENT practice of your choice for the necessary expertise.<\/p>","protected":false},"excerpt":{"rendered":"<p>Hearing system fitting process Your hearing care step by step Hearing aid store appointment Hearing aid fitting process Hearing analysis It all starts with a comprehensive analysis of your hearing ability. This involves using audiological measurement methods to check both the condition and the capacity of your hearing. This enables our hearing aid acousticians to draw conclusions about your amplification requirements. This makes it possible to assess what [...]<\/p>","protected":false},"author":9,"featured_media":0,"parent":1493,"menu_order":0,"comment_status":"closed","ping_status":"closed","template":"","meta":{"_seopress_robots_primary_cat":"","_seopress_titles_title":"Ablauf H\u00f6rsystemversorgung","_seopress_titles_desc":"Die Anpassung eines H\u00f6rsystems erfordert eine Vielzahl von handwerklichen Schritten \u00fcber die Sie sich hier einen \u00dcberblick verschaffen k\u00f6nnen.","_seopress_robots_index":"","site-sidebar-layout":"default","site-content-layout":"default","ast-site-content-layout":"default","site-content-style":"default","site-sidebar-style":"default","ast-global-header-display":"","ast-banner-title-visibility":"","ast-main-header-display":"","ast-hfb-above-header-display":"","ast-hfb-below-header-display":"","ast-hfb-mobile-header-display":"","site-post-title":"disabled","ast-breadcrumbs-content":"","ast-featured-img":"","footer-sml-layout":"","theme-transparent-header-meta":"default","adv-header-id-meta":"","stick-header-meta":"default","header-above-stick-meta":"","header-main-stick-meta":"","header-below-stick-meta":"","astra-migrate-meta-layouts":"set","ast-page-background-enabled":"default","ast-page-background-meta":{"desktop":{"background-color":"","background-image":"","background-repeat":"repeat","background-position":"center center","background-size":"auto","background-attachment":"scroll","background-type":"","background-media":"","overlay-type":"","overlay-color":"","overlay-opacity":"","overlay-gradient":""},"tablet":{"background-color":"","background-image":"","background-repeat":"repeat","background-position":"center center","background-size":"auto","background-attachment":"scroll","background-type":"","background-media":"","overlay-type":"","overlay-color":"","overlay-opacity":"","overlay-gradient":""},"mobile":{"background-color":"","background-image":"","background-repeat":"repeat","background-position":"center center","background-size":"auto","background-attachment":"scroll","background-type":"","background-media":"","overlay-type":"","overlay-color":"","overlay-opacity":"","overlay-gradient":""}},"ast-content-background-meta":{"desktop":{"background-color":"var(--ast-global-color-5)","background-image":"","background-repeat":"repeat","background-position":"center center","background-size":"auto","background-attachment":"scroll","background-type":"","background-media":"","overlay-type":"","overlay-color":"","overlay-opacity":"","overlay-gradient":""},"tablet":{"background-color":"var(--ast-global-color-5)","background-image":"","background-repeat":"repeat","background-position":"center center","background-size":"auto","background-attachment":"scroll","background-type":"","background-media":"","overlay-type":"","overlay-color":"","overlay-opacity":"","overlay-gradient":""},"mobile":{"background-color":"var(--ast-global-color-5)","background-image":"","background-repeat":"repeat","background-position":"center center","background-size":"auto","background-attachment":"scroll","background-type":"","background-media":"","overlay-type":"","overlay-color":"","overlay-opacity":"","overlay-gradient":""}},"iawp_total_views":295,"footnotes":""},"class_list":["post-5637","page","type-page","status-publish","hentry"],"_links":{"self":[{"href":"https:\/\/www.hz-hoeren.ch\/en\/wp-json\/wp\/v2\/pages\/5637","targetHints":{"allow":["GET"]}}],"collection":[{"href":"https:\/\/www.hz-hoeren.ch\/en\/wp-json\/wp\/v2\/pages"}],"about":[{"href":"https:\/\/www.hz-hoeren.ch\/en\/wp-json\/wp\/v2\/types\/page"}],"author":[{"embeddable":true,"href":"https:\/\/www.hz-hoeren.ch\/en\/wp-json\/wp\/v2\/users\/9"}],"replies":[{"embeddable":true,"href":"https:\/\/www.hz-hoeren.ch\/en\/wp-json\/wp\/v2\/comments?post=5637"}],"version-history":[{"count":24,"href":"https:\/\/www.hz-hoeren.ch\/en\/wp-json\/wp\/v2\/pages\/5637\/revisions"}],"predecessor-version":[{"id":5970,"href":"https:\/\/www.hz-hoeren.ch\/en\/wp-json\/wp\/v2\/pages\/5637\/revisions\/5970"}],"up":[{"embeddable":true,"href":"https:\/\/www.hz-hoeren.ch\/en\/wp-json\/wp\/v2\/pages\/1493"}],"wp:attachment":[{"href":"https:\/\/www.hz-hoeren.ch\/en\/wp-json\/wp\/v2\/media?parent=5637"}],"curies":[{"name":"wp","href":"https:\/\/api.w.org\/{rel}","templated":true}]}}