{"id":4051,"date":"2022-05-09T17:07:56","date_gmt":"2022-05-09T15:07:56","guid":{"rendered":"https:\/\/www.hz-hoeren.ch\/?page_id=4051"},"modified":"2023-10-23T15:47:33","modified_gmt":"2023-10-23T13:47:33","slug":"tinnitus","status":"publish","type":"page","link":"https:\/\/www.hz-hoeren.ch\/en\/audio-equipment\/tinnitus\/","title":{"rendered":"Thank you contact tinnitus"},"content":{"rendered":"<h1>\n\t\tChildren and teenagers\n\t<\/h1>\n\t<h2>\n\t\t\t\tWe are glad to hear from you\n\t\t\t<\/h2>\n\t<h3>Thank you for contacting us.<br>\nWe will contact you as soon as possible.<\/h3>","protected":false},"excerpt":{"rendered":"<p>Children and teenagers We look forward to hearing from you Thank you for contacting us. We will contact you as soon as possible.<\/p>","protected":false},"author":1,"featured_media":0,"parent":778,"menu_order":0,"comment_status":"closed","ping_status":"closed","template":"","meta":{"_seopress_robots_primary_cat":"","_seopress_titles_title":"Danke f\u00fcr Ihre Kontaktaufnahme I HZ H\u00f6ren","_seopress_titles_desc":"Danke f\u00fcr Ihre Kontaktaufnahme bei der HZ H\u00f6rtmittelzentrale in Basel und Umgebung. Wir freuen uns von Ihnen zu h\u00f6ren. ","_seopress_robots_index":"","site-sidebar-layout":"default","site-content-layout":"default","ast-site-content-layout":"default","site-content-style":"default","site-sidebar-style":"default","ast-global-header-display":"","ast-banner-title-visibility":"","ast-main-header-display":"","ast-hfb-above-header-display":"","ast-hfb-below-header-display":"","ast-hfb-mobile-header-display":"","site-post-title":"disabled","ast-breadcrumbs-content":"","ast-featured-img":"","footer-sml-layout":"","theme-transparent-header-meta":"default","adv-header-id-meta":"","stick-header-meta":"default","header-above-stick-meta":"","header-main-stick-meta":"","header-below-stick-meta":"","astra-migrate-meta-layouts":"set","ast-page-background-enabled":"default","ast-page-background-meta":{"desktop":{"background-color":"","background-image":"","background-repeat":"repeat","background-position":"center center","background-size":"auto","background-attachment":"scroll","background-type":"","background-media":"","overlay-type":"","overlay-color":"","overlay-opacity":"","overlay-gradient":""},"tablet":{"background-color":"","background-image":"","background-repeat":"repeat","background-position":"center center","background-size":"auto","background-attachment":"scroll","background-type":"","background-media":"","overlay-type":"","overlay-color":"","overlay-opacity":"","overlay-gradient":""},"mobile":{"background-color":"","background-image":"","background-repeat":"repeat","background-position":"center center","background-size":"auto","background-attachment":"scroll","background-type":"","background-media":"","overlay-type":"","overlay-color":"","overlay-opacity":"","overlay-gradient":""}},"ast-content-background-meta":{"desktop":{"background-color":"var(--ast-global-color-5)","background-image":"","background-repeat":"repeat","background-position":"center center","background-size":"auto","background-attachment":"scroll","background-type":"","background-media":"","overlay-type":"","overlay-color":"","overlay-opacity":"","overlay-gradient":""},"tablet":{"background-color":"var(--ast-global-color-5)","background-image":"","background-repeat":"repeat","background-position":"center center","background-size":"auto","background-attachment":"scroll","background-type":"","background-media":"","overlay-type":"","overlay-color":"","overlay-opacity":"","overlay-gradient":""},"mobile":{"background-color":"var(--ast-global-color-5)","background-image":"","background-repeat":"repeat","background-position":"center center","background-size":"auto","background-attachment":"scroll","background-type":"","background-media":"","overlay-type":"","overlay-color":"","overlay-opacity":"","overlay-gradient":""}},"iawp_total_views":4,"footnotes":""},"class_list":["post-4051","page","type-page","status-publish","hentry"],"_links":{"self":[{"href":"https:\/\/www.hz-hoeren.ch\/en\/wp-json\/wp\/v2\/pages\/4051","targetHints":{"allow":["GET"]}}],"collection":[{"href":"https:\/\/www.hz-hoeren.ch\/en\/wp-json\/wp\/v2\/pages"}],"about":[{"href":"https:\/\/www.hz-hoeren.ch\/en\/wp-json\/wp\/v2\/types\/page"}],"author":[{"embeddable":true,"href":"https:\/\/www.hz-hoeren.ch\/en\/wp-json\/wp\/v2\/users\/1"}],"replies":[{"embeddable":true,"href":"https:\/\/www.hz-hoeren.ch\/en\/wp-json\/wp\/v2\/comments?post=4051"}],"version-history":[{"count":2,"href":"https:\/\/www.hz-hoeren.ch\/en\/wp-json\/wp\/v2\/pages\/4051\/revisions"}],"predecessor-version":[{"id":4053,"href":"https:\/\/www.hz-hoeren.ch\/en\/wp-json\/wp\/v2\/pages\/4051\/revisions\/4053"}],"up":[{"embeddable":true,"href":"https:\/\/www.hz-hoeren.ch\/en\/wp-json\/wp\/v2\/pages\/778"}],"wp:attachment":[{"href":"https:\/\/www.hz-hoeren.ch\/en\/wp-json\/wp\/v2\/media?parent=4051"}],"curies":[{"name":"wp","href":"https:\/\/api.w.org\/{rel}","templated":true}]}}