{"id":3633,"date":"2022-01-28T08:44:54","date_gmt":"2022-01-28T07:44:54","guid":{"rendered":"https:\/\/www.hz-hoeren.ch\/?page_id=3633"},"modified":"2025-03-23T17:36:20","modified_gmt":"2025-03-23T16:36:20","slug":"find-branch","status":"publish","type":"page","link":"https:\/\/www.hz-hoeren.ch\/en\/find-branch\/","title":{"rendered":"Contact"},"content":{"rendered":"<h1>\n\t\tChildren and teenagers\n\t<\/h1>\n\t<h2>\n\t\t\t\tMany roads lead to the HZ\n\t\t\t<\/h2>\n\t<a href=\"https:\/\/www.hz-hoeren.ch\/en\/find-a-branch\/hoermittelzentrale-basel\/\" target=\"_self\" aria-label=\"Go to https:\/\/www.hz-hoeren.ch\/filiale-finden\/hoermittelzentrale-basel\/\"><\/a>\n\t\t\t<h3>Basel<\/h3>\t\t\t\n\t<a href=\"https:\/\/www.hz-hoeren.ch\/en\/find-a-branch\/hoermittelzentrale-liestal\/\" target=\"_self\" aria-label=\"Go to https:\/\/www.hz-hoeren.ch\/filiale-finden\/hoermittelzentrale-liestal\/\"><\/a>\n\t\t\t<h3>Liestal<\/h3>\t\t\t\n\t<a href=\"https:\/\/www.hz-hoeren.ch\/en\/find-a-branch\/hoermittelzentrale-rheinfelden\/\" target=\"_self\" aria-label=\"Go to https:\/\/www.hz-hoeren.ch\/filiale-finden\/hoermittelzentrale-rheinfelden\/\"><\/a>\n\t\t\t<h3>Rheinfelden<\/h3>\t\t\t\n\t\t\t<h2>Contact form<\/h2>","protected":false},"excerpt":{"rendered":"<p>Children and young people Many roads lead to HZ Basel Liestal Rheinfelden Contact form<\/p>","protected":false},"author":1,"featured_media":0,"parent":0,"menu_order":0,"comment_status":"closed","ping_status":"closed","template":"","meta":{"_seopress_robots_primary_cat":"","_seopress_titles_title":"Kontakt | Lassen Sie von sich h\u00f6ren","_seopress_titles_desc":"Entdecken Sie bei der H\u00f6rmittelzentrale in Basel, Liestal, Reinach und Rheinfelden die richtige Batteriegr\u00f6\u00dfe und Lebensdauer f\u00fcr Ihr H\u00f6rsystem","_seopress_robots_index":"","site-sidebar-layout":"default","site-content-layout":"page-builder","ast-site-content-layout":"full-width-container","site-content-style":"unboxed","site-sidebar-style":"unboxed","ast-global-header-display":"","ast-banner-title-visibility":"","ast-main-header-display":"","ast-hfb-above-header-display":"","ast-hfb-below-header-display":"","ast-hfb-mobile-header-display":"","site-post-title":"disabled","ast-breadcrumbs-content":"","ast-featured-img":"","footer-sml-layout":"","theme-transparent-header-meta":"default","adv-header-id-meta":"","stick-header-meta":"default","header-above-stick-meta":"","header-main-stick-meta":"","header-below-stick-meta":"","astra-migrate-meta-layouts":"set","ast-page-background-enabled":"default","ast-page-background-meta":{"desktop":{"background-color":"","background-image":"","background-repeat":"repeat","background-position":"center center","background-size":"auto","background-attachment":"scroll","background-type":"","background-media":"","overlay-type":"","overlay-color":"","overlay-opacity":"","overlay-gradient":""},"tablet":{"background-color":"","background-image":"","background-repeat":"repeat","background-position":"center center","background-size":"auto","background-attachment":"scroll","background-type":"","background-media":"","overlay-type":"","overlay-color":"","overlay-opacity":"","overlay-gradient":""},"mobile":{"background-color":"","background-image":"","background-repeat":"repeat","background-position":"center center","background-size":"auto","background-attachment":"scroll","background-type":"","background-media":"","overlay-type":"","overlay-color":"","overlay-opacity":"","overlay-gradient":""}},"ast-content-background-meta":{"desktop":{"background-color":"var(--ast-global-color-5)","background-image":"","background-repeat":"repeat","background-position":"center center","background-size":"auto","background-attachment":"scroll","background-type":"","background-media":"","overlay-type":"","overlay-color":"","overlay-opacity":"","overlay-gradient":""},"tablet":{"background-color":"var(--ast-global-color-5)","background-image":"","background-repeat":"repeat","background-position":"center center","background-size":"auto","background-attachment":"scroll","background-type":"","background-media":"","overlay-type":"","overlay-color":"","overlay-opacity":"","overlay-gradient":""},"mobile":{"background-color":"var(--ast-global-color-5)","background-image":"","background-repeat":"repeat","background-position":"center center","background-size":"auto","background-attachment":"scroll","background-type":"","background-media":"","overlay-type":"","overlay-color":"","overlay-opacity":"","overlay-gradient":""}},"iawp_total_views":1849,"footnotes":""},"class_list":["post-3633","page","type-page","status-publish","hentry"],"_links":{"self":[{"href":"https:\/\/www.hz-hoeren.ch\/en\/wp-json\/wp\/v2\/pages\/3633","targetHints":{"allow":["GET"]}}],"collection":[{"href":"https:\/\/www.hz-hoeren.ch\/en\/wp-json\/wp\/v2\/pages"}],"about":[{"href":"https:\/\/www.hz-hoeren.ch\/en\/wp-json\/wp\/v2\/types\/page"}],"author":[{"embeddable":true,"href":"https:\/\/www.hz-hoeren.ch\/en\/wp-json\/wp\/v2\/users\/1"}],"replies":[{"embeddable":true,"href":"https:\/\/www.hz-hoeren.ch\/en\/wp-json\/wp\/v2\/comments?post=3633"}],"version-history":[{"count":27,"href":"https:\/\/www.hz-hoeren.ch\/en\/wp-json\/wp\/v2\/pages\/3633\/revisions"}],"predecessor-version":[{"id":5859,"href":"https:\/\/www.hz-hoeren.ch\/en\/wp-json\/wp\/v2\/pages\/3633\/revisions\/5859"}],"wp:attachment":[{"href":"https:\/\/www.hz-hoeren.ch\/en\/wp-json\/wp\/v2\/media?parent=3633"}],"curies":[{"name":"wp","href":"https:\/\/api.w.org\/{rel}","templated":true}]}}