{"id":2923,"date":"2021-08-30T12:13:57","date_gmt":"2021-08-30T10:13:57","guid":{"rendered":"https:\/\/www.hz-hoeren.ch\/?page_id=2923"},"modified":"2023-10-24T00:45:07","modified_gmt":"2023-10-23T22:45:07","slug":"sitemap","status":"publish","type":"page","link":"https:\/\/www.hz-hoeren.ch\/en\/sitemap\/","title":{"rendered":"Sitemap"},"content":{"rendered":"<h1>\n\t\tChildren and teenagers\n\t<\/h1>\n\t<h2>\n\t\t\t\tHZ - Hearing Aid Center Northwestern Switzerland AG\n\t\t\t<\/h2>\n\t<a href=\"https:\/\/www.hz-hoeren.ch\/en\/make-an-appointment\/\" target=\"_self\" aria-label=\"Go to https:\/\/www.hz-hoeren.ch\/termin-vereinbaren\/\" rel=\"noopener\"><\/a>\n\t\t<h3>Free hearing test<\/h3>\t\t\t\n\t<a href=\"https:\/\/www.hz-hoeren.ch\/en\/audio-solutions\/\" target=\"_self\" aria-label=\"Go to https:\/\/www.hz-hoeren.ch\/hoerloesungen\/\" rel=\"noopener\"><\/a>\n\t\t<h3>Hearing solutions<\/h3>\t\t\t\n\t<a href=\"https:\/\/www.hz-hoeren.ch\/en\/find-a-branch\/\" target=\"_self\" aria-label=\"Go to https:\/\/www.hz-hoeren.ch\/filiale-finden\/\" rel=\"noopener\"><\/a>\n\t\t<h3>Branches<\/h3>\t\t\t\n\t\t\t<h5>HZ - Hearing Aid Center Northwestern Switzerland AG<\/h5><h2>Sitemap<\/h2>\n\t\t\t\t<div class=\"wrap-html-sitemap sp-html-sitemap\"><div class=\"sp-wrap-cpt\"><h2 class=\"sp-cpt-name\">Pages<\/h2><ul class=\"sp-list-posts sp-cpt-hierarchical\"><li class=\"page_item page-item-14 menu-item\"><a href=\"https:\/\/www.hz-hoeren.ch\/en\/store\/\" class=\"menu-link\">Store<\/a><\/li><li class=\"page_item page-item-15 menu-item\"><a href=\"https:\/\/www.hz-hoeren.ch\/en\/shopping-cart\/\" class=\"menu-link\">Shopping cart<\/a><\/li><li class=\"page_item page-item-16 menu-item\"><a href=\"https:\/\/www.hz-hoeren.ch\/en\/cash\/\" class=\"menu-link\">Checkout<\/a><\/li><li class=\"page_item page-item-17 menu-item\"><a href=\"https:\/\/www.hz-hoeren.ch\/en\/my-account\/\" class=\"menu-link\">My account<\/a><\/li><li class=\"page_item page-item-574 current_page_parent menu-item current-menu-parent\"><a href=\"https:\/\/www.hz-hoeren.ch\/en\/blog\/\" class=\"menu-link\">BLOG<\/a><\/li><li class=\"page_item page-item-743 menu-item\"><a href=\"https:\/\/www.hz-hoeren.ch\/en\/make-an-appointment\/\" class=\"menu-link\">Arrange appointment<\/a><\/li><li class=\"page_item page-item-756 menu-item\"><a href=\"https:\/\/www.hz-hoeren.ch\/en\/find-a-branch\/\" class=\"menu-link\">Find branch<\/a><ul class='children'><li class=\"page_item page-item-1571 menu-item\"><a href=\"https:\/\/www.hz-hoeren.ch\/en\/find-a-branch\/hoermittelzentrale-rheinfelden\/\" class=\"menu-link\">Hearing Aid Center Rheinfelden<\/a><\/li><li class=\"page_item page-item-1414 menu-item\"><a href=\"https:\/\/www.hz-hoeren.ch\/en\/find-a-branch\/hoermittelzentrale-basel\/\" class=\"menu-link\">Hearing Aid Center Basel<\/a><\/li><li class=\"page_item page-item-1568 menu-item\"><a href=\"https:\/\/www.hz-hoeren.ch\/en\/find-a-branch\/hoermittelzentrale-liestal\/\" class=\"menu-link\">Hearing Aid Center Liestal<\/a><\/li><\/ul><\/li><li class=\"page_item page-item-1543 menu-item\"><a href=\"https:\/\/www.hz-hoeren.ch\/en\/about-us\/\" class=\"menu-link\">About us<\/a><ul class='children'><li class=\"page_item page-item-5797 menu-item\"><a href=\"https:\/\/www.hz-hoeren.ch\/en\/about-us\/team\/\" class=\"menu-link\">Team<\/a><\/li><\/ul><\/li><li class=\"page_item page-item-2912 menu-item\"><a href=\"https:\/\/www.hz-hoeren.ch\/en\/imprint\/\" class=\"menu-link\">Imprint<\/a><\/li><li class=\"page_item page-item-2920 menu-item\"><a href=\"https:\/\/www.hz-hoeren.ch\/en\/disclaimer\/\" class=\"menu-link\">Disclaimer<\/a><\/li><li class=\"page_item page-item-2923 menu-item\"><a href=\"https:\/\/www.hz-hoeren.ch\/en\/sitemap\/\" class=\"menu-link\">Sitemap<\/a><\/li><li class=\"page_item page-item-3633 menu-item\"><a href=\"https:\/\/www.hz-hoeren.ch\/en\/find-branch\/\" class=\"menu-link\">Contact<\/a><\/li><li class=\"page_item page-item-4227 menu-item\"><a href=\"https:\/\/www.hz-hoeren.ch\/en\/hoersystem-properties-2\/\" class=\"menu-link\">Manage newsletter<\/a><\/li><li class=\"page_item page-item-1493 menu-item\"><a href=\"https:\/\/www.hz-hoeren.ch\/en\/services-overview\/\" class=\"menu-link\">Service package<\/a><ul class='children'><li class=\"page_item page-item-5042 menu-item\"><a href=\"https:\/\/www.hz-hoeren.ch\/en\/services-overview\/privacy-statement\/\" class=\"menu-link\">Privacy policy<\/a><\/li><li class=\"page_item page-item-866 menu-item\"><a href=\"https:\/\/www.hz-hoeren.ch\/en\/services-overview\/home-visiting-service\/\" class=\"menu-link\">Home Visiting Service<\/a><\/li><li class=\"page_item page-item-5637 menu-item\"><a href=\"https:\/\/www.hz-hoeren.ch\/en\/services-overview\/process-hore-system-supply\/\" class=\"menu-link\">Hearing system fitting procedure<\/a><\/li><li class=\"page_item page-item-5670 menu-item\"><a href=\"https:\/\/www.hz-hoeren.ch\/en\/services-overview\/service-prices\/\" class=\"menu-link\">Service - Prices<\/a><\/li><li class=\"page_item page-item-5901 menu-item\"><a href=\"https:\/\/www.hz-hoeren.ch\/en\/services-overview\/free-audio-test\/\" class=\"menu-link\">Free hearing test<\/a><\/li><li class=\"page_item page-item-1496 menu-item\"><a href=\"https:\/\/www.hz-hoeren.ch\/en\/services-overview\/contributions-by-cost-bearers\/\" class=\"menu-link\">Contributions from cost units<\/a><\/li><\/ul><\/li><li class=\"page_item page-item-461 menu-item\"><a href=\"https:\/\/www.hz-hoeren.ch\/en\/\" class=\"menu-link\">Home<\/a><\/li><li class=\"page_item page-item-778 menu-item\"><a href=\"https:\/\/www.hz-hoeren.ch\/en\/audio-equipment\/\" class=\"menu-link\">Hearing aids<\/a><ul class='children'><li class=\"page_item page-item-1319 menu-item\"><a href=\"https:\/\/www.hz-hoeren.ch\/en\/audio-equipment\/hoersystem-technology\/\" class=\"menu-link\">Hearing aid technology<\/a><\/li><li class=\"page_item page-item-3831 menu-item\"><a href=\"https:\/\/www.hz-hoeren.ch\/en\/audio-equipment\/thank-you-for-contacting-us\/\" class=\"menu-link\">Thank you contact<\/a><\/li><li class=\"page_item page-item-4051 menu-item\"><a href=\"https:\/\/www.hz-hoeren.ch\/en\/audio-equipment\/tinnitus\/\" class=\"menu-link\">Thank you contact tinnitus<\/a><\/li><li class=\"page_item page-item-1490 menu-item\"><a href=\"https:\/\/www.hz-hoeren.ch\/en\/audio-equipment\/hoersysteme-prices\/\" class=\"menu-link\">Hearing systems - Prices<\/a><\/li><li class=\"page_item page-item-823 menu-item\"><a href=\"https:\/\/www.hz-hoeren.ch\/en\/audio-equipment\/hearing-aids-designs\/\" class=\"menu-link\">Hearing aid designs<\/a><\/li><li class=\"page_item page-item-5878 menu-item\"><a href=\"https:\/\/www.hz-hoeren.ch\/en\/audio-equipment\/hearing-aids-novelties\/\" class=\"menu-link\">Hearing aid innovations<\/a><\/li><\/ul><\/li><li class=\"page_item page-item-6046 menu-item\"><a href=\"https:\/\/www.hz-hoeren.ch\/en\/hoermittelzentrale-rheinfelden-landing25\/\" class=\"menu-link\">Rheinfelden hearing aid center landing page<\/a><\/li><li class=\"page_item page-item-6049 menu-item\"><a href=\"https:\/\/www.hz-hoeren.ch\/en\/hoermittelzentrale-liestal-landing-25\/\" class=\"menu-link\">Hearing Aid Center Liestal Landing 25<\/a><\/li><\/ul><\/div><div class=\"sp-wrap-cpt\"><h2 class=\"sp-cpt-name\">Posts<\/h2><\/div><div class=\"sp-wrap-cpt\"><h2 class=\"sp-cpt-name\">Products<\/h2><div class=\"sp-archive-link\"><a href=\"https:\/\/www.hz-hoeren.ch\/en\/store\/\">View all products<\/a><\/div><div class=\"sp-wrap-cats\"><div class=\"sp-wrap-cat\"><h3 class=\"sp-cat-name\"><a href=\"https:\/\/www.hz-hoeren.ch\/en\/product-category\/uncategorized\/\">Uncategorized<\/a><\/h3><ul class=\"sp-list-posts\"><li><a href=\"https:\/\/www.hz-hoeren.ch\/en\/product\/rc-dex\/\">RC-DEX<\/a><\/li><li><a href=\"https:\/\/www.hz-hoeren.ch\/en\/product\/tv-dex-set\/\">TV-DEX Set<\/a><\/li><li><a href=\"https:\/\/www.hz-hoeren.ch\/en\/product\/tv-play\/\">TV PLAY<\/a><\/li><li><a href=\"https:\/\/www.hz-hoeren.ch\/en\/product\/remote-control\/\">Remote Control<\/a><\/li><li><a href=\"https:\/\/www.hz-hoeren.ch\/en\/product\/tv-connector-phonak\/\">TV CONNECTOR PHONAK<\/a><\/li><li><a href=\"https:\/\/www.hz-hoeren.ch\/en\/product\/bellman-max-pro-be2024\/\">Bellman Audio Max Pro<\/a><\/li><li><a href=\"https:\/\/www.hz-hoeren.ch\/en\/product\/travel-alarm-clock-travel-tim\/\">Travel Tim travel alarm clock<\/a><\/li><li><a href=\"https:\/\/www.hz-hoeren.ch\/en\/product\/tv-voice-amplifier-oskar-sv-100\/\">TV voice amplifier \/ Oskar SV-100<\/a><\/li><li><a href=\"https:\/\/www.hz-hoeren.ch\/en\/product\/widex-nanocare-cerumen-filter\/\">WIDEX Nanocare cerumen filter<\/a><\/li><\/ul><\/div><\/div><\/div><\/div>","protected":false},"excerpt":{"rendered":"<p>Children and teenagers HZ - H\u00f6rmittelzentrale Nordwestschweiz AG Free hearing test Hearing solutions Branches HZ - H\u00f6rmittelzentrale Nordwestschweiz AG Sitemap<\/p>","protected":false},"author":1,"featured_media":0,"parent":0,"menu_order":0,"comment_status":"closed","ping_status":"closed","template":"","meta":{"_seopress_robots_primary_cat":"","_seopress_titles_title":"Sitemap | H\u00f6rmittelzentrale Nordwestschweiz AG","_seopress_titles_desc":"Entdecken Sie unsere H\u00f6rger\u00e4te. Nutzen Sie unser Seitenverzeichnis f\u00fcr einfache Navigation. Finden Sie Ihre perfekte L\u00f6sung.","_seopress_robots_index":"","site-sidebar-layout":"default","site-content-layout":"default","ast-site-content-layout":"default","site-content-style":"default","site-sidebar-style":"default","ast-global-header-display":"","ast-banner-title-visibility":"","ast-main-header-display":"","ast-hfb-above-header-display":"","ast-hfb-below-header-display":"","ast-hfb-mobile-header-display":"","site-post-title":"disabled","ast-breadcrumbs-content":"","ast-featured-img":"","footer-sml-layout":"","theme-transparent-header-meta":"default","adv-header-id-meta":"","stick-header-meta":"default","header-above-stick-meta":"","header-main-stick-meta":"","header-below-stick-meta":"","astra-migrate-meta-layouts":"set","ast-page-background-enabled":"default","ast-page-background-meta":{"desktop":{"background-color":"","background-image":"","background-repeat":"repeat","background-position":"center center","background-size":"auto","background-attachment":"scroll","background-type":"","background-media":"","overlay-type":"","overlay-color":"","overlay-opacity":"","overlay-gradient":""},"tablet":{"background-color":"","background-image":"","background-repeat":"repeat","background-position":"center center","background-size":"auto","background-attachment":"scroll","background-type":"","background-media":"","overlay-type":"","overlay-color":"","overlay-opacity":"","overlay-gradient":""},"mobile":{"background-color":"","background-image":"","background-repeat":"repeat","background-position":"center center","background-size":"auto","background-attachment":"scroll","background-type":"","background-media":"","overlay-type":"","overlay-color":"","overlay-opacity":"","overlay-gradient":""}},"ast-content-background-meta":{"desktop":{"background-color":"var(--ast-global-color-5)","background-image":"","background-repeat":"repeat","background-position":"center center","background-size":"auto","background-attachment":"scroll","background-type":"","background-media":"","overlay-type":"","overlay-color":"","overlay-opacity":"","overlay-gradient":""},"tablet":{"background-color":"var(--ast-global-color-5)","background-image":"","background-repeat":"repeat","background-position":"center center","background-size":"auto","background-attachment":"scroll","background-type":"","background-media":"","overlay-type":"","overlay-color":"","overlay-opacity":"","overlay-gradient":""},"mobile":{"background-color":"var(--ast-global-color-5)","background-image":"","background-repeat":"repeat","background-position":"center center","background-size":"auto","background-attachment":"scroll","background-type":"","background-media":"","overlay-type":"","overlay-color":"","overlay-opacity":"","overlay-gradient":""}},"iawp_total_views":60,"footnotes":""},"class_list":["post-2923","page","type-page","status-publish","hentry"],"_links":{"self":[{"href":"https:\/\/www.hz-hoeren.ch\/en\/wp-json\/wp\/v2\/pages\/2923","targetHints":{"allow":["GET"]}}],"collection":[{"href":"https:\/\/www.hz-hoeren.ch\/en\/wp-json\/wp\/v2\/pages"}],"about":[{"href":"https:\/\/www.hz-hoeren.ch\/en\/wp-json\/wp\/v2\/types\/page"}],"author":[{"embeddable":true,"href":"https:\/\/www.hz-hoeren.ch\/en\/wp-json\/wp\/v2\/users\/1"}],"replies":[{"embeddable":true,"href":"https:\/\/www.hz-hoeren.ch\/en\/wp-json\/wp\/v2\/comments?post=2923"}],"version-history":[{"count":4,"href":"https:\/\/www.hz-hoeren.ch\/en\/wp-json\/wp\/v2\/pages\/2923\/revisions"}],"predecessor-version":[{"id":3947,"href":"https:\/\/www.hz-hoeren.ch\/en\/wp-json\/wp\/v2\/pages\/2923\/revisions\/3947"}],"wp:attachment":[{"href":"https:\/\/www.hz-hoeren.ch\/en\/wp-json\/wp\/v2\/media?parent=2923"}],"curies":[{"name":"wp","href":"https:\/\/api.w.org\/{rel}","templated":true}]}}