{"id":2912,"date":"2021-08-30T11:41:30","date_gmt":"2021-08-30T09:41:30","guid":{"rendered":"https:\/\/www.hz-hoeren.ch\/?page_id=2912"},"modified":"2025-07-17T19:11:17","modified_gmt":"2025-07-17T17:11:17","slug":"imprint","status":"publish","type":"page","link":"https:\/\/www.hz-hoeren.ch\/en\/imprint\/","title":{"rendered":"Imprint"},"content":{"rendered":"<h1>\n\t\t\tChildren and teenagers\t<\/h1>\n\t<h2>\n\t\t\t\tHZ - Hearing Aid Center Northwestern Switzerland AG\n\t\t\t<\/h2>\n\t<a href=\"https:\/\/www.hz-hoeren.ch\/en\/find-branch\/\" target=\"_self\"  aria-label=\"Go to https:\/\/www.hz-hoeren.ch\/kontakt\/\"><\/a>\n\t\t<h3>Date<\/h3>\t\t\t\n\t<a href=\"https:\/\/www.hz-hoeren.ch\/en\/audio-solutions\/\" target=\"_self\"  aria-label=\"Go to https:\/\/www.hz-hoeren.ch\/hoerloesungen\/\"><\/a>\n\t\t<h3>Hearing aids<\/h3>\t\t\t\n\t<a href=\"https:\/\/www.hz-hoeren.ch\/en\/find-a-branch\/\" target=\"_self\"  aria-label=\"Go to https:\/\/www.hz-hoeren.ch\/filiale-finden\/\"><\/a>\n\t\t<h3>Branches<\/h3>\t\t\t\n\t\t\t<h5>HZ - Hearing Aid Center Northwestern Switzerland AG<\/h5><h2>Imprint<\/h2>\n\t\t\t<h3>Publisher<\/h3>\t\t\t\n\t\t\t\t<p>Hearing Aid Center Northwestern Switzerland AG<br \/>Stadthausgasse 15<br \/>CH - 4051 Basel<\/p>\n<p>Phone: +41 61 269 89 89<br \/>Fax: +41 61 269 89 88<br \/>Email: <a href=\"mailto:basel@hz-hoeren.ch\">basel@hz-hoeren.ch<\/a><\/p>\n\t\t\t<h3>Realization web design<\/h3>\t\t\t\n\t\t\t\t<p>flink think GmbH, Web Design &amp; Online Marketing<\/p>\n<p>This website was created by <a href=\"https:\/\/www.flinkthink.ch\" rel=\"noopener\" data-slimstat=\"5\">flinkthink.ch<\/a> realized. <a href=\"https:\/\/www.flinkthink.ch\/webdesign-basel\/\" rel=\"noopener\" data-slimstat=\"5\">Web Design &amp; Online Marketing with WordPress from Basel<\/a>. The agency for WordPress projects and online marketing. <a href=\"https:\/\/www.wpupdate.ch\/\" target=\"_blank\" rel=\"noopener\">WordPress maintenance and hosting with experience<\/a>.<\/p>","protected":false},"excerpt":{"rendered":"<p>Children and young people HZ - H\u00f6rmittelzentrale Nordwestschweiz AG Appointment Hearing aids Branches HZ - H\u00f6rmittelzentrale Nordwestschweiz AG Imprint Publisher H\u00f6rmittelzentrale Nordwestschweiz AGStadthausgasse 15CH - 4051 Basel Phone: +41 61 269 89 89Fax: +41 61 269 89 88E-Mail: basel@hz-hoeren.ch Realization Webdesign flink think GmbH, Webdesign &amp; Online Marketing This website was realized by flinkthink.ch. Webdesign &amp; Online [...]<\/p>","protected":false},"author":1,"featured_media":0,"parent":0,"menu_order":0,"comment_status":"closed","ping_status":"closed","template":"","meta":{"_seopress_robots_primary_cat":"","_seopress_titles_title":"Impressum | H\u00f6rmittelzentrale Nordwestschweiz AG","_seopress_titles_desc":"Herausgeber der Webseite ist die HZ. Diese wurde durch flinkthink.ch die Agentur f\u00fcr WordPress-Projekte und Online Marketing realisiert.","_seopress_robots_index":"","site-sidebar-layout":"default","site-content-layout":"default","ast-site-content-layout":"default","site-content-style":"default","site-sidebar-style":"default","ast-global-header-display":"","ast-banner-title-visibility":"","ast-main-header-display":"","ast-hfb-above-header-display":"","ast-hfb-below-header-display":"","ast-hfb-mobile-header-display":"","site-post-title":"disabled","ast-breadcrumbs-content":"","ast-featured-img":"","footer-sml-layout":"","theme-transparent-header-meta":"default","adv-header-id-meta":"","stick-header-meta":"default","header-above-stick-meta":"","header-main-stick-meta":"","header-below-stick-meta":"","astra-migrate-meta-layouts":"set","ast-page-background-enabled":"default","ast-page-background-meta":{"desktop":{"background-color":"","background-image":"","background-repeat":"repeat","background-position":"center center","background-size":"auto","background-attachment":"scroll","background-type":"","background-media":"","overlay-type":"","overlay-color":"","overlay-opacity":"","overlay-gradient":""},"tablet":{"background-color":"","background-image":"","background-repeat":"repeat","background-position":"center center","background-size":"auto","background-attachment":"scroll","background-type":"","background-media":"","overlay-type":"","overlay-color":"","overlay-opacity":"","overlay-gradient":""},"mobile":{"background-color":"","background-image":"","background-repeat":"repeat","background-position":"center center","background-size":"auto","background-attachment":"scroll","background-type":"","background-media":"","overlay-type":"","overlay-color":"","overlay-opacity":"","overlay-gradient":""}},"ast-content-background-meta":{"desktop":{"background-color":"var(--ast-global-color-5)","background-image":"","background-repeat":"repeat","background-position":"center center","background-size":"auto","background-attachment":"scroll","background-type":"","background-media":"","overlay-type":"","overlay-color":"","overlay-opacity":"","overlay-gradient":""},"tablet":{"background-color":"var(--ast-global-color-5)","background-image":"","background-repeat":"repeat","background-position":"center center","background-size":"auto","background-attachment":"scroll","background-type":"","background-media":"","overlay-type":"","overlay-color":"","overlay-opacity":"","overlay-gradient":""},"mobile":{"background-color":"var(--ast-global-color-5)","background-image":"","background-repeat":"repeat","background-position":"center center","background-size":"auto","background-attachment":"scroll","background-type":"","background-media":"","overlay-type":"","overlay-color":"","overlay-opacity":"","overlay-gradient":""}},"iawp_total_views":207,"footnotes":""},"class_list":["post-2912","page","type-page","status-publish","hentry"],"_links":{"self":[{"href":"https:\/\/www.hz-hoeren.ch\/en\/wp-json\/wp\/v2\/pages\/2912","targetHints":{"allow":["GET"]}}],"collection":[{"href":"https:\/\/www.hz-hoeren.ch\/en\/wp-json\/wp\/v2\/pages"}],"about":[{"href":"https:\/\/www.hz-hoeren.ch\/en\/wp-json\/wp\/v2\/types\/page"}],"author":[{"embeddable":true,"href":"https:\/\/www.hz-hoeren.ch\/en\/wp-json\/wp\/v2\/users\/1"}],"replies":[{"embeddable":true,"href":"https:\/\/www.hz-hoeren.ch\/en\/wp-json\/wp\/v2\/comments?post=2912"}],"version-history":[{"count":11,"href":"https:\/\/www.hz-hoeren.ch\/en\/wp-json\/wp\/v2\/pages\/2912\/revisions"}],"predecessor-version":[{"id":6041,"href":"https:\/\/www.hz-hoeren.ch\/en\/wp-json\/wp\/v2\/pages\/2912\/revisions\/6041"}],"wp:attachment":[{"href":"https:\/\/www.hz-hoeren.ch\/en\/wp-json\/wp\/v2\/media?parent=2912"}],"curies":[{"name":"wp","href":"https:\/\/api.w.org\/{rel}","templated":true}]}}