{"id":1568,"date":"2025-06-25T06:12:59","date_gmt":"2025-06-25T04:12:59","guid":{"rendered":"https:\/\/www.hz-hoeren.ch\/?page_id=1568"},"modified":"2026-02-27T12:15:43","modified_gmt":"2026-02-27T11:15:43","slug":"hoermittelzentrale-liestal","status":"publish","type":"page","link":"https:\/\/www.hz-hoeren.ch\/en\/find-a-branch\/hoermittelzentrale-liestal\/","title":{"rendered":"Hearing Aid Center Liestal"},"content":{"rendered":"<h1>\n\t\t\tChildren and teenagers\t<\/h1>\n\t<h2>\n\t\t\t\tHearing advice Baselbiet region\n\t\t\t<\/h2>\n\t<a href=\"https:\/\/www.hz-hoeren.ch\/en\/find-a-branch\/hoermittelzentrale-basel\/\" target=\"_self\" aria-label=\"Go to https:\/\/www.hz-hoeren.ch\/filiale-finden\/hoermittelzentrale-basel\/\"><\/a>\n\t\t\t<h3>Basel<\/h3>\t\t\t\n\t<a href=\"https:\/\/www.hz-hoeren.ch\/en\/find-a-branch\/hoermittelzentrale-liestal\/\" target=\"_self\" aria-label=\"Go to https:\/\/www.hz-hoeren.ch\/filiale-finden\/hoermittelzentrale-liestal\/\"><\/a>\n\t\t\t<h3>Liestal<\/h3>\t\t\t\n\t<a href=\"https:\/\/www.hz-hoeren.ch\/en\/find-a-branch\/hoermittelzentrale-rheinfelden\/\" target=\"_self\" aria-label=\"Go to https:\/\/www.hz-hoeren.ch\/filiale-finden\/hoermittelzentrale-rheinfelden\/\"><\/a>\n\t\t\t<h3>Rheinfelden<\/h3>\t\t\t\n\t\t\t<h3>Hearing Aid Center Liestal<\/h3>\t\t\t\n\t\t\t\t<p>Hearing Aid Center Northwestern Switzerland AG<br \/>Town hall street 11<br \/>CH - 4410 Liestal<br \/>Phone +41 61 903 17 17<br \/><a href=\"mailto:liestal@hz-hoeren.ch\">liestal@hz-hoeren.ch<\/a><\/p>\n<p><strong>Opening hours<\/strong><\/p>\n<p>Monday - Friday<br \/>8.00 - 12.00 h and from 13.30 - 17.30 h<\/p>\n<p><a href=\"https:\/\/www.hz-hoeren.ch\/en\/find-branch\/\">Dates<\/a> as well as <a href=\"https:\/\/www.hz-hoeren.ch\/en\/our-services\/home-visiting-service\/\">Home visits<\/a> are also possible by appointment outside normal opening hours.<\/p>\n<p><strong>Wheelchair accessible premises<\/strong><\/p>\n<p><strong>Parking facilities<\/strong><br \/>There are numerous public parking spaces available on the avenue and on Zeughausplatz.<\/p>\n\t\t\t\t<img decoding=\"async\" src=\"https:\/\/ertdddteoia.exactdn.com\/wp-content\/uploads\/2021\/11\/web_DSC0885-scaled.jpg?strip=all&lossy=1&resize=1920%2C1280&ssl=1\" alt=\"Exterior view of the branch HZ Liestal\" height=\"1600\" width=\"2400\" title=\"HZ Liestal exterior view\" loading='lazy' \/>\n\t\t\t\t<img decoding=\"async\" src=\"https:\/\/ertdddteoia.exactdn.com\/wp-content\/uploads\/bb-plugin\/cache\/webbilder__DSC0734-square.jpg?strip=all&lossy=1&w=1920&ssl=1\" alt=\"Andi Benz Deputy Managing Director as well as Branch Manager and Pedagogical Musician of HZ Liestal\" title=\"HZ Team Liestal\" \/>\n\t\t<h3>Andi Benz<\/h3>\t\t\t\n\t\t\t\t<p>Branch Manager<br \/>Certified pediatric acoustician<\/p>\n\t\t\t\t<img decoding=\"async\" src=\"https:\/\/ertdddteoia.exactdn.com\/wp-content\/uploads\/bb-plugin\/cache\/whatsapp-image-2022-11-25-at-12.08.35-1--square.jpg?strip=all&lossy=1&w=1920&ssl=1\" alt=\"whatsapp image 2022 11 25 at 12.08.35 1\" title=\"whatsapp image 2022 11 25 at 12.08.35 1\" \/>\n\t\t<h3>Heidi B\u00e4chli-Sch\u00f6negger<\/h3>\t\t\t\n\t\t\t\t<p>Acoustics consultant<\/p>\n\t\t\t\t<img decoding=\"async\" src=\"https:\/\/ertdddteoia.exactdn.com\/wp-content\/uploads\/bb-plugin\/cache\/webbilder__DSC0561-square.jpg?strip=all&lossy=1&w=1920&ssl=1\" alt=\"Acoustics consultant of HZ Basel\" title=\"HZ Team Basel\" \/>\n\t\t<h3>Evi Matiz<\/h3>\t\t\t\n\t\t\t\t<p>Acoustics consultant<\/p>\n\t\t\t<a href=\"https:\/\/www.google.com\/maps\/@47.4847941,7.7343936,3a,75y,358.24h,98.53t\/data=!3m8!1e1!3m6!1sCIABIhDv_7xv8UnWfv8WrqXqoB3T!2e10!3e12!6shttps:%2F%2Flh3.googleusercontent.com%2Fgpms-cs-s%2FAPRy3c_nFr76avrRvp75KX6duXd9ywAMDsn-atW0aINPikl1gWBJyINxOXiDZDC2-XRJGs-ow_Oekz8uEjV0JY63CvBF6s8VIiVK_UTIRXVAAasSYpdmxbS6w2AM-HIiVdfffe18vQdNC-LBpZFs%3Dw900-h600-k-no-pi-8.530000000000001-ya175.8400061035156-ro0-fo100!7i10000!8i5000?entry=ttu&amp;g_ep=EgoyMDI1MTIwMi4wIKXMDSoASAFQAw%3D%3D\" title=\"3D view branch\" target=\"_blank\" rel=\"noopener\" role=\"button\" aria-label=\"3D view branch\">\n\t\t\t\t\t\t\t\t\t\t\t3D view branch\n\t\t<\/a>\n\t<strong>My way to HZ<\/strong><br \/>\nHZ Liestal is located opposite the government building, at the beginning of the pedestrian zone in the old town. The train station is 250 meters away.\n\t\t\t\t<a href=\"https:\/\/www.google.com\/maps\/place\/H%C3%B6rmittelzentrale+Liestal\/@47.484754,7.734381,16z\/data=!4m5!3m4!1s0x0:0x627108dd1e16cad4!8m2!3d47.4847537!4d7.7343809?hl=de\" target=\"_blank\" rel=\"noopener\">\n\t\t\t\t<img decoding=\"async\" src=\"https:\/\/ertdddteoia.exactdn.com\/wp-content\/uploads\/2021\/09\/hoermittelzentrale_Plan_Liestal.svg\" alt=\"Directions to the HZ Liestal branch\" height=\"100\" width=\"100\" title=\"Directions HZ Liestal\" loading='lazy' \/>\n\t\t\t\t<\/a>","protected":false},"excerpt":{"rendered":"<p>Children and young people Hearing advice Region Baselbiet Basel Liestal Rheinfelden H\u00f6rmittelzentrale Liestal H\u00f6rmittelzentrale Nordwestschweiz AGRathausstrasse 11CH - 4410 LiestalTelephone +41 61 903 17 17liestal@hz-hoeren.ch Opening hours Monday - Friday8.00 - 12.00 and from 13.30 - 17.30 Appointments and home visits are also possible by appointment outside normal opening hours. Wheelchair-accessible premises Parking facilitiesThere are numerous public parking spaces [...]<\/p>","protected":false},"author":9,"featured_media":0,"parent":756,"menu_order":0,"comment_status":"closed","ping_status":"closed","template":"","meta":{"_seopress_robots_primary_cat":"","_seopress_titles_title":"HZ Liestal | Ihre kostenlose H\u00f6rberatung in der N\u00e4he","_seopress_titles_desc":"Die HZ ist unabh\u00e4ngig von Herstellern und Beh\u00f6rden. Sie garantiert ihren Kundinnen und Kunden eine individuelle Beratung und L\u00f6sungen zu fairen Bedingungen.","_seopress_robots_index":"","site-sidebar-layout":"default","site-content-layout":"page-builder","ast-site-content-layout":"full-width-container","site-content-style":"unboxed","site-sidebar-style":"unboxed","ast-global-header-display":"","ast-banner-title-visibility":"","ast-main-header-display":"","ast-hfb-above-header-display":"","ast-hfb-below-header-display":"","ast-hfb-mobile-header-display":"","site-post-title":"disabled","ast-breadcrumbs-content":"","ast-featured-img":"","footer-sml-layout":"","theme-transparent-header-meta":"default","adv-header-id-meta":"","stick-header-meta":"default","header-above-stick-meta":"","header-main-stick-meta":"","header-below-stick-meta":"","astra-migrate-meta-layouts":"set","ast-page-background-enabled":"default","ast-page-background-meta":{"desktop":{"background-color":"","background-image":"","background-repeat":"repeat","background-position":"center center","background-size":"auto","background-attachment":"scroll","background-type":"","background-media":"","overlay-type":"","overlay-color":"","overlay-opacity":"","overlay-gradient":""},"tablet":{"background-color":"","background-image":"","background-repeat":"repeat","background-position":"center center","background-size":"auto","background-attachment":"scroll","background-type":"","background-media":"","overlay-type":"","overlay-color":"","overlay-opacity":"","overlay-gradient":""},"mobile":{"background-color":"","background-image":"","background-repeat":"repeat","background-position":"center center","background-size":"auto","background-attachment":"scroll","background-type":"","background-media":"","overlay-type":"","overlay-color":"","overlay-opacity":"","overlay-gradient":""}},"ast-content-background-meta":{"desktop":{"background-color":"var(--ast-global-color-5)","background-image":"","background-repeat":"repeat","background-position":"center center","background-size":"auto","background-attachment":"scroll","background-type":"","background-media":"","overlay-type":"","overlay-color":"","overlay-opacity":"","overlay-gradient":""},"tablet":{"background-color":"var(--ast-global-color-5)","background-image":"","background-repeat":"repeat","background-position":"center center","background-size":"auto","background-attachment":"scroll","background-type":"","background-media":"","overlay-type":"","overlay-color":"","overlay-opacity":"","overlay-gradient":""},"mobile":{"background-color":"var(--ast-global-color-5)","background-image":"","background-repeat":"repeat","background-position":"center center","background-size":"auto","background-attachment":"scroll","background-type":"","background-media":"","overlay-type":"","overlay-color":"","overlay-opacity":"","overlay-gradient":""}},"iawp_total_views":3279,"footnotes":""},"class_list":["post-1568","page","type-page","status-publish","hentry"],"_links":{"self":[{"href":"https:\/\/www.hz-hoeren.ch\/en\/wp-json\/wp\/v2\/pages\/1568","targetHints":{"allow":["GET"]}}],"collection":[{"href":"https:\/\/www.hz-hoeren.ch\/en\/wp-json\/wp\/v2\/pages"}],"about":[{"href":"https:\/\/www.hz-hoeren.ch\/en\/wp-json\/wp\/v2\/types\/page"}],"author":[{"embeddable":true,"href":"https:\/\/www.hz-hoeren.ch\/en\/wp-json\/wp\/v2\/users\/9"}],"replies":[{"embeddable":true,"href":"https:\/\/www.hz-hoeren.ch\/en\/wp-json\/wp\/v2\/comments?post=1568"}],"version-history":[{"count":85,"href":"https:\/\/www.hz-hoeren.ch\/en\/wp-json\/wp\/v2\/pages\/1568\/revisions"}],"predecessor-version":[{"id":6235,"href":"https:\/\/www.hz-hoeren.ch\/en\/wp-json\/wp\/v2\/pages\/1568\/revisions\/6235"}],"up":[{"embeddable":true,"href":"https:\/\/www.hz-hoeren.ch\/en\/wp-json\/wp\/v2\/pages\/756"}],"wp:attachment":[{"href":"https:\/\/www.hz-hoeren.ch\/en\/wp-json\/wp\/v2\/media?parent=1568"}],"curies":[{"name":"wp","href":"https:\/\/api.w.org\/{rel}","templated":true}]}}