{"id":1543,"date":"2020-12-11T21:41:03","date_gmt":"2020-12-11T20:41:03","guid":{"rendered":"https:\/\/www.hz-hoeren.ch\/?page_id=1543"},"modified":"2026-01-26T08:54:47","modified_gmt":"2026-01-26T07:54:47","slug":"about-us","status":"publish","type":"page","link":"https:\/\/www.hz-hoeren.ch\/en\/about-us\/","title":{"rendered":"About us"},"content":{"rendered":"<h1>\n\t\t\tAbout us\t<\/h1>\n\t<h2>\n\t\t\t\tOur commitment to your ears\n\t\t\t<\/h2>\n\t<a href=\"https:\/\/www.hz-hoeren.ch\/en\/find-branch\/\" target=\"_self\" aria-label=\"Go to https:\/\/www.hz-hoeren.ch\/kontakt\/\"><\/a>\n\t\t<h3>Date<\/h3>\t\t\t\n\t<a href=\"https:\/\/www.hz-hoeren.ch\/en\/audio-solutions\/\" target=\"_self\" aria-label=\"Go to https:\/\/www.hz-hoeren.ch\/hoerloesungen\/\"><\/a>\n\t\t<h3>Hearing aids<\/h3>\t\t\t\n\t<a href=\"https:\/\/www.hz-hoeren.ch\/en\/find-a-branch\/\" target=\"_self\" aria-label=\"Go to https:\/\/www.hz-hoeren.ch\/filiale-finden\/\"><\/a>\n\t\t<h3>Branches<\/h3>\t\t\t\n\t\t\t<h2>Hearing aids features<\/h2>\n\t\t\t\t<p>At HZ, the focus is on the individual and her or his life situation. As Switzerland's first hearing care specialist store and as a non-profit oriented company, HZ has been committed to good hearing since 1923.<\/p>\n<p><em>Competence<\/em><br \/>HZ customers can count on receiving personal attention from experienced, certified acousticians during free hearing tests and hearing consultations.<\/p>\n<p>Our employees, who specialize in hearing acoustics, are up to date with the latest medical and technical possibilities thanks to continuous further training.<\/p>\n<p><em>Independence<\/em><br \/>HZ is independent of manufacturers and authorities. It guarantees its customers objective advice and individual solutions at fair conditions.<\/p>\n<p><em>Customer proximity<\/em><br \/>HZ has three branches in north-western Switzerland, in Basel, Liestal and Rheinfelden. HZ also offers a home visit service for customers with limited mobility.<\/p>\n<p><em>Social commitment<\/em><br \/>HZ was founded in 1923 on the initiative of the non-profit hearing impaired associations and is still closely associated with them today. The company's profits benefit, among others, the Northwestern Switzerland Association for the Hard of Hearing as a shareholder and thus the people with a hearing impairment in the region.<\/p>\n<p>As the only not-for-profit hearing care specialty store in the region, HZ is committed to the prevention and early detection of hearing problems and promotes continuing education for caregivers.<\/p>\n<p>We are proud to offer our clients a comprehensive range of services to ensure they receive the best possible care. We strive to stay abreast of the latest developments in audiology and continually improve our services to ensure that our clients receive the best possible care.<\/p>\n<p>In addition to our hearing aids and services, we also offer education and workshops to raise awareness about hearing loss and hearing aids. Our experienced professionals share their knowledge and expertise to ensure that our clients receive the best care possible. We also offer training for family members of hearing impaired individuals to help them better understand how to help their loved ones.<\/p>\n<p>We strive to stay abreast of the latest developments in audiology and continually improve our services to ensure that our clients receive the best possible care.<\/p>","protected":false},"excerpt":{"rendered":"<p>\u00dcber uns Unser Engagement f\u00fcr Ihre Ohren Termin H\u00f6rger\u00e4te Filialen H\u00f6rger\u00e4te Eigenschaften Bei der HZ stehen der Mensch und seine Lebenssituation im Zentrum. Als erstes H\u00f6rakustikfachgesch\u00e4ft der Schweiz und als gemeinn\u00fctzig orientiertes Unternehmen engagiert sich die HZ seit 1923 f\u00fcr gutes H\u00f6ren. KompetenzKundinnen und Kunden der HZ k\u00f6nnen sich darauf verlassen, bei Gratis-H\u00f6rtests und H\u00f6rberatungen [&hellip;]<\/p>","protected":false},"author":1,"featured_media":0,"parent":0,"menu_order":0,"comment_status":"closed","ping_status":"closed","template":"","meta":{"_seopress_robots_primary_cat":"","_seopress_titles_title":"\u00dcber uns | H\u00f6rmittelzentrale Nordwestschweiz AG","_seopress_titles_desc":"Als erstes H\u00f6rakustikfachgesch\u00e4ft der Schweiz und als gemeinn\u00fctzig orientiertes Unternehmen engagiert sich die HZ seit 1923 f\u00fcr gutes H\u00f6ren.","_seopress_robots_index":"","site-sidebar-layout":"default","site-content-layout":"default","ast-site-content-layout":"default","site-content-style":"default","site-sidebar-style":"default","ast-global-header-display":"","ast-banner-title-visibility":"","ast-main-header-display":"","ast-hfb-above-header-display":"","ast-hfb-below-header-display":"","ast-hfb-mobile-header-display":"","site-post-title":"disabled","ast-breadcrumbs-content":"","ast-featured-img":"","footer-sml-layout":"","theme-transparent-header-meta":"default","adv-header-id-meta":"","stick-header-meta":"default","header-above-stick-meta":"","header-main-stick-meta":"","header-below-stick-meta":"","astra-migrate-meta-layouts":"set","ast-page-background-enabled":"default","ast-page-background-meta":{"desktop":{"background-color":"","background-image":"","background-repeat":"repeat","background-position":"center center","background-size":"auto","background-attachment":"scroll","background-type":"","background-media":"","overlay-type":"","overlay-color":"","overlay-opacity":"","overlay-gradient":""},"tablet":{"background-color":"","background-image":"","background-repeat":"repeat","background-position":"center center","background-size":"auto","background-attachment":"scroll","background-type":"","background-media":"","overlay-type":"","overlay-color":"","overlay-opacity":"","overlay-gradient":""},"mobile":{"background-color":"","background-image":"","background-repeat":"repeat","background-position":"center center","background-size":"auto","background-attachment":"scroll","background-type":"","background-media":"","overlay-type":"","overlay-color":"","overlay-opacity":"","overlay-gradient":""}},"ast-content-background-meta":{"desktop":{"background-color":"var(--ast-global-color-5)","background-image":"","background-repeat":"repeat","background-position":"center center","background-size":"auto","background-attachment":"scroll","background-type":"","background-media":"","overlay-type":"","overlay-color":"","overlay-opacity":"","overlay-gradient":""},"tablet":{"background-color":"var(--ast-global-color-5)","background-image":"","background-repeat":"repeat","background-position":"center center","background-size":"auto","background-attachment":"scroll","background-type":"","background-media":"","overlay-type":"","overlay-color":"","overlay-opacity":"","overlay-gradient":""},"mobile":{"background-color":"var(--ast-global-color-5)","background-image":"","background-repeat":"repeat","background-position":"center center","background-size":"auto","background-attachment":"scroll","background-type":"","background-media":"","overlay-type":"","overlay-color":"","overlay-opacity":"","overlay-gradient":""}},"iawp_total_views":2302,"footnotes":""},"class_list":["post-1543","page","type-page","status-publish","hentry"],"_links":{"self":[{"href":"https:\/\/www.hz-hoeren.ch\/en\/wp-json\/wp\/v2\/pages\/1543","targetHints":{"allow":["GET"]}}],"collection":[{"href":"https:\/\/www.hz-hoeren.ch\/en\/wp-json\/wp\/v2\/pages"}],"about":[{"href":"https:\/\/www.hz-hoeren.ch\/en\/wp-json\/wp\/v2\/types\/page"}],"author":[{"embeddable":true,"href":"https:\/\/www.hz-hoeren.ch\/en\/wp-json\/wp\/v2\/users\/1"}],"replies":[{"embeddable":true,"href":"https:\/\/www.hz-hoeren.ch\/en\/wp-json\/wp\/v2\/comments?post=1543"}],"version-history":[{"count":145,"href":"https:\/\/www.hz-hoeren.ch\/en\/wp-json\/wp\/v2\/pages\/1543\/revisions"}],"predecessor-version":[{"id":6223,"href":"https:\/\/www.hz-hoeren.ch\/en\/wp-json\/wp\/v2\/pages\/1543\/revisions\/6223"}],"wp:attachment":[{"href":"https:\/\/www.hz-hoeren.ch\/en\/wp-json\/wp\/v2\/media?parent=1543"}],"curies":[{"name":"wp","href":"https:\/\/api.w.org\/{rel}","templated":true}]}}