{"id":1319,"date":"2020-12-01T21:45:59","date_gmt":"2020-12-01T20:45:59","guid":{"rendered":"https:\/\/www.hz-hoeren.ch\/?page_id=1319"},"modified":"2023-10-10T07:26:42","modified_gmt":"2023-10-10T05:26:42","slug":"hoersystem-technology","status":"publish","type":"page","link":"https:\/\/www.hz-hoeren.ch\/en\/audio-equipment\/hoersystem-technology\/","title":{"rendered":"Hearing aid technology"},"content":{"rendered":"<h1>\n\t\tChildren and teenagers\n\t<\/h1>\n\t<h2>\n\t\t\t\tsmall devices - big effect\n\t\t\t<\/h2>\n\t<a href=\"https:\/\/www.hz-hoeren.ch\/en\/make-an-appointment\/\" target=\"_self\" rel=\"noopener\"><\/a> \n\t\t<h3>Free hearing test<\/h3>\t\t\t\n\t<a href=\"https:\/\/www.hz-hoeren.ch\/en\/audio-solutions\/\" target=\"_self\" rel=\"noopener\"><\/a> \n\t\t<h3>Hearing solutions<\/h3>\t\t\t\n\t<a href=\"https:\/\/www.hz-hoeren.ch\/en\/find-a-branch\/\" target=\"_self\" rel=\"noopener\"><\/a> \n\t\t<h3>Branches<\/h3>\t\t\t\n\t\t\t<h5>Hearing and hearing aids<\/h5><h2>Hearing aids features<\/h2>\n\t\t\t\t<p>If the normal volume during conversations and everyday situations is no longer sufficient, the sound must be amplified. The functional principle of a hearing system is very simple:<\/p>\n<ul>\n<li>Recording the sound via a microphone<\/li>\n<li>Sound amplification in the system<\/li>\n<li>Delivery of the amplified sound via a loudspeaker into the auditory system<\/li>\n<\/ul>\n<p class=\"translation-block\">To achieve the described sound amplification, suitable <a href=\"https:\/\/hz-hoeren.chaplin.sui-inter.net\/hoeren-und-hoersysteme\/hoersystem-batterien\/\" target=\"_self\">batteries<\/a> are inserted into the hearing system. Today, standard button cell batteries are increasingly being replaced by rechargeable <a href=\"https:\/\/hz-hoeren.chaplin.sui-inter.net\/hoeren-und-hoersysteme\/hoersysteme-mit-akku\/\" target=\"_self\">batteries<\/a>.<\/p>\n<hr>\n<p>If you're interested in further details of hearing system technology, then come and see us. Our experts will be happy to inform you about the current state of the art.<\/p>\n\t\t\t\t<img decoding=\"async\" src=\"https:\/\/ertdddteoia.exactdn.com\/wp-content\/uploads\/2021\/03\/styletto_X_cutthrough.jpg?strip=all&lossy=1&resize=1200%2C1200&ssl=1\" alt=\"styletto_X_cutthrough\" title=\"styletto_X_cutthrough\" width=\"1200\" height=\"1200\">\n\t\t\t\t<img decoding=\"async\" src=\"https:\/\/ertdddteoia.exactdn.com\/wp-content\/uploads\/2021\/03\/Active-Explosion.png?strip=all&lossy=1&resize=1000%2C562&ssl=1\" alt=\"Active explosion\" title=\"Active explosion\" width=\"1000\" height=\"562\">","protected":false},"excerpt":{"rendered":"<p>Children and young people Small devices - big impact Free hearing test Hearing solutions Hearing and hearing systems Hearing aids Features If the normal volume is no longer sufficient for conversations and everyday situations, the sound must be amplified. The functional principle of a hearing system is very simple: Sound is picked up by a microphone Sound is amplified in the system The amplified sound is emitted via a [...]<\/p>","protected":false},"author":1,"featured_media":0,"parent":778,"menu_order":0,"comment_status":"closed","ping_status":"closed","template":"","meta":{"_seopress_robots_primary_cat":"","_seopress_titles_title":"H\u00f6rsystem-Technologie | Kleine Ger\u00e4te mit einer grossen Wirkung","_seopress_titles_desc":"Reicht die Lautst\u00e4rke nicht aus, muss der Schall verst\u00e4rkt werden. \u00dcber das Mikrofon wird der Schall aufgenommen und verst\u00e4rkt wieder an das Geh\u00f6r abgegeben.","_seopress_robots_index":"","site-sidebar-layout":"default","site-content-layout":"default","ast-site-content-layout":"default","site-content-style":"default","site-sidebar-style":"default","ast-global-header-display":"","ast-banner-title-visibility":"","ast-main-header-display":"","ast-hfb-above-header-display":"","ast-hfb-below-header-display":"","ast-hfb-mobile-header-display":"","site-post-title":"disabled","ast-breadcrumbs-content":"","ast-featured-img":"","footer-sml-layout":"","theme-transparent-header-meta":"default","adv-header-id-meta":"","stick-header-meta":"default","header-above-stick-meta":"","header-main-stick-meta":"","header-below-stick-meta":"","astra-migrate-meta-layouts":"set","ast-page-background-enabled":"default","ast-page-background-meta":{"desktop":{"background-color":"","background-image":"","background-repeat":"repeat","background-position":"center center","background-size":"auto","background-attachment":"scroll","background-type":"","background-media":"","overlay-type":"","overlay-color":"","overlay-opacity":"","overlay-gradient":""},"tablet":{"background-color":"","background-image":"","background-repeat":"repeat","background-position":"center center","background-size":"auto","background-attachment":"scroll","background-type":"","background-media":"","overlay-type":"","overlay-color":"","overlay-opacity":"","overlay-gradient":""},"mobile":{"background-color":"","background-image":"","background-repeat":"repeat","background-position":"center center","background-size":"auto","background-attachment":"scroll","background-type":"","background-media":"","overlay-type":"","overlay-color":"","overlay-opacity":"","overlay-gradient":""}},"ast-content-background-meta":{"desktop":{"background-color":"var(--ast-global-color-5)","background-image":"","background-repeat":"repeat","background-position":"center center","background-size":"auto","background-attachment":"scroll","background-type":"","background-media":"","overlay-type":"","overlay-color":"","overlay-opacity":"","overlay-gradient":""},"tablet":{"background-color":"var(--ast-global-color-5)","background-image":"","background-repeat":"repeat","background-position":"center center","background-size":"auto","background-attachment":"scroll","background-type":"","background-media":"","overlay-type":"","overlay-color":"","overlay-opacity":"","overlay-gradient":""},"mobile":{"background-color":"var(--ast-global-color-5)","background-image":"","background-repeat":"repeat","background-position":"center center","background-size":"auto","background-attachment":"scroll","background-type":"","background-media":"","overlay-type":"","overlay-color":"","overlay-opacity":"","overlay-gradient":""}},"iawp_total_views":67,"footnotes":""},"class_list":["post-1319","page","type-page","status-publish","hentry"],"_links":{"self":[{"href":"https:\/\/www.hz-hoeren.ch\/en\/wp-json\/wp\/v2\/pages\/1319","targetHints":{"allow":["GET"]}}],"collection":[{"href":"https:\/\/www.hz-hoeren.ch\/en\/wp-json\/wp\/v2\/pages"}],"about":[{"href":"https:\/\/www.hz-hoeren.ch\/en\/wp-json\/wp\/v2\/types\/page"}],"author":[{"embeddable":true,"href":"https:\/\/www.hz-hoeren.ch\/en\/wp-json\/wp\/v2\/users\/1"}],"replies":[{"embeddable":true,"href":"https:\/\/www.hz-hoeren.ch\/en\/wp-json\/wp\/v2\/comments?post=1319"}],"version-history":[{"count":30,"href":"https:\/\/www.hz-hoeren.ch\/en\/wp-json\/wp\/v2\/pages\/1319\/revisions"}],"predecessor-version":[{"id":3908,"href":"https:\/\/www.hz-hoeren.ch\/en\/wp-json\/wp\/v2\/pages\/1319\/revisions\/3908"}],"up":[{"embeddable":true,"href":"https:\/\/www.hz-hoeren.ch\/en\/wp-json\/wp\/v2\/pages\/778"}],"wp:attachment":[{"href":"https:\/\/www.hz-hoeren.ch\/en\/wp-json\/wp\/v2\/media?parent=1319"}],"curies":[{"name":"wp","href":"https:\/\/api.w.org\/{rel}","templated":true}]}}